{"id":1003,"date":"2016-11-04T03:52:30","date_gmt":"2016-11-04T06:52:30","guid":{"rendered":"http:\/\/jies.cse.udelar.edu.uy\/?page_id=1003"},"modified":"2016-11-04T03:52:30","modified_gmt":"2016-11-04T06:52:30","slug":"objetivos","status":"publish","type":"page","link":"https:\/\/www.cse.udelar.edu.uy\/jies2017\/objetivos\/","title":{"rendered":"Objetivos"},"content":{"rendered":"<div class=\"fusion-fullwidth fullwidth-box fusion-builder-row-1 hundred-percent-fullwidth non-hundred-percent-height-scrolling\" style=\"background-color: rgba(255,255,255,0);background-position: center center;background-repeat: no-repeat;padding-top:0px;padding-right:0px;padding-bottom:0px;padding-left:0px;margin-bottom: 0px;margin-top: 0px;border-width: 0px 0px 0px 0px;border-color:#eaeaea;border-style:solid;\" ><div class=\"fusion-builder-row fusion-row\"><div class=\"fusion-layout-column fusion_builder_column fusion-builder-column-0 fusion_builder_column_1_1 1_1 fusion-one-full fusion-column-first fusion-column-last fusion-column-no-min-height\" style=\"margin-top:0px;margin-bottom:0px;\"><div class=\"fusion-column-wrapper fusion-flex-column-wrapper-legacy\" style=\"background-position:left top;background-repeat:no-repeat;-webkit-background-size:cover;-moz-background-size:cover;-o-background-size:cover;background-size:cover;padding: 0px 0px 0px 0px;\"><div class=\"imageframe-align-center\"><div class=\"fusion-image-frame-bottomshadow image-frame-shadow-1\"><style>.fusion-image-frame-bottomshadow.image-frame-shadow-1{display:inline-block}.element-bottomshadow.imageframe-1:before, .element-bottomshadow.imageframe-1:after{-webkit-box-shadow: 0 17px 10px rgba(25,25,25,0.4);box-shadow: 0 17px 10px rgba(25,25,25,0.4);}<\/style><span class=\" fusion-imageframe imageframe-bottomshadow imageframe-1 element-bottomshadow hover-type-none\"><img width=\"1500\" image_height=\"354\" image_id=\"1070\" title=\"jies3\" src=\"http:\/\/www.cse.udelar.edu.uy\/jies2017\/wp-content\/uploads\/sites\/5\/2016\/11\/jies3.jpg\" class=\"img-responsive wp-image-1070\" srcset=\"https:\/\/www.cse.udelar.edu.uy\/jies2017\/wp-content\/uploads\/sites\/5\/2016\/11\/jies3-200x47.jpg 200w, https:\/\/www.cse.udelar.edu.uy\/jies2017\/wp-content\/uploads\/sites\/5\/2016\/11\/jies3-400x94.jpg 400w, https:\/\/www.cse.udelar.edu.uy\/jies2017\/wp-content\/uploads\/sites\/5\/2016\/11\/jies3-600x142.jpg 600w, https:\/\/www.cse.udelar.edu.uy\/jies2017\/wp-content\/uploads\/sites\/5\/2016\/11\/jies3-800x189.jpg 800w, https:\/\/www.cse.udelar.edu.uy\/jies2017\/wp-content\/uploads\/sites\/5\/2016\/11\/jies3-1200x283.jpg 1200w, https:\/\/www.cse.udelar.edu.uy\/jies2017\/wp-content\/uploads\/sites\/5\/2016\/11\/jies3.jpg 1500w\" sizes=\"(max-width: 800px) 100vw, 1500px\" \/><\/span><\/div><\/div><div class=\"fusion-sep-clear\"><\/div><div class=\"fusion-separator fusion-full-width-sep\" style=\"margin-left: auto;margin-right: auto;margin-top:10px;width:100%;\"><\/div><div class=\"fusion-sep-clear\"><\/div><div class=\"fusion-text fusion-text-1\"><p>Promover la acumulaci\u00f3n de conocimiento y el fortalecimiento del campo de la educaci\u00f3n superior en el Uruguay.<br \/>\nEstimular el intercambio y la confluencia de perspectivas, tem\u00e1ticas, formas de abordaje y producciones con perspectiva regional.<br \/>\nIdentificar \u00e1reas de acumulaci\u00f3n inicial y tem\u00e1ticas relevantes ausentes en la agenda de investigaci\u00f3n.<\/p>\n<\/div><div class=\"fusion-clearfix\"><\/div><\/div><\/div><\/div><style type=\"text\/css\">.fusion-fullwidth.fusion-builder-row-1 { overflow:visible; }<\/style><\/div>\n","protected":false},"excerpt":{"rendered":"","protected":false},"author":2,"featured_media":0,"parent":0,"menu_order":0,"comment_status":"closed","ping_status":"closed","template":"","meta":[],"_links":{"self":[{"href":"https:\/\/www.cse.udelar.edu.uy\/jies2017\/wp-json\/wp\/v2\/pages\/1003"}],"collection":[{"href":"https:\/\/www.cse.udelar.edu.uy\/jies2017\/wp-json\/wp\/v2\/pages"}],"about":[{"href":"https:\/\/www.cse.udelar.edu.uy\/jies2017\/wp-json\/wp\/v2\/types\/page"}],"author":[{"embeddable":true,"href":"https:\/\/www.cse.udelar.edu.uy\/jies2017\/wp-json\/wp\/v2\/users\/2"}],"replies":[{"embeddable":true,"href":"https:\/\/www.cse.udelar.edu.uy\/jies2017\/wp-json\/wp\/v2\/comments?post=1003"}],"version-history":[{"count":0,"href":"https:\/\/www.cse.udelar.edu.uy\/jies2017\/wp-json\/wp\/v2\/pages\/1003\/revisions"}],"wp:attachment":[{"href":"https:\/\/www.cse.udelar.edu.uy\/jies2017\/wp-json\/wp\/v2\/media?parent=1003"}],"curies":[{"name":"wp","href":"https:\/\/api.w.org\/{rel}","templated":true}]}}