{"id":1102,"date":"2016-12-13T11:16:30","date_gmt":"2016-12-13T14:16:30","guid":{"rendered":"http:\/\/jies.cse.udelar.edu.uy\/?page_id=1102"},"modified":"2016-12-13T11:16:30","modified_gmt":"2016-12-13T14:16:30","slug":"inscripciones","status":"publish","type":"page","link":"https:\/\/www.cse.udelar.edu.uy\/jies2017\/inscripciones\/","title":{"rendered":"Inscripciones"},"content":{"rendered":"<div class=\"fusion-fullwidth fullwidth-box fusion-builder-row-1 hundred-percent-fullwidth non-hundred-percent-height-scrolling\" style=\"background-color: rgba(255,255,255,0);background-position: center center;background-repeat: no-repeat;padding-top:0px;padding-right:0px;padding-bottom:0px;padding-left:0px;margin-bottom: 0px;margin-top: 0px;border-width: 0px 0px 0px 0px;border-color:#eaeaea;border-style:solid;\" ><div class=\"fusion-builder-row fusion-row\"><div class=\"fusion-layout-column fusion_builder_column fusion-builder-column-0 fusion_builder_column_1_1 1_1 fusion-one-full fusion-column-first fusion-column-last fusion-column-no-min-height\" style=\"margin-top:0px;margin-bottom:0px;\"><div class=\"fusion-column-wrapper fusion-flex-column-wrapper-legacy\" style=\"background-position:left top;background-repeat:no-repeat;-webkit-background-size:cover;-moz-background-size:cover;-o-background-size:cover;background-size:cover;padding: 0px 0px 0px 0px;\"><div class=\"imageframe-align-center\"><div class=\"fusion-image-frame-bottomshadow image-frame-shadow-1\"><style>.fusion-image-frame-bottomshadow.image-frame-shadow-1{display:inline-block}.element-bottomshadow.imageframe-1:before, .element-bottomshadow.imageframe-1:after{-webkit-box-shadow: 0 17px 10px rgba(25,25,25,0.4);box-shadow: 0 17px 10px rgba(25,25,25,0.4);}<\/style><span class=\" fusion-imageframe imageframe-bottomshadow imageframe-1 element-bottomshadow hover-type-none\"><img width=\"1500\" image_height=\"354\" image_id=\"1103\" title=\"jies_inscripciones\" src=\"http:\/\/www.cse.udelar.edu.uy\/jies2017\/wp-content\/uploads\/sites\/5\/2016\/12\/jies_inscripciones.jpg\" class=\"img-responsive wp-image-1103\" srcset=\"https:\/\/www.cse.udelar.edu.uy\/jies2017\/wp-content\/uploads\/sites\/5\/2016\/12\/jies_inscripciones-200x47.jpg 200w, https:\/\/www.cse.udelar.edu.uy\/jies2017\/wp-content\/uploads\/sites\/5\/2016\/12\/jies_inscripciones-400x94.jpg 400w, https:\/\/www.cse.udelar.edu.uy\/jies2017\/wp-content\/uploads\/sites\/5\/2016\/12\/jies_inscripciones-600x142.jpg 600w, https:\/\/www.cse.udelar.edu.uy\/jies2017\/wp-content\/uploads\/sites\/5\/2016\/12\/jies_inscripciones-800x189.jpg 800w, https:\/\/www.cse.udelar.edu.uy\/jies2017\/wp-content\/uploads\/sites\/5\/2016\/12\/jies_inscripciones-1200x283.jpg 1200w, https:\/\/www.cse.udelar.edu.uy\/jies2017\/wp-content\/uploads\/sites\/5\/2016\/12\/jies_inscripciones.jpg 1500w\" sizes=\"(max-width: 800px) 100vw, 1500px\" \/><\/span><\/div><\/div><div class=\"fusion-sep-clear\"><\/div><div class=\"fusion-separator fusion-full-width-sep\" style=\"margin-left: auto;margin-right: auto;margin-top:10px;width:100%;\"><\/div><div class=\"fusion-sep-clear\"><\/div><div class=\"fusion-text fusion-text-1\"><p style=\"text-align: center\">\n<p style=\"text-align: center\">La inscripci\u00f3n se realizan\u00a0a trav\u00e9s de la siguiente direcci\u00f3n: <a href=\"http:\/\/jies.cse.udelar.edu.uy\/\">http:\/\/conferencias.cse.udelar.edu.uy\/<\/a><\/p>\n<p style=\"text-align: center\"><div class=\"fusion-align-block\"><style type=\"text\/css\">.fusion-button.button-1 {border-radius:2px;}<\/style><a class=\"fusion-button button-flat fusion-button-default-size button-default button-1 fusion-button-default-span fusion-button-default-type\" target=\"_self\" href=\"http:\/\/conferencias.cse.udelar.edu.uy\"><span class=\"fusion-button-text\">Inscribirse y\/o enviar resumen<\/span><\/a><\/div><\/p>\n<p style=\"text-align: left\">Habr\u00e1 beneficios por pago anticipado, as\u00ed como para docentes de Udelar y de ANEP que presenten trabajos y estudiantes de grado de ANEP y Udelar seg\u00fan el siguiente detalle:<\/p>\n<p style=\"text-align: center\"><img loading=\"lazy\" class=\"alignnone size-full wp-image-1160\" src=\"http:\/\/www.cse.udelar.edu.uy\/jies2017\/wp-content\/uploads\/sites\/5\/2016\/12\/Captura-de-pantalla-2017-03-09-a-las-20.32.39.png\" alt=\"\" width=\"518\" height=\"565\" srcset=\"https:\/\/www.cse.udelar.edu.uy\/jies2017\/wp-content\/uploads\/sites\/5\/2016\/12\/Captura-de-pantalla-2017-03-09-a-las-20.32.39-200x218.png 200w, https:\/\/www.cse.udelar.edu.uy\/jies2017\/wp-content\/uploads\/sites\/5\/2016\/12\/Captura-de-pantalla-2017-03-09-a-las-20.32.39-275x300.png 275w, https:\/\/www.cse.udelar.edu.uy\/jies2017\/wp-content\/uploads\/sites\/5\/2016\/12\/Captura-de-pantalla-2017-03-09-a-las-20.32.39-400x436.png 400w, https:\/\/www.cse.udelar.edu.uy\/jies2017\/wp-content\/uploads\/sites\/5\/2016\/12\/Captura-de-pantalla-2017-03-09-a-las-20.32.39.png 518w\" sizes=\"(max-width: 518px) 100vw, 518px\" \/><\/p>\n<h4 style=\"text-align: left\">Medios de pago<\/h4>\n<ul>\n<li><strong>Para participantes locales: <\/strong><\/li>\n<\/ul>\n<p><strong>Dep\u00f3sito en cuenta del Banco Rep\u00fablica Oriental del Uruguay <\/strong>Cuenta Corriente en pesos N\u00b0: 179-0032064 a nombre de FUNDACIBA<\/p>\n<p>Los dep\u00f3sitos se pueden efectuar:<\/p>\n<ol>\n<li>Dirigi\u00e9ndose a cualquier sucursal del BROU, cajero o buzonera del mismo<\/li>\n<li>Dirigi\u00e9ndose a los locales de RedPagos y Abitab de todo el Pa\u00eds<\/li>\n<li>Mediante transferencia directamente desde su cuenta en el portal web del BROU &#8211; Clic aqu\u00ed: <a href=\"https:\/\/www.canales.brou.com.uy\/eBanking\/seguridad\/loginFlow.htm?execution=e2s1&amp;bhcp=1\">https:\/\/www.canales.brou.com.uy\/eBanking\/seguridad\/loginFlow.htm?execution=e2s1&amp;bhcp=1<\/a>)<\/li>\n<\/ol>\n<ul>\n<li><strong>Para participantes extranjeros:<\/strong><\/li>\n<\/ul>\n<p><strong>Pago con tarjeta de cr\u00e9dito a trav\u00e9s del sistema PayPal<\/strong>, que ser\u00e1 habilitado oportunamente.<\/p>\n<p>&nbsp;<\/p>\n<p><!--Currency Converter widget by FreeCurrencyRates.com --><\/p>\n<div id=\"gcw_mainFYTDphVnF\" class=\"gcw_mainFYTDphVnF\"><\/div>\n<p><a id=\"gcw_siteFYTDphVnF\" href=\"https:\/\/freecurrencyrates.com\/en\/\">FreeCurrencyRates.com<\/a><br \/>\nfunction reloadFYTDphVnF(){ var sc = document.getElementById(&#8216;scFYTDphVnF&#8217;);if (sc) sc.parentNode.removeChild(sc);sc = document.createElement(&#8216;script&#8217;);sc.type = &#8216;text\/javascript&#8217;;sc.charset = &#8216;UTF-8&#8242;;sc.async = true;sc.id=&#8217;scFYTDphVnF&#8217;;sc.src = &#8216;https:\/\/freecurrencyrates.com\/es\/widget-vertical?iso=UYUARSBRLEURUSD&amp;df=2&amp;p=FYTDphVnF&amp;v=fits&amp;source=fcr&amp;width=245&amp;width_title=0&amp;firstrowvalue=1&amp;thm=dddddd,ffffff,dddddd,dddddd,444444,dddddd,ffffff,0073EA,000000&amp;title=Convertidor%20de%20Moneda%20(valores%20aproxiamdos)&amp;tzo=180&#8217;;var div = document.getElementById(&#8216;gcw_mainFYTDphVnF&#8217;);div.parentNode.insertBefore(sc, div);} reloadFYTDphVnF();<br \/>\n<!-- put custom styles here: .gcw_mainFYTDphVnF{}, .gcw_headerFYTDphVnF{}, .gcw_ratesFYTDphVnF{}, .gcw_sourceFYTDphVnF{} --><br \/>\n<!--End of Currency Converter widget by FreeCurrencyRates.com --><\/p>\n<\/div><div class=\"fusion-clearfix\"><\/div><\/div><\/div><\/div><style type=\"text\/css\">.fusion-fullwidth.fusion-builder-row-1 { overflow:visible; }<\/style><\/div>\n","protected":false},"excerpt":{"rendered":"","protected":false},"author":2,"featured_media":0,"parent":0,"menu_order":0,"comment_status":"closed","ping_status":"closed","template":"","meta":[],"_links":{"self":[{"href":"https:\/\/www.cse.udelar.edu.uy\/jies2017\/wp-json\/wp\/v2\/pages\/1102"}],"collection":[{"href":"https:\/\/www.cse.udelar.edu.uy\/jies2017\/wp-json\/wp\/v2\/pages"}],"about":[{"href":"https:\/\/www.cse.udelar.edu.uy\/jies2017\/wp-json\/wp\/v2\/types\/page"}],"author":[{"embeddable":true,"href":"https:\/\/www.cse.udelar.edu.uy\/jies2017\/wp-json\/wp\/v2\/users\/2"}],"replies":[{"embeddable":true,"href":"https:\/\/www.cse.udelar.edu.uy\/jies2017\/wp-json\/wp\/v2\/comments?post=1102"}],"version-history":[{"count":0,"href":"https:\/\/www.cse.udelar.edu.uy\/jies2017\/wp-json\/wp\/v2\/pages\/1102\/revisions"}],"wp:attachment":[{"href":"https:\/\/www.cse.udelar.edu.uy\/jies2017\/wp-json\/wp\/v2\/media?parent=1102"}],"curies":[{"name":"wp","href":"https:\/\/api.w.org\/{rel}","templated":true}]}}