{"id":166,"date":"2019-09-25T16:28:44","date_gmt":"2019-09-25T14:28:44","guid":{"rendered":"https:\/\/www.cse.udelar.edu.uy\/jies2020\/?page_id=166"},"modified":"2021-06-12T00:48:09","modified_gmt":"2021-06-11T22:48:09","slug":"resumenes","status":"publish","type":"page","link":"https:\/\/www.cse.udelar.edu.uy\/jies2020\/resumenes\/","title":{"rendered":"Llamado a Res\u00famenes"},"content":{"rendered":"\n<h4><strong>Pauta para la presentaci\u00f3n de res\u00famenes <\/strong><\/h4>\n\n\n\n<p>Existir\u00e1n dos modalidades de presentaci\u00f3n: oral y p\u00f3ster.<\/p>\n\n\n\n<p>Se convoca a la presentaci\u00f3n de investigaciones culminadas o con un importante grado de avance, que no hayan sido publicadas ni expuestas en otros eventos nacionales. Los principales ejes tem\u00e1ticos que abordar\u00e1n las comunicaciones o p\u00f3steres son los siguientes:<\/p>\n\n\n\n<ol><li>Educaci\u00f3n superior, pol\u00edtica y sociedad<\/li><li>Transformaci\u00f3n de la ense\u00f1anza<\/li><li>Posgrados y Educaci\u00f3n Permanente<\/li><li>Ciencia, Tecnolog\u00eda y Sociedad<\/li><li>Educaci\u00f3n superior y trabajo<\/li><li>Sujetos contempor\u00e1neos, aprendizaje y comunicaci\u00f3n<\/li><li>Articulaci\u00f3n de funciones universitarias<\/li><li>Profesi\u00f3n acad\u00e9mica y desarrollo profesional docente<\/li><li>Articulaci\u00f3n y cooperaci\u00f3n interinstitucional de la educaci\u00f3n<\/li><li>Inclusi\u00f3n, diversidad cultural, derechos humanos y g\u00e9nero<\/li><li>Evaluaci\u00f3n y acreditaci\u00f3n universitaria<\/li><li>Internacionalizaci\u00f3n, movilidad y reconocimiento de formaciones<\/li><li>Educaci\u00f3n superior en contexto de pandemia<\/li><\/ol>\n\n\n\n<p>El resumen deber\u00e1 elaborarse en espa\u00f1ol o portugu\u00e9s.<\/p>\n\n\n\n<p>No podr\u00e1 exceder las 500 palabras, debi\u00e9ndose incluir al menos tres palabras claves y bibliograf\u00eda. Los res\u00famenes deber\u00e1n ser enviados a trav\u00e9s del formulario online disponible en la p\u00e1gina web del evento.<\/p>\n\n\n\n<p>Al enviar el resumen se deber\u00e1 indicar la preferencia de los autores por la modalidad a exponer (oral, p\u00f3ster). No obstante, el Comit\u00e9 Acad\u00e9mico podr\u00e1 decidir un formato de presentaci\u00f3n diferente al elegido por el\/los autor\/es.<\/p>\n\n\n\n<p><strong>El resumen debe contener la siguiente informaci\u00f3n: <\/strong><\/p>\n\n\n\n<ul><li>a. T\u00edtulo de la ponencia y Eje tem\u00e1tico.<\/li><li>b. Autor\/es. Nombre y apellidos del\/os autor\/es. Se permite un m\u00e1ximo de cinco autores por trabajo. Se subrayar\u00e1 el nombre del autor que presente el trabajo y se incluir\u00e1 un correo electr\u00f3nico de referencia.<\/li><li>c. Pertenencia institucional. Indicar la instituci\u00f3n de pertenencia.<\/li><li>d. Modalidad de preferencia. Comunicaci\u00f3n oral o p\u00f3ster.<\/li><li>e. Bibliograf\u00eda. M\u00e1ximo tres autores. Las citas y bibliograf\u00eda deben ser acorde a las normas American Psichological Associations (APA).<\/li><\/ul>\n\n\n\n<p><strong>Cada persona podr\u00e1 presentar hasta dos trabajos en total, en cualquier modalidad. <\/strong><\/p>\n\n\n\n<h4><strong>Sobre la aceptaci\u00f3n de los trabajos <\/strong><\/h4>\n\n\n\n<p>Los trabajos ser\u00e1n considerados por el Comit\u00e9 Evaluador de las Jornadas y se someter\u00e1n a arbitraje de dos revisores, los cuales podr\u00e1n decidir aceptar o rechazar la contribuci\u00f3n. La aceptaci\u00f3n final podr\u00e1 estar sujeta a modificaciones sugeridas por los evaluadores, las cuales deber\u00e1n realizarse en el plazo m\u00e1ximo de una semana.<\/p>\n\n\n\n<p>Se notificar\u00e1 por correo electr\u00f3nico el resultado de la evaluaci\u00f3n al autor principal, 15 d\u00edas despu\u00e9s de la fecha l\u00edmite de presentaci\u00f3n.<\/p>\n\n\n\n<p>Para que el resumen propuesto sea incluido en el libro de res\u00famenes y que los autores reciban la correspondiente acreditaci\u00f3n, el trabajo deber\u00e1 ser aceptado y presentado durante las Jornadas de acuerdo al calendario de las mismas.<\/p>\n\n\n\n<p><p>No ser\u00e1n considerados para la evaluaci\u00f3n los trabajos (res\u00famenes o trabajos completos) que no cumplan las especificaciones, de presentaci\u00f3n, de extensi\u00f3n o de formato; que no establezcan con claridad el \u00e1rea tem\u00e1tica en la cual desean ser incluidos; que constituyan relatos no sistematizados de experiencias educativas, propuestas de desarrollo o de formaci\u00f3n<\/p><\/p>\n\n\n\n<p><strong>PLAZO ESPECIAL:<br>Para aquellos autores que deseen enviar un nuevo trabajo (Resumen), lo deber\u00e1n enviar directo como \u00abResumen Extendido\u00bb con sus bases correspondientes.<\/strong><br>Ver bases en: <a href=\"https:\/\/www.cse.udelar.edu.uy\/jies2020\/resumenes-extendidos\/\">https:\/\/www.cse.udelar.edu.uy\/jies2020\/resumenes-extendidos\/<\/a><\/p>\n\n\n\n<p><strong>1\u00b0 de marzo al 6 de abril de 2021:<\/strong><br>Presentaci\u00f3n de res\u00famenes extendidos o&nbsp;<strong>nuevos trabajos<\/strong>.<\/p>\n\n\n\n<p> <p style=\"text-align: center\"><\/p>\n\n\n\n\n\n<p><\/p>\n","protected":false},"excerpt":{"rendered":"<p>Pauta para la presentaci\u00f3n de res\u00famenes Existir\u00e1n dos modalidades de presentaci\u00f3n: oral y p\u00f3ster. Se convoca a la presentaci\u00f3n de investigaciones culminadas o con un importante grado de avance, que no hayan sido publicadas ni expuestas en otros eventos nacionales. Los principales ejes tem\u00e1ticos que abordar\u00e1n las comunicaciones o p\u00f3steres son los siguientes: Educaci\u00f3n superior, pol\u00edtica y sociedad Transformaci\u00f3n de la ense\u00f1anza Posgrados y Educaci\u00f3n Permanente Ciencia, Tecnolog\u00eda y Sociedad Educaci\u00f3n superior y trabajo Sujetos contempor\u00e1neos, aprendizaje y comunicaci\u00f3n Articulaci\u00f3n &#8230; <\/p>\n<p class=\"read-more-container\"><a title=\"Llamado a Res\u00famenes\" class=\"read-more button\" href=\"https:\/\/www.cse.udelar.edu.uy\/jies2020\/resumenes\/#more-166\">Read More<span class=\"screen-reader-text\">Llamado a Res\u00famenes<\/span><\/a><\/p>\n","protected":false},"author":10,"featured_media":0,"parent":0,"menu_order":0,"comment_status":"closed","ping_status":"closed","template":"","meta":[],"_links":{"self":[{"href":"https:\/\/www.cse.udelar.edu.uy\/jies2020\/wp-json\/wp\/v2\/pages\/166"}],"collection":[{"href":"https:\/\/www.cse.udelar.edu.uy\/jies2020\/wp-json\/wp\/v2\/pages"}],"about":[{"href":"https:\/\/www.cse.udelar.edu.uy\/jies2020\/wp-json\/wp\/v2\/types\/page"}],"author":[{"embeddable":true,"href":"https:\/\/www.cse.udelar.edu.uy\/jies2020\/wp-json\/wp\/v2\/users\/10"}],"replies":[{"embeddable":true,"href":"https:\/\/www.cse.udelar.edu.uy\/jies2020\/wp-json\/wp\/v2\/comments?post=166"}],"version-history":[{"count":12,"href":"https:\/\/www.cse.udelar.edu.uy\/jies2020\/wp-json\/wp\/v2\/pages\/166\/revisions"}],"predecessor-version":[{"id":344,"href":"https:\/\/www.cse.udelar.edu.uy\/jies2020\/wp-json\/wp\/v2\/pages\/166\/revisions\/344"}],"wp:attachment":[{"href":"https:\/\/www.cse.udelar.edu.uy\/jies2020\/wp-json\/wp\/v2\/media?parent=166"}],"curies":[{"name":"wp","href":"https:\/\/api.w.org\/{rel}","templated":true}]}}