{"id":237,"date":"2019-12-19T06:34:55","date_gmt":"2019-12-19T05:34:55","guid":{"rendered":"https:\/\/www.cse.udelar.edu.uy\/jies2020\/?page_id=237"},"modified":"2021-10-28T17:34:33","modified_gmt":"2021-10-28T15:34:33","slug":"conferencistas","status":"publish","type":"page","link":"https:\/\/www.cse.udelar.edu.uy\/jies2020\/conferencistas\/","title":{"rendered":"Conferencistas"},"content":{"rendered":"\t\t<div data-elementor-type=\"wp-page\" data-elementor-id=\"237\" class=\"elementor elementor-237\" data-elementor-settings=\"[]\">\n\t\t\t\t\t\t<div class=\"elementor-inner\">\n\t\t\t\t\t\t\t<div class=\"elementor-section-wrap\">\n\t\t\t\t\t\t\t<section class=\"elementor-section elementor-top-section elementor-element elementor-element-58258fee elementor-section-boxed elementor-section-height-default elementor-section-height-default\" data-id=\"58258fee\" data-element_type=\"section\">\n\t\t\t\t\t\t<div class=\"elementor-container elementor-column-gap-default\">\n\t\t\t\t\t\t\t<div class=\"elementor-row\">\n\t\t\t\t\t<div class=\"elementor-column elementor-col-100 elementor-top-column elementor-element elementor-element-1969e07a\" data-id=\"1969e07a\" data-element_type=\"column\">\n\t\t\t<div class=\"elementor-column-wrap elementor-element-populated\">\n\t\t\t\t\t\t\t<div class=\"elementor-widget-wrap\">\n\t\t\t\t\t\t<div class=\"elementor-element elementor-element-7a7620b0 elementor-widget elementor-widget-text-editor\" data-id=\"7a7620b0\" data-element_type=\"widget\" data-widget_type=\"text-editor.default\">\n\t\t\t\t<div class=\"elementor-widget-container\">\n\t\t\t\t\t<div class=\"elementor-text-editor elementor-clearfix\"><p style=\"text-align: center;\"><img loading=\"lazy\" src=\"https:\/\/www.cse.udelar.edu.uy\/jies2020\/wp-content\/uploads\/sites\/13\/2019\/12\/ra.png\" alt=\"\" width=\"300\" height=\"300\" \/><\/p><h3 style=\"text-align: center;\">Reformar las Universidades para afrontar los desaf\u00edos globales desde la generalizaci\u00f3n de la Educaci\u00f3n Superior<\/h3><p><strong>Rodrigo Arocena<\/strong> es Doctor en Matem\u00e1tica y Doctor en Estudios del Desarrollo, t\u00edtulos otorgados por la Universidad Central de Venezuela. Se desempe\u00f1\u00f3 como Rector de la Universidad de la Rep\u00fablica (Udelar) del Uruguay en dos per\u00edodos. Como matem\u00e1tico, lleg\u00f3 a ser Profesor Titular del Centro de Matem\u00e1tica de la Facultad de Ciencias de Udelar e Investigador Titular del Programa de Desarrollo de las Ciencias B\u00e1sicas. En la misma Facultad de Ciencias cre\u00f3 la Unidad de Ciencia y Desarrollo de la que es Profesor Titular desde 1994. En el campo de la investigaci\u00f3n en ciencias sociales, sus principales trabajos se refieren a la problem\u00e1tica de la innovaci\u00f3n en el subdesarrollo, a la evoluci\u00f3n de la ense\u00f1anza superior en Am\u00e9rica Latina, a la contribuci\u00f3n de las universidades al desarrollo integral, y a las relaciones de la investigaci\u00f3n y la innovaci\u00f3n con la inclusi\u00f3n social. Tambi\u00e9n ha trabajado durante m\u00e1s de veinte a\u00f1os en temas de prospectiva.<\/p><p><img loading=\"lazy\" class=\"aligncenter wp-image-466 size-thumbnail\" src=\"https:\/\/www.cse.udelar.edu.uy\/jies2020\/wp-content\/uploads\/sites\/13\/2021\/10\/Captura-de-Pantalla-2021-10-26-a-las-12.01.12-150x150.jpg\" alt=\"\" width=\"150\" height=\"150\" \/><\/p><p style=\"text-align: center;\"><a href=\"https:\/\/www.cse.udelar.edu.uy\/jies2020\/wp-content\/uploads\/sites\/13\/2021\/10\/cuadernillo_13_el_ideal_Arocena.pdf\" target=\"_blank\" rel=\"noopener\">Descargar libro \u00abEl ideal latinoamericano de universidad y la realidad del siglo XXI\u00bb<\/a><\/p><p style=\"text-align: center;\"><img loading=\"lazy\" src=\"https:\/\/www.cse.udelar.edu.uy\/jies2020\/wp-content\/uploads\/sites\/13\/2019\/12\/ad.png\" alt=\"\" width=\"300\" height=\"300\" \/><\/p><h3 style=\"text-align: center;\">Tendencias comparadas internacionales y de Am\u00e9rica Latina: casos cr\u00edticos; entre el Estado y la mercantilizaci\u00f3n de la Educaci\u00f3n Superior<\/h3><p><strong>Axel Didriksson<\/strong> es Doctor en Econom\u00eda, Maestro en Estudios Latinoamericanos y Licenciado en Sociolog\u00eda (UNAM). Investigador titular de tiempo completo y definitivo de la UNAM, adscrito al Instituto de Investigaciones sobre la Universidad y la Educaci\u00f3n (IISUE).\u00a0 Director del Centro de Estudios sobre la Universidad (CESU). Coordinador de la C\u00e1tedra UNESCO \u201cUniversidad e Integraci\u00f3n Regional\u201d (desde 1995 a la fecha). Consultor del Instituto de la UNESCO para la Educaci\u00f3n, Superior de Am\u00e9rica Latina y el Caribe (IESALC-UNESCO, desde 1995 a la fecha). Miembro de la Academia Mexicana de Ciencias. Fundador y Coordinador de la Red de Macrouniversidades P\u00fablicas de Am\u00e9rica Latina y el Caribe (2004-2006). Creador del modelo acad\u00e9mico y curricular de la Universidad de la Ci\u00e9nega de Michoac\u00e1n. Asesor acad\u00e9mico en temas de planeaci\u00f3n y prospectiva.<\/p><p style=\"text-align: center;\"><img loading=\"lazy\" src=\"https:\/\/www.cse.udelar.edu.uy\/jies2020\/wp-content\/uploads\/sites\/13\/2021\/09\/mariana_maggio.jpg\" alt=\"\" width=\"300\" height=\"467\" \/><\/p><h3 style=\"text-align: center;\">Lecciones aprendidas en la experiencia de generalizaci\u00f3n de la ense\u00f1anza virtual y adopci\u00f3n de nuevas pol\u00edticas institucionales de innovaci\u00f3n educativa<\/h3><div><div dir=\"auto\" style=\"text-align: start;\"><strong>Mariana Maggio<\/strong> es Doctora en Educaci\u00f3n (UBA, Argentina). Es profesora adjunta regular del \u00c1rea de Tecnolog\u00eda Educativa (Facultad de Filosof\u00eda y Letras, UBA). Es adem\u00e1s directora de la Maestr\u00eda y Carrera de Especializaci\u00f3n en Tecnolog\u00eda Educativa de la Facultad de Filosof\u00eda y Letras (UBA). La Dra. Maggio dirige el proyecto de investigaci\u00f3n: \u201cLas pr\u00e1cticas de la ense\u00f1anza recreadas en los escenarios de alta disposici\u00f3n tecnol\u00f3gica\u201d (UBA) y es responsable de Programas Acad\u00e9micos para Microsoft Latinoam\u00e9rica.<\/div><div dir=\"auto\">\u00a0<\/div><\/div><div dir=\"auto\" style=\"text-align: center;\"><a href=\"https:\/\/revistas.unc.edu.ar\/index.php\/integracionyconocimiento\/article\/view\/34097\" target=\"_blank\" rel=\"noopener\">Ense\u00f1ar en la universidad. Pandemia\u2026 y despu\u00e9s<\/a><\/div><\/div>\n\t\t\t\t<\/div>\n\t\t\t\t<\/div>\n\t\t\t\t\t\t<\/div>\n\t\t\t\t\t<\/div>\n\t\t<\/div>\n\t\t\t\t\t\t\t\t<\/div>\n\t\t\t\t\t<\/div>\n\t\t<\/section>\n\t\t\t\t\t\t<\/div>\n\t\t\t\t\t\t<\/div>\n\t\t\t\t\t<\/div>\n\t\t","protected":false},"excerpt":{"rendered":"<p>Reformar las Universidades para afrontar los desaf\u00edos globales desde la generalizaci\u00f3n de la Educaci\u00f3n Superior Rodrigo Arocena es Doctor en Matem\u00e1tica y Doctor en Estudios del Desarrollo, t\u00edtulos otorgados por la Universidad Central de Venezuela. Se desempe\u00f1\u00f3 como Rector de la Universidad de la Rep\u00fablica (Udelar) del Uruguay en dos per\u00edodos. Como matem\u00e1tico, lleg\u00f3 a ser Profesor Titular del Centro de Matem\u00e1tica de la Facultad de Ciencias de Udelar e Investigador Titular del Programa de Desarrollo de las Ciencias B\u00e1sicas. &#8230; <\/p>\n<p class=\"read-more-container\"><a title=\"Conferencistas\" class=\"read-more button\" href=\"https:\/\/www.cse.udelar.edu.uy\/jies2020\/conferencistas\/#more-237\">Read More<span class=\"screen-reader-text\">Conferencistas<\/span><\/a><\/p>\n","protected":false},"author":2,"featured_media":0,"parent":0,"menu_order":0,"comment_status":"closed","ping_status":"closed","template":"","meta":[],"_links":{"self":[{"href":"https:\/\/www.cse.udelar.edu.uy\/jies2020\/wp-json\/wp\/v2\/pages\/237"}],"collection":[{"href":"https:\/\/www.cse.udelar.edu.uy\/jies2020\/wp-json\/wp\/v2\/pages"}],"about":[{"href":"https:\/\/www.cse.udelar.edu.uy\/jies2020\/wp-json\/wp\/v2\/types\/page"}],"author":[{"embeddable":true,"href":"https:\/\/www.cse.udelar.edu.uy\/jies2020\/wp-json\/wp\/v2\/users\/2"}],"replies":[{"embeddable":true,"href":"https:\/\/www.cse.udelar.edu.uy\/jies2020\/wp-json\/wp\/v2\/comments?post=237"}],"version-history":[{"count":17,"href":"https:\/\/www.cse.udelar.edu.uy\/jies2020\/wp-json\/wp\/v2\/pages\/237\/revisions"}],"predecessor-version":[{"id":489,"href":"https:\/\/www.cse.udelar.edu.uy\/jies2020\/wp-json\/wp\/v2\/pages\/237\/revisions\/489"}],"wp:attachment":[{"href":"https:\/\/www.cse.udelar.edu.uy\/jies2020\/wp-json\/wp\/v2\/media?parent=237"}],"curies":[{"name":"wp","href":"https:\/\/api.w.org\/{rel}","templated":true}]}}