{"id":261,"date":"2020-02-03T14:42:04","date_gmt":"2020-02-03T13:42:04","guid":{"rendered":"https:\/\/www.cse.udelar.edu.uy\/jies2020\/?page_id=261"},"modified":"2021-06-12T00:48:23","modified_gmt":"2021-06-11T22:48:23","slug":"resumenes-extendidos","status":"publish","type":"page","link":"https:\/\/www.cse.udelar.edu.uy\/jies2020\/resumenes-extendidos\/","title":{"rendered":"Llamado a Res\u00famenes Extendidos"},"content":{"rendered":"\n<h4><strong>Pautas<\/strong><\/h4>\n\n\n\n<p>En cualquiera de las dos modalidades, oral o p\u00f3ster, el resumen extendido se elaborar\u00e1 en espa\u00f1ol o en portugu\u00e9s.<\/p>\n\n\n\n<p>No podr\u00e1 exceder las 1000 palabras, incluyendo bibliograf\u00eda.<\/p>\n\n\n\n<p>Si las hubiera, se deber\u00e1n atender las observaciones hechas por los evaluadores en la primera etapa.<\/p>\n\n\n\n<h5><strong>Debe contener la siguiente informaci\u00f3n:<\/strong><\/h5>\n\n\n\n<p>a- T\u00edtulo de la ponencia.<br>b- Eje tem\u00e1tico. Modalidad (la comunicada en la aceptaci\u00f3n del resumen).<br>c- Autores. Nombre y apellido del\/los autor\/es. Se admite un m\u00e1ximo de cinco autores por trabajo. Se subrayar\u00e1 el nombre del autor que presente el trabajo y se incluir\u00e1 un correo electr\u00f3nico de referencia.<br>d- Instituci\u00f3n de pertenencia.<br>e- Palabras claves: entre tres y cinco.<br>f- Bibliograf\u00eda: M\u00e1ximo cinco referencias bibliogr\u00e1ficas, normas APA.<\/p>\n\n\n\n<p class=\"has-text-align-center\"><strong>1\u00b0 de marzo al 6 de abril de 2021:<\/strong><br>presentaci\u00f3n de res\u00famenes extendidos o <span class=\"has-inline-color has-vivid-red-color\"><strong>nuevos trabajos<\/strong>.<\/span> <\/p>\n\n\n\n<h4 class=\"has-text-align-center\"><strong><span class=\"has-inline-color has-black-color\"><a rel=\"noreferrer noopener\" href=\"https:\/\/www.easyplanners.net\/index.php?option=com_rsform&amp;formId=307\" data-type=\"URL\" data-id=\"https:\/\/www.easyplanners.net\/index.php?option=com_rsform&amp;formId=307\" target=\"_blank\">Link de Env\u00edo<\/a>:<\/span><\/strong><span class=\"has-inline-color has-black-color\"><br><em>Plazo Finalizado <\/em><\/span><\/h4>\n\n\n\n<p><\/p>\n","protected":false},"excerpt":{"rendered":"<p>Pautas En cualquiera de las dos modalidades, oral o p\u00f3ster, el resumen extendido se elaborar\u00e1 en espa\u00f1ol o en portugu\u00e9s. No podr\u00e1 exceder las 1000 palabras, incluyendo bibliograf\u00eda. Si las hubiera, se deber\u00e1n atender las observaciones hechas por los evaluadores en la primera etapa. Debe contener la siguiente informaci\u00f3n: a- T\u00edtulo de la ponencia.b- Eje tem\u00e1tico. Modalidad (la comunicada en la aceptaci\u00f3n del resumen).c- Autores. Nombre y apellido del\/los autor\/es. Se admite un m\u00e1ximo de cinco autores por trabajo. Se &#8230; <\/p>\n<p class=\"read-more-container\"><a title=\"Llamado a Res\u00famenes Extendidos\" class=\"read-more button\" href=\"https:\/\/www.cse.udelar.edu.uy\/jies2020\/resumenes-extendidos\/#more-261\">Read More<span class=\"screen-reader-text\">Llamado a Res\u00famenes Extendidos<\/span><\/a><\/p>\n","protected":false},"author":10,"featured_media":0,"parent":0,"menu_order":0,"comment_status":"closed","ping_status":"closed","template":"","meta":[],"_links":{"self":[{"href":"https:\/\/www.cse.udelar.edu.uy\/jies2020\/wp-json\/wp\/v2\/pages\/261"}],"collection":[{"href":"https:\/\/www.cse.udelar.edu.uy\/jies2020\/wp-json\/wp\/v2\/pages"}],"about":[{"href":"https:\/\/www.cse.udelar.edu.uy\/jies2020\/wp-json\/wp\/v2\/types\/page"}],"author":[{"embeddable":true,"href":"https:\/\/www.cse.udelar.edu.uy\/jies2020\/wp-json\/wp\/v2\/users\/10"}],"replies":[{"embeddable":true,"href":"https:\/\/www.cse.udelar.edu.uy\/jies2020\/wp-json\/wp\/v2\/comments?post=261"}],"version-history":[{"count":8,"href":"https:\/\/www.cse.udelar.edu.uy\/jies2020\/wp-json\/wp\/v2\/pages\/261\/revisions"}],"predecessor-version":[{"id":345,"href":"https:\/\/www.cse.udelar.edu.uy\/jies2020\/wp-json\/wp\/v2\/pages\/261\/revisions\/345"}],"wp:attachment":[{"href":"https:\/\/www.cse.udelar.edu.uy\/jies2020\/wp-json\/wp\/v2\/media?parent=261"}],"curies":[{"name":"wp","href":"https:\/\/api.w.org\/{rel}","templated":true}]}}