{"id":420,"date":"2021-10-18T01:25:49","date_gmt":"2021-10-17T23:25:49","guid":{"rendered":"https:\/\/www.cse.udelar.edu.uy\/jies2020\/?page_id=420"},"modified":"2021-10-26T16:56:08","modified_gmt":"2021-10-26T14:56:08","slug":"pautas-generales-para-la-presentacion-de-ponencias-en-las-jies","status":"publish","type":"page","link":"https:\/\/www.cse.udelar.edu.uy\/jies2020\/pautas-generales-para-la-presentacion-de-ponencias-en-las-jies\/","title":{"rendered":"Pautas generales para la presentaci\u00f3n de ponencias En las JIES (ORAL y POSTER)"},"content":{"rendered":"\n<ul><li>El trabajo aprobado para su presentaci\u00f3n ser\u00e1 presentado en la sesi\u00f3n y sala ZOOM correspondientes.<br><\/li><li>La informaci\u00f3n detallada de sesiones y de salas se comunicar\u00e1 por correo electr\u00f3nico al responsable del trabajo. Adem\u00e1s, estar\u00e1 disponible en el programa del evento.<br><\/li><li>Se dispondr\u00e1 de 15 minutos (m\u00e1ximo) para la exposici\u00f3n del trabajo en la sesi\u00f3n, tanto sean comunicaciones orales como p\u00f3steres.<br><\/li><li>En caso de que el trabajo tenga varios autores, ser\u00e1 presentado por uno solo de ellos.<br><\/li><li>El moderador de cada mesa dar\u00e1 el ordenamiento de las presentaciones, y habilitar\u00e1 la funci\u00f3n de compartir pantalla, en caso necesario.<br><\/li><li>Formato de ppt para descargar: <a rel=\"noreferrer noopener\" href=\"https:\/\/www.cse.udelar.edu.uy\/jies2020\/wp-content\/uploads\/sites\/13\/2021\/10\/PPT-JIES.pptx\" target=\"_blank\">https:\/\/www.cse.udelar.edu.uy\/jies2020\/wp-content\/uploads\/sites\/13\/2021\/10\/PPT-JIES.pptx<\/a><\/li><\/ul>\n\n\n\n<hr class=\"wp-block-separator\" \/>\n\n\n\n<p><\/p>\n","protected":false},"excerpt":{"rendered":"<p>El trabajo aprobado para su presentaci\u00f3n ser\u00e1 presentado en la sesi\u00f3n y sala ZOOM correspondientes. La informaci\u00f3n detallada de sesiones y de salas se comunicar\u00e1 por correo electr\u00f3nico al responsable del trabajo. Adem\u00e1s, estar\u00e1 disponible en el programa del evento. Se dispondr\u00e1 de 15 minutos (m\u00e1ximo) para la exposici\u00f3n del trabajo en la sesi\u00f3n, tanto sean comunicaciones orales como p\u00f3steres. En caso de que el trabajo tenga varios autores, ser\u00e1 presentado por uno solo de ellos. El moderador de cada &#8230; <\/p>\n<p class=\"read-more-container\"><a title=\"Pautas generales para la presentaci\u00f3n de ponencias En las JIES (ORAL y POSTER)\" class=\"read-more button\" href=\"https:\/\/www.cse.udelar.edu.uy\/jies2020\/pautas-generales-para-la-presentacion-de-ponencias-en-las-jies\/#more-420\">Read More<span class=\"screen-reader-text\">Pautas generales para la presentaci\u00f3n de ponencias En las JIES (ORAL y POSTER)<\/span><\/a><\/p>\n","protected":false},"author":10,"featured_media":0,"parent":0,"menu_order":0,"comment_status":"closed","ping_status":"closed","template":"","meta":[],"_links":{"self":[{"href":"https:\/\/www.cse.udelar.edu.uy\/jies2020\/wp-json\/wp\/v2\/pages\/420"}],"collection":[{"href":"https:\/\/www.cse.udelar.edu.uy\/jies2020\/wp-json\/wp\/v2\/pages"}],"about":[{"href":"https:\/\/www.cse.udelar.edu.uy\/jies2020\/wp-json\/wp\/v2\/types\/page"}],"author":[{"embeddable":true,"href":"https:\/\/www.cse.udelar.edu.uy\/jies2020\/wp-json\/wp\/v2\/users\/10"}],"replies":[{"embeddable":true,"href":"https:\/\/www.cse.udelar.edu.uy\/jies2020\/wp-json\/wp\/v2\/comments?post=420"}],"version-history":[{"count":3,"href":"https:\/\/www.cse.udelar.edu.uy\/jies2020\/wp-json\/wp\/v2\/pages\/420\/revisions"}],"predecessor-version":[{"id":464,"href":"https:\/\/www.cse.udelar.edu.uy\/jies2020\/wp-json\/wp\/v2\/pages\/420\/revisions\/464"}],"wp:attachment":[{"href":"https:\/\/www.cse.udelar.edu.uy\/jies2020\/wp-json\/wp\/v2\/media?parent=420"}],"curies":[{"name":"wp","href":"https:\/\/api.w.org\/{rel}","templated":true}]}}