{"id":76,"date":"2019-07-10T17:27:53","date_gmt":"2019-07-10T15:27:53","guid":{"rendered":"https:\/\/www.cse.udelar.edu.uy\/jies2020\/?page_id=76"},"modified":"2021-10-25T19:04:26","modified_gmt":"2021-10-25T17:04:26","slug":"registro","status":"publish","type":"page","link":"https:\/\/www.cse.udelar.edu.uy\/jies2020\/registro\/","title":{"rendered":"Registro"},"content":{"rendered":"\n<p><strong>Costos de Inscripci\u00f3n II Jornadas Regionales de Investigaci\u00f3n en Educaci\u00f3n Superior<\/strong><\/p>\n\n\n\n<table class=\"table1\" width=\"44%\">\n<tbody>\n<tr>\n<td bgcolor=\"#9999FF\" width=\"25%\" height=\"20\" style=\"border-style: solid;border-width: 1px\">\n<h3 align=\"center\"><b><br>Categor\u00eda<\/b><\/h3>\n<\/td>\n<td style=\"border-style:solid;border-width:1px;text-align: center\" align=\"center\" bgcolor=\"#9999FF\" width=\"25%\" height=\"20\"><b>A.<br>\nCierre:&nbsp; domingo 24\/10\/2021 &#8211; 23.59hs<\/b><\/td>\n<\/tr>\n<tr>\n<td bgcolor=\"#FF9966\" width=\"25%\" height=\"20\" style=\"border-style: solid;border-width: 1px\"><b>\n1. Presentadores de Comunicaciones (oral y p\u00f3ster)<br>\n&nbsp;<\/b><\/td>\n<td style=\"border-style:solid;border-width:1px;text-align: center\" align=\"center\" width=\"25%\" height=\"20\">\n<b>$ 1.000.-<\/b><\/td>\n<\/tr>\n<tr>\n<td bgcolor=\"#FF9966\" width=\"25%\" height=\"20\" style=\"border-style: solid;border-width: 1px\"><b>\n2. Asistentes Generales<br>\n&nbsp;<\/b><\/td>\n<td style=\"border-style:solid;border-width:1px;text-align: center\" align=\"center\" width=\"25%\" height=\"20\">\n<b>$ 0.-<\/b><\/td>\n<\/tr>\n<\/tbody>\n<\/table>\n\n\n\n<p><strong>Formas de Pago Disponibles:<\/strong><br>Giros ABITAB \/ WESTERN UNION<br>Tarjetas VISA \/ Mastercard<\/p>\n\n\n\n<figure class=\"wp-block-image\"><img loading=\"lazy\" width=\"300\" height=\"53\" src=\"https:\/\/www.cse.udelar.edu.uy\/jies2020\/wp-content\/uploads\/sites\/13\/2019\/07\/pagos.png\" alt=\"\" class=\"wp-image-78\" \/><\/figure>\n\n\n\n<p><strong>Importante:<\/strong><br>Para pagos mediante Giro Abitab o Western Union usted deber\u00e1 abonar antes de llenar el formulario, para as\u00ed poder ingresar su N\u00b0 de Giro o MTCN.&nbsp;<em><a href=\"https:\/\/www.westernunion.com\/us\/es\/what-is-mtcn.html\" target=\"_blank\" rel=\"noreferrer noopener\">\u00bfQu\u00e9 es el MTCN?<\/a><\/em><\/p>\n\n\n\n<p><strong>ABITAB: (Desde Uruguay)<\/strong><br><strong>Cuenta AbitabNet Nro: 2908<\/strong><br>\u00abHola, buen d\u00eda, vengo a relizar un pago en la cuenta AbitabNet n\u00famero 2908. Quiero pagar $uy 1.0000.- mi cedula es #.###.###-#.\u00bb<br>\u00abMuchas gracias, que tenga una buena jornada.\u00bb<\/p>\n\n\n\n<p><strong>WESTERN UNION: (Solo Desde el Extranjero &#8211; Fuera de Uruguay)<br>Giro a cuenta de:<\/strong><br>Nombre: Pablo<br>Apellido: Ferrari Ibarra<br>Ciudad: Montevideo<br>Pa\u00eds: Uruguay<\/p>\n\n\n\n<ul><li><em>Los costos de transferencia deber\u00e1n ser cubiertos por el inscripto.<\/em><\/li><\/ul>\n\n\n\n<p><strong>Si usted ya realiz\u00f3 el pago en Western Union deber\u00e1 enviar el MTCN mediante el siguiente formulario:<br><a href=\"https:\/\/www.easyplanners.net\/index.php?option=com_rsform&amp;formId=324\">https:\/\/www.easyplanners.net\/index.php?option=com_rsform&amp;formId=324<\/a><\/strong><\/p>\n\n\n\n<p><strong>Pol\u00edtica de cancelaci\u00f3n, plazos y condiciones:<\/strong><br>Para cancelar tu asistencia env\u00edanos un correo electr\u00f3nico (<a href=\"mailto:register@easyplanners.com\">register@easyplanners.com<\/a>) antes de 30 d\u00edas del comienzo del congreso.<br>En este caso ser\u00e1 retenido un 30% en concepto de gastos administrativos.<br>En caso de no cancelar la inscripci\u00f3n o hacerlo despu\u00e9s, no ser\u00e1 reembolsado el importe del valor de inscripci\u00f3n.<\/p>\n\n\n\n<p><strong>Nota:<\/strong><br>Esta inscripci\u00f3n ser\u00e1 registrada en forma personalizada, nos pondremos en contacto en no m\u00e1s de 72 hs luego de haber recibido su comunicaci\u00f3n de pago.<br>La inscripci\u00f3n quedar\u00e1 confirmada en el momento que le comuniquen a su mail el n\u00famero de recibo correspondiente.&nbsp;<\/p>\n\n\n\n<h2 class=\"has-text-align-center\"><strong><span class=\"has-inline-color has-black-color\">Formulario de Inscripci\u00f3n:<\/span><br>Fecha de cierre:<\/strong><br><strong><span class=\"has-inline-color has-vivid-red-color\">Domingo 24 de octubre, 2021 &#8211; 23:59 horas.<\/span><\/strong><br><span class=\"has-inline-color has-vivid-red-color\"><\/span><\/h2>\n\n\n\n<hr class=\"wp-block-separator is-style-wide\" \/>\n\n\n\n<p><\/p>\n","protected":false},"excerpt":{"rendered":"<p>Costos de Inscripci\u00f3n II Jornadas Regionales de Investigaci\u00f3n en Educaci\u00f3n Superior Categor\u00eda A. Cierre:&nbsp; domingo 24\/10\/2021 &#8211; 23.59hs 1. Presentadores de Comunicaciones (oral y p\u00f3ster) &nbsp; $ 1.000.- 2. Asistentes Generales &nbsp; $ 0.- Formas de Pago Disponibles:Giros ABITAB \/ WESTERN UNIONTarjetas VISA \/ Mastercard Importante:Para pagos mediante Giro Abitab o Western Union usted deber\u00e1 abonar antes de llenar el formulario, para as\u00ed poder ingresar su N\u00b0 de Giro o MTCN.&nbsp;\u00bfQu\u00e9 es el MTCN? ABITAB: (Desde Uruguay)Cuenta AbitabNet Nro: 2908\u00abHola, &#8230; <\/p>\n<p class=\"read-more-container\"><a title=\"Registro\" class=\"read-more button\" href=\"https:\/\/www.cse.udelar.edu.uy\/jies2020\/registro\/#more-76\">Read More<span class=\"screen-reader-text\">Registro<\/span><\/a><\/p>\n","protected":false},"author":10,"featured_media":0,"parent":0,"menu_order":0,"comment_status":"closed","ping_status":"closed","template":"","meta":[],"_links":{"self":[{"href":"https:\/\/www.cse.udelar.edu.uy\/jies2020\/wp-json\/wp\/v2\/pages\/76"}],"collection":[{"href":"https:\/\/www.cse.udelar.edu.uy\/jies2020\/wp-json\/wp\/v2\/pages"}],"about":[{"href":"https:\/\/www.cse.udelar.edu.uy\/jies2020\/wp-json\/wp\/v2\/types\/page"}],"author":[{"embeddable":true,"href":"https:\/\/www.cse.udelar.edu.uy\/jies2020\/wp-json\/wp\/v2\/users\/10"}],"replies":[{"embeddable":true,"href":"https:\/\/www.cse.udelar.edu.uy\/jies2020\/wp-json\/wp\/v2\/comments?post=76"}],"version-history":[{"count":16,"href":"https:\/\/www.cse.udelar.edu.uy\/jies2020\/wp-json\/wp\/v2\/pages\/76\/revisions"}],"predecessor-version":[{"id":455,"href":"https:\/\/www.cse.udelar.edu.uy\/jies2020\/wp-json\/wp\/v2\/pages\/76\/revisions\/455"}],"wp:attachment":[{"href":"https:\/\/www.cse.udelar.edu.uy\/jies2020\/wp-json\/wp\/v2\/media?parent=76"}],"curies":[{"name":"wp","href":"https:\/\/api.w.org\/{rel}","templated":true}]}}