{"id":15563,"date":"2017-01-25T15:02:17","date_gmt":"2017-01-25T15:02:17","guid":{"rendered":"http:\/\/www.cse.udelar.edu.uy\/?page_id=15563"},"modified":"2017-01-25T15:02:17","modified_gmt":"2017-01-25T15:02:17","slug":"temas-de-ensenanza","status":"publish","type":"page","link":"https:\/\/www.cse.udelar.edu.uy\/jornadas\/temas-de-ensenanza\/","title":{"rendered":"Temas de Ense\u00f1anza"},"content":{"rendered":"<h3>Esta colecci\u00f3n re\u00fane conferencias, estudios, ponencias y debates generados en jornadas institucionales. Se propone difundir informaci\u00f3n, reflexiones y conocimiento acumulado en distintas \u00e1reas del campo educativo.<\/h3>\n<p>&nbsp;<br \/>\n&nbsp;<br \/>\n&nbsp;<br \/>\n&nbsp;<\/p>\n<table>\n<tbody>\n<tr>\n<td><p>Pod no encontrado<\/p><\/td>\n<\/tr>\n<\/tbody>\n<\/table>\n","protected":false},"excerpt":{"rendered":"<p>Esta colecci\u00f3n re\u00fane conferencias, estudios, ponencias y debates generados en jornadas institucionales. Se propone difundir informaci\u00f3n, reflexiones y conocimiento acumulado en distintas \u00e1reas del campo educativo. &nbsp; &nbsp; &nbsp; &nbsp;<\/p>\n","protected":false},"author":2,"featured_media":0,"parent":0,"menu_order":0,"comment_status":"closed","ping_status":"closed","template":"","meta":[],"_links":{"self":[{"href":"https:\/\/www.cse.udelar.edu.uy\/jornadas\/wp-json\/wp\/v2\/pages\/15563"}],"collection":[{"href":"https:\/\/www.cse.udelar.edu.uy\/jornadas\/wp-json\/wp\/v2\/pages"}],"about":[{"href":"https:\/\/www.cse.udelar.edu.uy\/jornadas\/wp-json\/wp\/v2\/types\/page"}],"author":[{"embeddable":true,"href":"https:\/\/www.cse.udelar.edu.uy\/jornadas\/wp-json\/wp\/v2\/users\/2"}],"replies":[{"embeddable":true,"href":"https:\/\/www.cse.udelar.edu.uy\/jornadas\/wp-json\/wp\/v2\/comments?post=15563"}],"version-history":[{"count":0,"href":"https:\/\/www.cse.udelar.edu.uy\/jornadas\/wp-json\/wp\/v2\/pages\/15563\/revisions"}],"wp:attachment":[{"href":"https:\/\/www.cse.udelar.edu.uy\/jornadas\/wp-json\/wp\/v2\/media?parent=15563"}],"curies":[{"name":"wp","href":"https:\/\/api.w.org\/{rel}","templated":true}]}}