{"id":16504,"date":"2017-06-21T00:25:32","date_gmt":"2017-06-21T00:25:32","guid":{"rendered":"http:\/\/www.cse.udelar.edu.uy\/?page_id=16504"},"modified":"2017-06-21T00:25:32","modified_gmt":"2017-06-21T00:25:32","slug":"la-universidad-se-investiga","status":"publish","type":"page","link":"https:\/\/www.cse.udelar.edu.uy\/jornadas\/la-universidad-se-investiga\/","title":{"rendered":"La universidad se investiga"},"content":{"rendered":"<h3>Es una colecci\u00f3n que recoge los aportes de la \u201cMaestr\u00eda en Ense\u00f1anza Universitaria\u201d, de los Proyectos de investigaci\u00f3n para la mejora de la calidad de la ense\u00f1anza universitaria\u201d (PIMCEU) con el apoyo de la Comisi\u00f3n Sectorial de Investigaci\u00f3n Cient\u00edfica, as\u00ed como de las investigaciones relacionadas con la Educaci\u00f3n Superior en el Uruguay.<\/h3>\n<p>&nbsp;<\/p>\n<table>\n<tbody>\n<tr>\n<td><p>Pod no encontrado<\/p><\/td>\n<\/tr>\n<\/tbody>\n<\/table>\n","protected":false},"excerpt":{"rendered":"<p>Es una colecci\u00f3n que recoge los aportes de la \u201cMaestr\u00eda en Ense\u00f1anza Universitaria\u201d, de los Proyectos de investigaci\u00f3n para la mejora de la calidad de la ense\u00f1anza universitaria\u201d (PIMCEU) con el apoyo de la Comisi\u00f3n Sectorial de Investigaci\u00f3n Cient\u00edfica, as\u00ed como de las investigaciones relacionadas con la Educaci\u00f3n Superior en el Uruguay. &nbsp;<\/p>\n","protected":false},"author":2,"featured_media":0,"parent":0,"menu_order":0,"comment_status":"closed","ping_status":"closed","template":"","meta":[],"_links":{"self":[{"href":"https:\/\/www.cse.udelar.edu.uy\/jornadas\/wp-json\/wp\/v2\/pages\/16504"}],"collection":[{"href":"https:\/\/www.cse.udelar.edu.uy\/jornadas\/wp-json\/wp\/v2\/pages"}],"about":[{"href":"https:\/\/www.cse.udelar.edu.uy\/jornadas\/wp-json\/wp\/v2\/types\/page"}],"author":[{"embeddable":true,"href":"https:\/\/www.cse.udelar.edu.uy\/jornadas\/wp-json\/wp\/v2\/users\/2"}],"replies":[{"embeddable":true,"href":"https:\/\/www.cse.udelar.edu.uy\/jornadas\/wp-json\/wp\/v2\/comments?post=16504"}],"version-history":[{"count":0,"href":"https:\/\/www.cse.udelar.edu.uy\/jornadas\/wp-json\/wp\/v2\/pages\/16504\/revisions"}],"wp:attachment":[{"href":"https:\/\/www.cse.udelar.edu.uy\/jornadas\/wp-json\/wp\/v2\/media?parent=16504"}],"curies":[{"name":"wp","href":"https:\/\/api.w.org\/{rel}","templated":true}]}}