{"id":20338,"date":"2018-09-12T10:49:48","date_gmt":"2018-09-12T10:49:48","guid":{"rendered":"http:\/\/www.cse.udelar.edu.uy\/?page_id=20338"},"modified":"2018-09-12T10:49:48","modified_gmt":"2018-09-12T10:49:48","slug":"usien","status":"publish","type":"page","link":"https:\/\/www.cse.udelar.edu.uy\/jornadas\/usien\/","title":{"rendered":"Unidad de Sistemas de Informaci\u00f3n de la Ense\u00f1anza"},"content":{"rendered":"<div class=\"fusion-fullwidth fullwidth-box fusion-builder-row-1 hundred-percent-fullwidth non-hundred-percent-height-scrolling\" style=\"background-color: rgba(255,255,255,0);background-position: center center;background-repeat: no-repeat;padding-top:0px;padding-right:0px;padding-bottom:0px;padding-left:0px;margin-bottom: 0px;margin-top: 0px;border-width: 0px 0px 0px 0px;border-color:#eae9e9;border-style:solid;\" ><div class=\"fusion-builder-row fusion-row\"><div class=\"fusion-layout-column fusion_builder_column fusion-builder-column-0 fusion_builder_column_1_1 1_1 fusion-one-full fusion-column-first fusion-column-last fusion-column-no-min-height\" style=\"margin-top:0px;margin-bottom:0px;\"><div class=\"fusion-column-wrapper fusion-flex-column-wrapper-legacy\" style=\"background-position:left top;background-repeat:no-repeat;-webkit-background-size:cover;-moz-background-size:cover;-o-background-size:cover;background-size:cover;padding: 0px 0px 0px 0px;\"><div class=\"fusion-post-slider fusion-flexslider fusion-flexslider-loading flexslider-posts borde\"><ul class=\"slides\"><li><a href=\"https:\/\/www.cse.udelar.edu.uy\/jornadas\/2019\/10\/17\/26-de-setiembre-iii-encuentro-latinoamericano-practicas-de-asesorias-pedagogicas-universitarias-2\/\" aria-label=\"27-29 octubre 2021 | II Jornadas Regionales de Investigaci\u00f3n en Educaci\u00f3n Superior\"><img loading=\"lazy\" width=\"2000\" height=\"552\" class=\"wp-image-248\" src=\"https:\/\/www.cse.udelar.edu.uy\/jornadas\/wp-content\/uploads\/sites\/4\/2019\/07\/slider-jornadas.jpg\" alt=\"\" srcset=\"https:\/\/www.cse.udelar.edu.uy\/jornadas\/wp-content\/uploads\/sites\/4\/2019\/07\/slider-jornadas-200x55.jpg 200w, https:\/\/www.cse.udelar.edu.uy\/jornadas\/wp-content\/uploads\/sites\/4\/2019\/07\/slider-jornadas-400x110.jpg 400w, https:\/\/www.cse.udelar.edu.uy\/jornadas\/wp-content\/uploads\/sites\/4\/2019\/07\/slider-jornadas-600x166.jpg 600w, https:\/\/www.cse.udelar.edu.uy\/jornadas\/wp-content\/uploads\/sites\/4\/2019\/07\/slider-jornadas-800x221.jpg 800w, https:\/\/www.cse.udelar.edu.uy\/jornadas\/wp-content\/uploads\/sites\/4\/2019\/07\/slider-jornadas-1200x331.jpg 1200w, https:\/\/www.cse.udelar.edu.uy\/jornadas\/wp-content\/uploads\/sites\/4\/2019\/07\/slider-jornadas.jpg 2000w\" sizes=\"(max-width: 800px) 100vw, 2000px\" \/><\/a><div class=\"slide-excerpt\"><h2><a href=\"https:\/\/www.cse.udelar.edu.uy\/jornadas\/2019\/10\/17\/26-de-setiembre-iii-encuentro-latinoamericano-practicas-de-asesorias-pedagogicas-universitarias-2\/\">27-29 octubre 2021 | II Jornadas Regionales de Investigaci\u00f3n en Educaci\u00f3n Superior<\/a><\/h2><\/div><\/li><li><a href=\"https:\/\/www.cse.udelar.edu.uy\/jornadas\/2019\/10\/16\/16-de-octubre-2019-estilo-apa-guia-con-ejemplos-y-adaptaciones-para-uruguay\/\" aria-label=\"16 de octubre 2019 | Presentaci\u00f3n del libro \u00abEstilo APA: Gu\u00eda con ejemplos y adaptaciones para Uruguay\u00bb\"><img loading=\"lazy\" width=\"800\" height=\"430\" class=\"wp-image-23949\" src=\"https:\/\/www.cse.udelar.edu.uy\/jornadas\/wp-content\/uploads\/sites\/4\/2019\/09\/tercerreduae.jpg\" alt=\"\" srcset=\"https:\/\/www.cse.udelar.edu.uy\/jornadas\/wp-content\/uploads\/sites\/4\/2019\/09\/tercerreduae-200x108.jpg 200w, https:\/\/www.cse.udelar.edu.uy\/jornadas\/wp-content\/uploads\/sites\/4\/2019\/09\/tercerreduae-400x215.jpg 400w, https:\/\/www.cse.udelar.edu.uy\/jornadas\/wp-content\/uploads\/sites\/4\/2019\/09\/tercerreduae-600x323.jpg 600w, https:\/\/www.cse.udelar.edu.uy\/jornadas\/wp-content\/uploads\/sites\/4\/2019\/09\/tercerreduae.jpg 800w\" sizes=\"(max-width: 800px) 100vw, 800px\" \/><\/a><div class=\"slide-excerpt\"><h2><a href=\"https:\/\/www.cse.udelar.edu.uy\/jornadas\/2019\/10\/16\/16-de-octubre-2019-estilo-apa-guia-con-ejemplos-y-adaptaciones-para-uruguay\/\">16 de octubre 2019 | Presentaci\u00f3n del libro \u00abEstilo APA: Gu\u00eda con ejemplos y adaptaciones para Uruguay\u00bb<\/a><\/h2><\/div><\/li><li><a href=\"https:\/\/www.cse.udelar.edu.uy\/jornadas\/2019\/09\/26\/26-de-setiembre-iii-encuentro-latinoamericano-practicas-de-asesorias-pedagogicas-universitarias\/\" aria-label=\"26 y 27 de setiembre 2019 | III Encuentro Latinoamericano \u201cPr\u00e1cticas de Asesor\u00edas Pedag\u00f3gicas Universitarias\u201d\"><img loading=\"lazy\" width=\"2000\" height=\"552\" class=\"wp-image-217\" src=\"https:\/\/www.cse.udelar.edu.uy\/jornadas\/wp-content\/uploads\/sites\/4\/2019\/02\/apu2019.jpg\" alt=\"\" srcset=\"https:\/\/www.cse.udelar.edu.uy\/jornadas\/wp-content\/uploads\/sites\/4\/2019\/02\/apu2019-200x55.jpg 200w, https:\/\/www.cse.udelar.edu.uy\/jornadas\/wp-content\/uploads\/sites\/4\/2019\/02\/apu2019-400x110.jpg 400w, https:\/\/www.cse.udelar.edu.uy\/jornadas\/wp-content\/uploads\/sites\/4\/2019\/02\/apu2019-600x166.jpg 600w, https:\/\/www.cse.udelar.edu.uy\/jornadas\/wp-content\/uploads\/sites\/4\/2019\/02\/apu2019-800x221.jpg 800w, https:\/\/www.cse.udelar.edu.uy\/jornadas\/wp-content\/uploads\/sites\/4\/2019\/02\/apu2019-1200x331.jpg 1200w, https:\/\/www.cse.udelar.edu.uy\/jornadas\/wp-content\/uploads\/sites\/4\/2019\/02\/apu2019.jpg 2000w\" sizes=\"(max-width: 800px) 100vw, 2000px\" \/><\/a><div class=\"slide-excerpt\"><h2><a href=\"https:\/\/www.cse.udelar.edu.uy\/jornadas\/2019\/09\/26\/26-de-setiembre-iii-encuentro-latinoamericano-practicas-de-asesorias-pedagogicas-universitarias\/\">26 y 27 de setiembre 2019 | III Encuentro Latinoamericano \u201cPr\u00e1cticas de Asesor\u00edas Pedag\u00f3gicas Universitarias\u201d<\/a><\/h2><\/div><\/li><\/ul><\/div><div class=\"fusion-sep-clear\"><\/div><div class=\"fusion-separator fusion-full-width-sep\" style=\"margin-left: auto;margin-right: auto;margin-top:10px;margin-bottom:10px;width:100%;\"><div class=\"fusion-separator-border sep-double\" style=\"border-color:#e0dede;border-top-width:0px;border-bottom-width:0px;\"><\/div><\/div><div class=\"fusion-sep-clear\"><\/div><style type=\"text\/css\"><\/style><div class=\"fusion-title title fusion-title-1 fusion-title-text fusion-title-size-two\" style=\"margin-top:0px;margin-bottom:31px;\"><h2 class=\"title-heading-left\" style=\"margin:0;\">Noticias<\/h2><div class=\"title-sep-container\"><div class=\"title-sep sep-single sep-dotted\" style=\"border-color:#910037;\"><\/div><\/div><\/div><div class=\"fusion-recent-posts fusion-recent-posts-1 avada-container layout-default layout-columns-2\"><section class=\"fusion-columns columns fusion-columns-2 columns-2\"><article class=\"post fusion-column column col col-lg-6 col-md-6 col-sm-6\"><div class=\"fusion-flexslider fusion-flexslider-loading flexslider flexslider-hover-type-none\"><ul class=\"slides\"><li><a href=\"https:\/\/www.cse.udelar.edu.uy\/jornadas\/2019\/10\/17\/26-de-setiembre-iii-encuentro-latinoamericano-practicas-de-asesorias-pedagogicas-universitarias-2\/\" aria-label=\"27-29 octubre 2021 | II Jornadas Regionales de Investigaci\u00f3n en Educaci\u00f3n Superior\" class=\"hover-type-none\"><img width=\"700\" height=\"441\" src=\"https:\/\/www.cse.udelar.edu.uy\/jornadas\/wp-content\/uploads\/sites\/4\/2019\/07\/slider-jornadas-700x441.jpg\" class=\"attachment-recent-posts size-recent-posts\" alt=\"\" loading=\"lazy\" srcset=\"https:\/\/www.cse.udelar.edu.uy\/jornadas\/wp-content\/uploads\/sites\/4\/2019\/07\/slider-jornadas-320x202.jpg 320w, https:\/\/www.cse.udelar.edu.uy\/jornadas\/wp-content\/uploads\/sites\/4\/2019\/07\/slider-jornadas-700x441.jpg 700w\" sizes=\"(max-width: 700px) 100vw, 700px\" \/><\/a><\/li><\/ul><\/div><div class=\"recent-posts-content\"><span class=\"vcard\" style=\"display: none;\"><span class=\"fn\"><a href=\"https:\/\/www.cse.udelar.edu.uy\/jornadas\/author\/gperez\/\" title=\"Entradas de Comunicaci\u00f3n CSE-Udelar\" rel=\"author\">Comunicaci\u00f3n CSE-Udelar<\/a><\/span><\/span><span class=\"updated\" style=\"display:none;\">2021-08-18T17:00:47+02:00<\/span><h4 class=\"entry-title\"><a href=\"https:\/\/www.cse.udelar.edu.uy\/jornadas\/2019\/10\/17\/26-de-setiembre-iii-encuentro-latinoamericano-practicas-de-asesorias-pedagogicas-universitarias-2\/\">27-29 octubre 2021 | II Jornadas Regionales de Investigaci\u00f3n en Educaci\u00f3n Superior<\/a><\/h4><\/div><\/article><article class=\"post fusion-column column col col-lg-6 col-md-6 col-sm-6\"><div class=\"fusion-flexslider fusion-flexslider-loading flexslider flexslider-hover-type-none\"><ul class=\"slides\"><li><a href=\"https:\/\/www.cse.udelar.edu.uy\/jornadas\/2019\/10\/16\/16-de-octubre-2019-estilo-apa-guia-con-ejemplos-y-adaptaciones-para-uruguay\/\" aria-label=\"16 de octubre 2019 | Presentaci\u00f3n del libro \u00abEstilo APA: Gu\u00eda con ejemplos y adaptaciones para Uruguay\u00bb\" class=\"hover-type-none\"><img width=\"700\" height=\"430\" src=\"https:\/\/www.cse.udelar.edu.uy\/jornadas\/wp-content\/uploads\/sites\/4\/2019\/09\/tercerreduae-700x430.jpg\" class=\"attachment-recent-posts size-recent-posts\" alt=\"\" loading=\"lazy\" \/><\/a><\/li><\/ul><\/div><div class=\"recent-posts-content\"><span class=\"vcard\" style=\"display: none;\"><span class=\"fn\"><a href=\"https:\/\/www.cse.udelar.edu.uy\/jornadas\/author\/gperez\/\" title=\"Entradas de Comunicaci\u00f3n CSE-Udelar\" rel=\"author\">Comunicaci\u00f3n CSE-Udelar<\/a><\/span><\/span><span class=\"updated\" style=\"display:none;\">2019-10-22T00:03:29+02:00<\/span><h4 class=\"entry-title\"><a href=\"https:\/\/www.cse.udelar.edu.uy\/jornadas\/2019\/10\/16\/16-de-octubre-2019-estilo-apa-guia-con-ejemplos-y-adaptaciones-para-uruguay\/\">16 de octubre 2019 | Presentaci\u00f3n del libro \u00abEstilo APA: Gu\u00eda con ejemplos y adaptaciones para Uruguay\u00bb<\/a><\/h4><\/div><\/article><article class=\"post fusion-column column col col-lg-6 col-md-6 col-sm-6\"><div class=\"fusion-flexslider fusion-flexslider-loading flexslider flexslider-hover-type-none\"><ul class=\"slides\"><li><a href=\"https:\/\/www.cse.udelar.edu.uy\/jornadas\/2019\/09\/26\/26-de-setiembre-iii-encuentro-latinoamericano-practicas-de-asesorias-pedagogicas-universitarias\/\" aria-label=\"26 y 27 de setiembre 2019 | III Encuentro Latinoamericano \u201cPr\u00e1cticas de Asesor\u00edas Pedag\u00f3gicas Universitarias\u201d\" class=\"hover-type-none\"><img width=\"700\" height=\"441\" src=\"https:\/\/www.cse.udelar.edu.uy\/jornadas\/wp-content\/uploads\/sites\/4\/2019\/02\/apu2019-700x441.jpg\" class=\"attachment-recent-posts size-recent-posts\" alt=\"\" loading=\"lazy\" srcset=\"https:\/\/www.cse.udelar.edu.uy\/jornadas\/wp-content\/uploads\/sites\/4\/2019\/02\/apu2019-320x202.jpg 320w, https:\/\/www.cse.udelar.edu.uy\/jornadas\/wp-content\/uploads\/sites\/4\/2019\/02\/apu2019-700x441.jpg 700w\" sizes=\"(max-width: 700px) 100vw, 700px\" \/><\/a><\/li><\/ul><\/div><div class=\"recent-posts-content\"><span class=\"vcard\" style=\"display: none;\"><span class=\"fn\"><a href=\"https:\/\/www.cse.udelar.edu.uy\/jornadas\/author\/gperez\/\" title=\"Entradas de Comunicaci\u00f3n CSE-Udelar\" rel=\"author\">Comunicaci\u00f3n CSE-Udelar<\/a><\/span><\/span><span class=\"updated\" style=\"display:none;\">2019-10-22T00:04:18+02:00<\/span><h4 class=\"entry-title\"><a href=\"https:\/\/www.cse.udelar.edu.uy\/jornadas\/2019\/09\/26\/26-de-setiembre-iii-encuentro-latinoamericano-practicas-de-asesorias-pedagogicas-universitarias\/\">26 y 27 de setiembre 2019 | III Encuentro Latinoamericano \u201cPr\u00e1cticas de Asesor\u00edas Pedag\u00f3gicas Universitarias\u201d<\/a><\/h4><\/div><\/article><article class=\"post fusion-column column col col-lg-6 col-md-6 col-sm-6\"><div class=\"fusion-flexslider fusion-flexslider-loading flexslider flexslider-hover-type-none\"><ul class=\"slides\"><li><a href=\"https:\/\/www.cse.udelar.edu.uy\/jornadas\/2019\/09\/13\/tercer-encuentro-de-la-red-uae-2019-2\/\" aria-label=\"13 de setiembre 2019 | Tercer encuentro de la Red UAE 2019\" class=\"hover-type-none\"><img width=\"700\" height=\"430\" src=\"https:\/\/www.cse.udelar.edu.uy\/jornadas\/wp-content\/uploads\/sites\/4\/2019\/09\/tercerreduae-700x430.jpg\" class=\"attachment-recent-posts size-recent-posts\" alt=\"\" loading=\"lazy\" \/><\/a><\/li><\/ul><\/div><div class=\"recent-posts-content\"><span class=\"vcard\" style=\"display: none;\"><span class=\"fn\"><a href=\"https:\/\/www.cse.udelar.edu.uy\/jornadas\/author\/gperez\/\" title=\"Entradas de Comunicaci\u00f3n CSE-Udelar\" rel=\"author\">Comunicaci\u00f3n CSE-Udelar<\/a><\/span><\/span><span class=\"updated\" style=\"display:none;\">2019-10-16T23:40:11+02:00<\/span><h4 class=\"entry-title\"><a href=\"https:\/\/www.cse.udelar.edu.uy\/jornadas\/2019\/09\/13\/tercer-encuentro-de-la-red-uae-2019-2\/\">13 de setiembre 2019 | Tercer encuentro de la Red UAE 2019<\/a><\/h4><\/div><\/article><article class=\"post fusion-column column col col-lg-6 col-md-6 col-sm-6\"><div class=\"fusion-flexslider fusion-flexslider-loading flexslider flexslider-hover-type-none\"><ul class=\"slides\"><li><a href=\"https:\/\/www.cse.udelar.edu.uy\/jornadas\/2019\/08\/15\/15-y-16-de-agosto-curso-publicacion-digital-con-ojs-modulo-i\/\" aria-label=\"15 y 16 de agosto | Curso: Publicaci\u00f3n Digital con OJS M\u00f3dulo I\" class=\"hover-type-none\"><img width=\"700\" height=\"430\" src=\"https:\/\/www.cse.udelar.edu.uy\/jornadas\/wp-content\/uploads\/sites\/4\/2019\/08\/cursoojs-700x430.jpg\" class=\"attachment-recent-posts size-recent-posts\" alt=\"\" loading=\"lazy\" \/><\/a><\/li><\/ul><\/div><div class=\"recent-posts-content\"><span class=\"vcard\" style=\"display: none;\"><span class=\"fn\"><a href=\"https:\/\/www.cse.udelar.edu.uy\/jornadas\/author\/gperez\/\" title=\"Entradas de Comunicaci\u00f3n CSE-Udelar\" rel=\"author\">Comunicaci\u00f3n CSE-Udelar<\/a><\/span><\/span><span class=\"updated\" style=\"display:none;\">2019-08-19T00:57:43+02:00<\/span><h4 class=\"entry-title\"><a href=\"https:\/\/www.cse.udelar.edu.uy\/jornadas\/2019\/08\/15\/15-y-16-de-agosto-curso-publicacion-digital-con-ojs-modulo-i\/\">15 y 16 de agosto | Curso: Publicaci\u00f3n Digital con OJS M\u00f3dulo I<\/a><\/h4><\/div><\/article><article class=\"post fusion-column column col col-lg-6 col-md-6 col-sm-6\"><div class=\"fusion-flexslider fusion-flexslider-loading flexslider flexslider-hover-type-none\"><ul class=\"slides\"><li><a href=\"https:\/\/www.cse.udelar.edu.uy\/jornadas\/2019\/08\/07\/conversatic\/\" aria-label=\"7 agosto 2019 | Conversatic Internacional \u00abLa ense\u00f1anza digital en la educaci\u00f3n superior: perspectivas did\u00e1cticas\u00bb\/Segundo Encuentro de la Red UAE\" class=\"hover-type-none\"><img width=\"700\" height=\"441\" src=\"https:\/\/www.cse.udelar.edu.uy\/jornadas\/wp-content\/uploads\/sites\/4\/2019\/07\/slider-conversatic-700x441.jpg\" class=\"attachment-recent-posts size-recent-posts\" alt=\"\" loading=\"lazy\" srcset=\"https:\/\/www.cse.udelar.edu.uy\/jornadas\/wp-content\/uploads\/sites\/4\/2019\/07\/slider-conversatic-320x202.jpg 320w, https:\/\/www.cse.udelar.edu.uy\/jornadas\/wp-content\/uploads\/sites\/4\/2019\/07\/slider-conversatic-700x441.jpg 700w\" sizes=\"(max-width: 700px) 100vw, 700px\" \/><\/a><\/li><\/ul><\/div><div class=\"recent-posts-content\"><span class=\"vcard\" style=\"display: none;\"><span class=\"fn\"><a href=\"https:\/\/www.cse.udelar.edu.uy\/jornadas\/author\/gperez\/\" title=\"Entradas de Comunicaci\u00f3n CSE-Udelar\" rel=\"author\">Comunicaci\u00f3n CSE-Udelar<\/a><\/span><\/span><span class=\"updated\" style=\"display:none;\">2019-10-22T00:06:04+02:00<\/span><h4 class=\"entry-title\"><a href=\"https:\/\/www.cse.udelar.edu.uy\/jornadas\/2019\/08\/07\/conversatic\/\">7 agosto 2019 | Conversatic Internacional \u00abLa ense\u00f1anza digital en la educaci\u00f3n superior:  perspectivas did\u00e1cticas\u00bb\/Segundo Encuentro de la Red UAE<\/a><\/h4><\/div><\/article><\/section><\/div><div class=\"fusion-clearfix\"><\/div><\/div><\/div><\/div><style type=\"text\/css\">.fusion-fullwidth.fusion-builder-row-1 { overflow:visible; }<\/style><\/div>\n","protected":false},"excerpt":{"rendered":"","protected":false},"author":2,"featured_media":0,"parent":0,"menu_order":0,"comment_status":"closed","ping_status":"closed","template":"","meta":[],"_links":{"self":[{"href":"https:\/\/www.cse.udelar.edu.uy\/jornadas\/wp-json\/wp\/v2\/pages\/20338"}],"collection":[{"href":"https:\/\/www.cse.udelar.edu.uy\/jornadas\/wp-json\/wp\/v2\/pages"}],"about":[{"href":"https:\/\/www.cse.udelar.edu.uy\/jornadas\/wp-json\/wp\/v2\/types\/page"}],"author":[{"embeddable":true,"href":"https:\/\/www.cse.udelar.edu.uy\/jornadas\/wp-json\/wp\/v2\/users\/2"}],"replies":[{"embeddable":true,"href":"https:\/\/www.cse.udelar.edu.uy\/jornadas\/wp-json\/wp\/v2\/comments?post=20338"}],"version-history":[{"count":0,"href":"https:\/\/www.cse.udelar.edu.uy\/jornadas\/wp-json\/wp\/v2\/pages\/20338\/revisions"}],"wp:attachment":[{"href":"https:\/\/www.cse.udelar.edu.uy\/jornadas\/wp-json\/wp\/v2\/media?parent=20338"}],"curies":[{"name":"wp","href":"https:\/\/api.w.org\/{rel}","templated":true}]}}