{"id":23583,"date":"2019-04-20T11:11:00","date_gmt":"2019-04-20T14:11:00","guid":{"rendered":"http:\/\/pruebas.cse.udelar.edu.uy\/?page_id=23583"},"modified":"2019-04-20T11:11:00","modified_gmt":"2019-04-20T14:11:00","slug":"pimceu","status":"publish","type":"page","link":"https:\/\/www.cse.udelar.edu.uy\/jornadas\/pimceu\/","title":{"rendered":"Proyectos de investigaci\u00f3n para la mejora de la calidad de la ense\u00f1anza universitaria (PIMCEU)"},"content":{"rendered":"<p><div class=\"fusion-fullwidth fullwidth-box fusion-builder-row-1 hundred-percent-fullwidth non-hundred-percent-height-scrolling\" style=\"background-color: rgba(255,255,255,0);background-position: center center;background-repeat: no-repeat;padding-top:0px;padding-right:0px;padding-bottom:0px;padding-left:0px;margin-bottom: 0px;margin-top: 0px;border-width: 0px 0px 0px 0px;border-color:#eae9e9;border-style:solid;\" ><div class=\"fusion-builder-row fusion-row\"><div class=\"fusion-layout-column fusion_builder_column fusion-builder-column-0 fusion_builder_column_1_1 1_1 fusion-one-full fusion-column-first fusion-column-last\" style=\"margin-top:0px;margin-bottom:20px;\"><div class=\"fusion-column-wrapper fusion-flex-column-wrapper-legacy\" style=\"background-position:left top;background-repeat:no-repeat;-webkit-background-size:cover;-moz-background-size:cover;-o-background-size:cover;background-size:cover;padding: 0px 0px 0px 0px;\"><style type=\"text\/css\"><\/style><div class=\"fusion-title title fusion-title-1 fusion-sep-none fusion-title-text fusion-title-size-two\" style=\"margin-top:0px;margin-bottom:31px;\"><h2 class=\"title-heading-left\" style=\"margin:0;\">Proyectos de investigaci\u00f3n para la mejora de la calidad de la ense\u00f1anza universitaria (PIMCEU)<\/h2><\/div><div class=\"fusion-text fusion-text-1\"><p>El llamado se concibe como una instancia de generaci\u00f3n de conocimiento que se espera contribuya a la formulaci\u00f3n de propuestas de mejora de la ense\u00f1anza en un sentido amplio. De este modo, los docentes universitarios podr\u00e1n presentar propuestas junto con actores de otras ramas del sistema educativo.<\/p>\n<h4>Objetivos<\/h4>\n<ul>\n<li>Promover la investigaci\u00f3n en el campo de la ense\u00f1anza universitaria de grado en la Udelar.<\/li>\n<li>Avanzar en el conocimiento institucional de los procesos, din\u00e1micas e impactos de la ense\u00f1anza de grado.<\/li>\n<li>Orientar y fortalecer los procesos de renovaci\u00f3n de la ense\u00f1anza que se llevan a cabo desde diversos \u00e1mbitos institucionales a fin de mejorar su implementaci\u00f3n.<\/li>\n<\/ul>\n<h4>Tem\u00e1ticas de inter\u00e9s<\/h4>\n<p>En relaci\u00f3n con el objetivo estrat\u00e9gico de \u201cresponder a la demanda creciente en educaci\u00f3n superior en todo el pa\u00eds\u201d y el proyecto transversal de \u201cacceso democr\u00e1tico a la ense\u00f1anza superior de calidad en todas las etapas del grado\u201d, se priorizar\u00e1n proyectos que aborden una o varias de las siguientes tem\u00e1ticas:<\/p>\n<ol>\n<li>Sobre aspectos institucionales: Articulaci\u00f3n de la ense\u00f1anza media y superior. Procesos de transformaci\u00f3n y evaluaci\u00f3n curricular.<\/li>\n<li>Sobre aspectos de ense\u00f1anza: Diversificaci\u00f3n de la ense\u00f1anza en sus diferentes dimensiones. Desarrollo de las did\u00e1cticas espec\u00edficas de las disciplinas y las profesiones. Innovaciones educativas. Vinculaci\u00f3n de los estudios universitarios con el mundo del trabajo. Formaci\u00f3n docente y evaluaci\u00f3n integral de la docencia y de los procesos de ense\u00f1anza.<\/li>\n<li>Sobre aspectos de aprendizaje: Procesos de aprendizaje universitario. Evaluaci\u00f3n de los aprendizajes. An\u00e1lisis de trayectorias acad\u00e9micas estudiantiles.<\/li>\n<\/ol>\n<\/div><style type=\"text\/css\">@media only screen and (max-width:800px) {.fusion-title.fusion-title-2{margin-top:0px!important;margin-bottom:0px!important;}}<\/style><div class=\"fusion-title title fusion-title-2 fusion-title-text fusion-title-size-two\" style=\"margin-top:0px;margin-bottom:0px;\"><h2 class=\"title-heading-left\" style=\"margin:0;\">\u00daltimas convocatorias<\/h2><div class=\"title-sep-container\"><div class=\"title-sep sep-single sep-dotted\" style=\"border-color:#992626;\"><\/div><\/div><\/div><div class=\"fusion-text fusion-text-2\"><ul>\n<li><a href=\"\/proyectos-concursables-2019\/\">Llamados a proyectos concursables 2019<\/a><\/li>\n<li><a href=\"\/proyectos-concursables-2018\/\">Llamados a proyectos concursables 2018<\/a><\/li>\n<li><a href=\"\/proyectos-concursables-2017\/\">Llamados a proyectos concursables 2017<\/a><\/li>\n<li><a href=\"\/proyectos-concursables\/\">Llamados a proyectos concursables 2016<\/a><\/li>\n<\/ul>\n<\/div><style type=\"text\/css\">@media only screen and (max-width:800px) {.fusion-title.fusion-title-3{margin-top:0px!important;margin-bottom:0px!important;}}<\/style><div class=\"fusion-title title fusion-title-3 fusion-title-text fusion-title-size-two\" style=\"margin-top:0px;margin-bottom:20px;\"><h2 class=\"title-heading-left\" style=\"margin:0;\">Base de datos de proyectos financiados<\/h2><div class=\"title-sep-container\"><div class=\"title-sep sep-single sep-dotted\" style=\"border-color:#992626;\"><\/div><\/div><\/div><div class=\"fusion-text fusion-text-3\"><style type=\"text\/css\">.fusion-accordian  #accordion-23583-1 .panel-title a .fa-fusion-box{ color: #ffffff;}.fusion-accordian  #accordion-23583-1 .panel-title a .fa-fusion-box:before{ font-size: 13px; width: 13px;}.fusion-accordian  #accordion-23583-1 .panel-title a{font-size:13px;}.fusion-accordian  #accordion-23583-1 .fa-fusion-box { background-color: #333333;border-color: #333333;}.fusion-accordian  #accordion-23583-1 .panel-title a:hover, #accordion-23583-1 .fusion-toggle-boxed-mode:hover .panel-title a { color: #a21a37;}.fusion-accordian  #accordion-23583-1 .panel-title .active .fa-fusion-box,.fusion-accordian  #accordion-23583-1 .panel-title a:hover .fa-fusion-box { background-color: #a21a37!important;border-color: #a21a37!important;}<\/style><div class=\"accordian fusion-accordian\"><div class=\"panel-group\" id=\"accordion-23583-1\" role=\"tablist\"><div class=\"fusion-panel panel-default fusion-toggle-no-divider\" role=\"tabpanel\"><div class=\"panel-heading\"><h4 class=\"panel-title toggle\"><a aria-expanded=\"false\" aria-selected=\"false\" aria-controls=\"873e2eefee42277d0\" role=\"tab\" data-toggle=\"collapse\" data-parent=\"#accordion-23583-1\" data-target=\"#873e2eefee42277d0\" href=\"#873e2eefee42277d0\"><span class=\"fusion-toggle-icon-wrapper\" aria-hidden=\"true\"><i class=\"fa-fusion-box\" aria-hidden=\"true\"><\/i><\/span><span class=\"fusion-toggle-heading\">BASE DE DATOS DE PROYECTOS CONCURSABLES FINANCIADOS 2016-2019<\/span><\/a><\/h4><\/div><div id=\"873e2eefee42277d0\" class=\"panel-collapse collapse \"><div class=\"panel-body toggle-content fusion-clearfix\">\n<div class=\"fusion-tabs fusion-tabs-1 classic horizontal-tabs icon-position-left\"><style type=\"text\/css\">.fusion-tabs.fusion-tabs-1 .nav-tabs li a.tab-link{border-top-color:#ebeaea;background-color:#ebeaea;}.fusion-tabs.fusion-tabs-1 .nav-tabs{background-color:#ffffff;}.fusion-tabs.fusion-tabs-1 .nav-tabs li.active a.tab-link,.fusion-tabs.fusion-tabs-1 .nav-tabs li.active a.tab-link:hover,.fusion-tabs.fusion-tabs-1 .nav-tabs li.active a.tab-link:focus{border-right-color:#ffffff;}.fusion-tabs.fusion-tabs-1 .nav-tabs li.active a.tab-link,.fusion-tabs.fusion-tabs-1 .nav-tabs li.active a.tab-link:hover,.fusion-tabs.fusion-tabs-1 .nav-tabs li.active a.tab-link:focus{background-color:#ffffff;}.fusion-tabs.fusion-tabs-1 .nav-tabs li a:hover{background-color:#ffffff;border-top-color:#ffffff;}.fusion-tabs.fusion-tabs-1 .tab-pane{background-color:#ffffff;}.fusion-tabs.fusion-tabs-1 .nav,.fusion-tabs.fusion-tabs-1 .nav-tabs,.fusion-tabs.fusion-tabs-1 .tab-content .tab-pane{border-color:#ebeaea;}<\/style><div class=\"nav\"><ul class=\"nav-tabs nav-justified\"><li class=\"active\"><a class=\"tab-link\" data-toggle=\"tab\" id=\"fusion-tab-2012\" href=\"#tab-1e9adb01a389fb6b8a4\"><h4 class=\"fusion-tab-heading\">2012<\/h4><\/a><\/li><li><a class=\"tab-link\" data-toggle=\"tab\" id=\"fusion-tab-2017\" href=\"#tab-271b385abf466e1087f\"><h4 class=\"fusion-tab-heading\">2017<\/h4><\/a><\/li><\/ul><\/div><div class=\"tab-content\"><div class=\"nav fusion-mobile-tab-nav\"><ul class=\"nav-tabs nav-justified\"><li class=\"active\"><a class=\"tab-link\" data-toggle=\"tab\" id=\"mobile-fusion-tab-2012\" href=\"#tab-1e9adb01a389fb6b8a4\"><h4 class=\"fusion-tab-heading\">2012<\/h4><\/a><\/li><\/ul><\/div><div class=\"tab-pane fade fusion-clearfix in active\" id=\"tab-1e9adb01a389fb6b8a4\">\n<p>Pod no encontrado<\/p>\n<\/div><div class=\"nav fusion-mobile-tab-nav\"><ul class=\"nav-tabs nav-justified\"><li><a class=\"tab-link\" data-toggle=\"tab\" id=\"mobile-fusion-tab-2017\" href=\"#tab-271b385abf466e1087f\"><h4 class=\"fusion-tab-heading\">2017<\/h4><\/a><\/li><\/ul><\/div><div class=\"tab-pane fade fusion-clearfix\" id=\"tab-271b385abf466e1087f\">\n<p>Pod no encontrado<\/p>\n<\/div><\/div><\/div>\n<\/div><\/div><\/div><\/div><\/div>\n<\/div><div class=\"fusion-clearfix\"><\/div><\/div><\/div><\/div><style type=\"text\/css\">.fusion-fullwidth.fusion-builder-row-1 { overflow:visible; }<\/style><\/div><div class=\"fusion-fullwidth fullwidth-box fusion-builder-row-2 nonhundred-percent-fullwidth non-hundred-percent-height-scrolling\" style=\"background-color: rgba(255,255,255,0);background-position: center center;background-repeat: no-repeat;padding-top:0px;padding-right:0px;padding-bottom:0px;padding-left:0px;margin-bottom: 0px;margin-top: 0px;border-width: 0px 0px 0px 0px;border-color:#eae9e9;border-style:solid;\" ><div class=\"fusion-builder-row fusion-row\"><div class=\"fusion-layout-column fusion_builder_column fusion-builder-column-1 fusion_builder_column_1_1 1_1 fusion-one-full fusion-column-first fusion-column-last\" style=\"margin-top:0px;margin-bottom:0px;\"><div class=\"fusion-column-wrapper fusion-flex-column-wrapper-legacy\" style=\"background-position:left top;background-repeat:no-repeat;-webkit-background-size:cover;-moz-background-size:cover;-o-background-size:cover;background-size:cover;padding: 0px 0px 0px 0px;\"><div class=\"fusion-text fusion-text-4\"><\/div><div class=\"fusion-content-boxes content-boxes columns row fusion-columns-1 fusion-columns-total-1 fusion-content-boxes-1 content-boxes-icon-with-title content-left\" data-animationOffset=\"100%\" style=\"margin-top:25px;margin-bottom:0px;\"><style type=\"text\/css\">.fusion-content-boxes-1 .heading .content-box-heading {color:#212934;}\n\t\t\t\t\t.fusion-content-boxes-1 .fusion-content-box-hover .link-area-link-icon-hover .heading .content-box-heading,\n\t\t\t\t\t.fusion-content-boxes-1 .fusion-content-box-hover .link-area-link-icon-hover .heading .heading-link .content-box-heading,\n\t\t\t\t\t.fusion-content-boxes-1 .fusion-content-box-hover .link-area-box-hover .heading .content-box-heading,\n\t\t\t\t\t.fusion-content-boxes-1 .fusion-content-box-hover .link-area-box-hover .heading .heading-link .content-box-heading,\n\t\t\t\t\t.fusion-content-boxes-1 .fusion-content-box-hover .link-area-link-icon-hover.link-area-box .fusion-read-more,\n\t\t\t\t\t.fusion-content-boxes-1 .fusion-content-box-hover .link-area-link-icon-hover.link-area-box .fusion-read-more::after,\n\t\t\t\t\t.fusion-content-boxes-1 .fusion-content-box-hover .link-area-link-icon-hover.link-area-box .fusion-read-more::before,\n\t\t\t\t\t.fusion-content-boxes-1 .fusion-content-box-hover .fusion-read-more:hover:after,\n\t\t\t\t\t.fusion-content-boxes-1 .fusion-content-box-hover .fusion-read-more:hover:before,\n\t\t\t\t\t.fusion-content-boxes-1 .fusion-content-box-hover .fusion-read-more:hover,\n\t\t\t\t\t.fusion-content-boxes-1 .fusion-content-box-hover .link-area-box-hover.link-area-box .fusion-read-more,\n\t\t\t\t\t.fusion-content-boxes-1 .fusion-content-box-hover .link-area-box-hover.link-area-box .fusion-read-more::after,\n\t\t\t\t\t.fusion-content-boxes-1 .fusion-content-box-hover .link-area-box-hover.link-area-box .fusion-read-more::before,\n\t\t\t\t\t.fusion-content-boxes-1 .fusion-content-box-hover .link-area-link-icon-hover .icon .circle-no,\n\t\t\t\t\t.fusion-content-boxes-1 .heading .heading-link:hover .content-box-heading {\n\t\t\t\t\t\tcolor: #a21a37;\n\t\t\t\t\t}\n\t\t\t\t\t.fusion-content-boxes-1 .fusion-content-box-hover .link-area-box-hover .icon .circle-no {\n\t\t\t\t\t\tcolor: #a21a37 !important;\n\t\t\t\t\t}.fusion-content-boxes-1 .fusion-content-box-hover .link-area-box.link-area-box-hover .fusion-content-box-button {background: #d60707;color: #780404;background-image: -webkit-gradient( linear, left bottom, left top, from( #e80707 ), to( #d60707 ) );background-image: linear-gradient( to top, #e80707, #d60707 )}.fusion-content-boxes-1 .fusion-content-box-hover .link-area-box.link-area-box-hover .fusion-content-box-button .fusion-button-text {color: #780404;}\n\t\t\t\t\t.fusion-content-boxes-1 .fusion-content-box-hover .link-area-link-icon-hover .heading .icon > span {\n\t\t\t\t\t\tbackground-color: #a21a37 !important;\n\t\t\t\t\t}\n\t\t\t\t\t.fusion-content-boxes-1 .fusion-content-box-hover .link-area-box-hover .heading .icon > span {\n\t\t\t\t\t\tborder-color: #a21a37 !important;\n\t\t\t\t\t}<\/style><div class=\"fusion-column content-box-column content-box-column content-box-column-1 col-lg-12 col-md-12 col-sm-12 fusion-content-box-hover content-box-column-last content-box-column-last-in-row\"><div class=\"col content-box-wrapper content-wrapper link-area-link-icon icon-hover-animation-fade\" style=\"background-color:transparent;\" data-animationOffset=\"100%\"><div class=\"heading heading-with-icon icon-left\"><div class=\"icon\"><i style=\"border-color:#333333;border-width:1px;background-color:#333333;box-sizing:content-box;height:42px;width:42px;line-height:42px;border-radius:50%;color:#ffffff;font-size:21px;\" aria-hidden=\"true\" class=\"fontawesome-icon fa-users fas circle-yes\"><\/i><\/div><h2 class=\"content-box-heading\" style=\"font-size:18px;line-height:23px;\">Equipo de trabajo:<\/h2><\/div><div class=\"fusion-clearfix\"><\/div><div class=\"content-container\" style=\"color:#4a4e57;\">\n<p>Pod no encontrado<\/p>\n<div class=\"fusion-sep-clear\"><\/div><div class=\"fusion-separator fusion-full-width-sep\" style=\"margin-left: auto;margin-right: auto;margin-top:10px;width:100%;\"><\/div><div class=\"fusion-sep-clear\"><\/div>\n<div class=\"fusion-alignleft\"><a class=\"fusion-button button-flat button-large button-darkgray button-1 fusion-button-default-span fusion-button-default-type\" target=\"_blank\" rel=\"noopener noreferrer\" href=\"https:\/\/docs.google.com\/forms\/d\/e\/1FAIpQLSce96PKxBCsQWqXqGLY_zJFS39CdqsPiCpECDpGbdNNd0bkvw\/viewform\"><span class=\"fusion-button-icon-divider button-icon-divider-left\"><i class=\" fa fa-question-circle\" aria-hidden=\"true\"><\/i><\/span><span class=\"fusion-button-text fusion-button-text-left\">Realizar una consulta a las referentes<\/span><\/a><\/div>\n<\/div><\/div><\/div><style type=\"text\/css\">\n\t\t\t\t\t\t.fusion-content-boxes-1 .fusion-content-box-hover .heading-link:hover .icon i.circle-yes,\n\t\t\t\t\t\t.fusion-content-boxes-1 .fusion-content-box-hover .link-area-box:hover .heading-link .icon i.circle-yes,\n\t\t\t\t\t\t.fusion-content-boxes-1 .fusion-content-box-hover .link-area-link-icon-hover .heading .icon i.circle-yes,\n\t\t\t\t\t\t.fusion-content-boxes-1 .fusion-content-box-hover .link-area-box-hover .heading .icon i.circle-yes {\n\t\t\t\t\t\t\tbackground-color: #a21a37 !important;\n\t\t\t\t\t\t\tborder-color: #a21a37 !important;\n\t\t\t\t\t\t}<\/style><div class=\"fusion-clearfix\"><\/div><\/div><div class=\"fusion-sep-clear\"><\/div><div class=\"fusion-separator fusion-full-width-sep\" style=\"margin-left: auto;margin-right: auto;width:100%;\"><\/div><div class=\"fusion-sep-clear\"><\/div><div class=\"fusion-clearfix\"><\/div><\/div><\/div><\/div><\/div> <\/p>\n","protected":false},"excerpt":{"rendered":"","protected":false},"author":2,"featured_media":0,"parent":0,"menu_order":0,"comment_status":"closed","ping_status":"closed","template":"","meta":[],"_links":{"self":[{"href":"https:\/\/www.cse.udelar.edu.uy\/jornadas\/wp-json\/wp\/v2\/pages\/23583"}],"collection":[{"href":"https:\/\/www.cse.udelar.edu.uy\/jornadas\/wp-json\/wp\/v2\/pages"}],"about":[{"href":"https:\/\/www.cse.udelar.edu.uy\/jornadas\/wp-json\/wp\/v2\/types\/page"}],"author":[{"embeddable":true,"href":"https:\/\/www.cse.udelar.edu.uy\/jornadas\/wp-json\/wp\/v2\/users\/2"}],"replies":[{"embeddable":true,"href":"https:\/\/www.cse.udelar.edu.uy\/jornadas\/wp-json\/wp\/v2\/comments?post=23583"}],"version-history":[{"count":0,"href":"https:\/\/www.cse.udelar.edu.uy\/jornadas\/wp-json\/wp\/v2\/pages\/23583\/revisions"}],"wp:attachment":[{"href":"https:\/\/www.cse.udelar.edu.uy\/jornadas\/wp-json\/wp\/v2\/media?parent=23583"}],"curies":[{"name":"wp","href":"https:\/\/api.w.org\/{rel}","templated":true}]}}