{"id":7,"date":"2015-02-02T19:38:46","date_gmt":"2015-02-02T19:38:46","guid":{"rendered":"http:\/\/avada.theme-fusion.com_demos\/cafe\/?page_id=7"},"modified":"2015-02-02T19:38:46","modified_gmt":"2015-02-02T19:38:46","slug":"home","status":"publish","type":"page","link":"https:\/\/www.cse.udelar.edu.uy\/jornadasdiscusion2018\/","title":{"rendered":"Inicio"},"content":{"rendered":"<div class=\"fusion-fullwidth fullwidth-box fusion-builder-row-1 hundred-percent-fullwidth non-hundred-percent-height-scrolling fusion-equal-height-columns\" style=\"background-color: #313539;background-position: left top;background-repeat: no-repeat;padding-top:0px;padding-right:0px;padding-bottom:0px;padding-left:0px;margin-bottom: 0px;margin-top: 0px;border-width: 0px 0px 0px 0px;border-color:#eae9e9;border-style:solid;\" ><div class=\"fusion-builder-row fusion-row\"><div class=\"fusion-layout-column fusion_builder_column fusion-builder-column-0 fusion_builder_column_2_3 2_3 fusion-two-third fusion-column-first\" style=\"margin-top:0px;margin-bottom:0px;\"><div class=\"fusion-column-wrapper fusion-flex-column-wrapper-legacy\" style=\"background-position:left top;background-repeat:no-repeat;-webkit-background-size:cover;-moz-background-size:cover;-o-background-size:cover;background-size:cover;padding: 10% 10% 10% 10%;\"><div class=\"fusion-column-content-centered\"><div class=\"fusion-column-content\"><div class=\"fusion-text fusion-text-1\"><div><span style=\"color: #ffffff\">La Comisi\u00f3n Sectorial de Ense\u00f1anza (CSE) celebra sus 25 a\u00f1os y la Unidad Acad\u00e9mica (UA) invita a la comunidad universitaria a reflexionar y profundizar sobre los procesos de mejora y renovaci\u00f3n de la ense\u00f1anza promovidos por la Universidad de la Rep\u00fablica (Udelar) desde los a\u00f1os noventa en<\/span><span style=\"color: #ffffff\">el marco de sus pol\u00edticas centrales.<\/span><\/div>\n<div><span style=\"color: #ffffff\">En el transcurso de este tiempo se han desarrollado m\u00faltiples iniciativas institucionales con el fin de transformar, innovar y promover la ense\u00f1anza universitaria p\u00fablica. En particular se destacan dos ejes hist\u00f3ricos de acci\u00f3n: la elaboraci\u00f3n de manuales did\u00e1cticos y el est\u00edmulo a las innovaciones educativas. Estas estrategias tienen un alto valor para la transformaci\u00f3n de las pr\u00e1cticas de la ense\u00f1anza de grado, construyendo sentidos espec\u00edficos en funci\u00f3n de los variados contextos institucionales, disciplinares y profesionales que presenta la Udelar<\/span><\/div>\n<p><span style=\"color: #ffffff\">\u00a0<\/span><\/p>\n<\/div><div class=\"fusion-sep-clear\"><\/div><div class=\"fusion-separator fusion-full-width-sep\" style=\"margin-left: auto;margin-right: auto;margin-top:5px;width:100%;\"><\/div><div class=\"fusion-sep-clear\"><\/div><div class=\"fusion-button-wrapper\"><style type=\"text\/css\">.fusion-button.button-1 {border-radius:2px;}<\/style><a class=\"fusion-button button-flat fusion-button-default-size button-default button-1 fusion-button-span-no fusion-button-default-type\" target=\"_blank\" rel=\"noopener noreferrer\" href=\"http:\/\/encuestas.cse.udelar.edu.uy\/index.php\/461665?lang=es\"><span class=\"fusion-button-text\">inscripciones abiertas<\/span><\/a><\/div><div class=\"fusion-sep-clear\"><\/div><div class=\"fusion-separator fusion-full-width-sep\" style=\"margin-left: auto;margin-right: auto;margin-top:5px;width:100%;\"><\/div><div class=\"fusion-sep-clear\"><\/div><div class=\"fusion-button-wrapper\"><style type=\"text\/css\">.fusion-button.button-2 {border-radius:2px;}<\/style><a class=\"fusion-button button-flat fusion-button-default-size button-default button-2 fusion-button-span-no fusion-button-default-type\" target=\"_blank\" rel=\"noopener noreferrer\" href=\"http:\/\/www.cse.udelar.edu.uy\/wp-content\/uploads\/2018\/10\/jornadas_noviembre_final.pdf\"><span class=\"fusion-button-text\">ACCEDA AL PROGRAMA<\/span><\/a><\/div><\/div><\/div><div class=\"fusion-clearfix\"><\/div><\/div><\/div><div class=\"fusion-layout-column fusion_builder_column fusion-builder-column-1 fusion_builder_column_1_3 1_3 fusion-one-third fusion-column-last\" style=\"margin-top:0px;margin-bottom:0px;\"><div class=\"fusion-column-wrapper fusion-flex-column-wrapper-legacy\" style=\"background-image: url(&#039;http:\/\/www.cse.udelar.edu.uy\/jornadasdiscusion2018\/wp-content\/uploads\/sites\/9\/2018\/07\/about-background2-240x300.jpg&#039;);background-position:left top;background-repeat:no-repeat;-webkit-background-size:cover;-moz-background-size:cover;-o-background-size:cover;background-size:cover;padding: 0px 0px 0px 0px;\" data-bg-url=\"http:\/\/www.cse.udelar.edu.uy\/jornadasdiscusion2018\/wp-content\/uploads\/sites\/9\/2018\/07\/about-background2-240x300.jpg\"><div class=\"fusion-clearfix\"><\/div><\/div><\/div><\/div><\/div>\n","protected":false},"excerpt":{"rendered":"","protected":false},"author":1,"featured_media":0,"parent":0,"menu_order":0,"comment_status":"closed","ping_status":"open","template":"100-width.php","meta":[],"_links":{"self":[{"href":"https:\/\/www.cse.udelar.edu.uy\/jornadasdiscusion2018\/wp-json\/wp\/v2\/pages\/7"}],"collection":[{"href":"https:\/\/www.cse.udelar.edu.uy\/jornadasdiscusion2018\/wp-json\/wp\/v2\/pages"}],"about":[{"href":"https:\/\/www.cse.udelar.edu.uy\/jornadasdiscusion2018\/wp-json\/wp\/v2\/types\/page"}],"author":[{"embeddable":true,"href":"https:\/\/www.cse.udelar.edu.uy\/jornadasdiscusion2018\/wp-json\/wp\/v2\/users\/1"}],"replies":[{"embeddable":true,"href":"https:\/\/www.cse.udelar.edu.uy\/jornadasdiscusion2018\/wp-json\/wp\/v2\/comments?post=7"}],"version-history":[{"count":1,"href":"https:\/\/www.cse.udelar.edu.uy\/jornadasdiscusion2018\/wp-json\/wp\/v2\/pages\/7\/revisions"}],"predecessor-version":[{"id":1079,"href":"https:\/\/www.cse.udelar.edu.uy\/jornadasdiscusion2018\/wp-json\/wp\/v2\/pages\/7\/revisions\/1079"}],"wp:attachment":[{"href":"https:\/\/www.cse.udelar.edu.uy\/jornadasdiscusion2018\/wp-json\/wp\/v2\/media?parent=7"}],"curies":[{"name":"wp","href":"https:\/\/api.w.org\/{rel}","templated":true}]}}