{"id":1364,"date":"2015-02-20T20:12:00","date_gmt":"2015-02-20T20:12:00","guid":{"rendered":"http:\/\/avada.theme-fusion.com_demos\/law\/?page_id=8"},"modified":"2023-09-06T19:48:22","modified_gmt":"2023-09-06T19:48:22","slug":"home-2","status":"publish","type":"page","link":"https:\/\/www.cse.udelar.edu.uy\/meu\/","title":{"rendered":"Home"},"content":{"rendered":"<p><div class=\"fusion-fullwidth fullwidth-box fusion-builder-row-1 hundred-percent-fullwidth non-hundred-percent-height-scrolling\" style=\"background-color: rgba(255,255,255,0);background-position: center center;background-repeat: no-repeat;padding-top:0px;padding-right:0px;padding-bottom:0px;padding-left:0px;margin-bottom: 20px;margin-top: 0px;border-width: 0px 0px 0px 0px;border-color:#eae9e9;border-style:solid;\" ><div class=\"fusion-builder-row fusion-row\"><div class=\"fusion-layout-column fusion_builder_column fusion-builder-column-0 fusion_builder_column_1_1 1_1 fusion-one-full fusion-column-first fusion-column-last fusion-column-no-min-height\" style=\"margin-top:0px;margin-bottom:0px;\"><div class=\"fusion-column-wrapper fusion-flex-column-wrapper-legacy\" style=\"background-position:left top;background-repeat:no-repeat;-webkit-background-size:cover;-moz-background-size:cover;-o-background-size:cover;background-size:cover;padding: 0px 0px 0px 0px;\"><div class=\"fusion-sep-clear\"><\/div><div class=\"fusion-separator fusion-full-width-sep\" style=\"margin-left: auto;margin-right: auto;width:100%;\"><\/div><div class=\"fusion-sep-clear\"><\/div><div class=\"fusion-clearfix\"><\/div><\/div><\/div><\/div><style type=\"text\/css\">.fusion-fullwidth.fusion-builder-row-1 { overflow:visible; }<\/style><\/div><div class=\"fusion-fullwidth fullwidth-box fusion-builder-row-2 hundred-percent-fullwidth non-hundred-percent-height-scrolling\" style=\"background-color: rgba(255,255,255,0);background-position: center center;background-repeat: no-repeat;padding-top:0px;padding-right:0px;padding-bottom:0px;padding-left:0px;margin-bottom: 0px;margin-top: 0px;border-width: 0px 0px 0px 0px;border-color:#eae9e9;border-style:solid;\" ><div class=\"fusion-builder-row fusion-row\"><div class=\"fusion-layout-column fusion_builder_column fusion-builder-column-1 fusion_builder_column_1_1 1_1 fusion-one-full fusion-column-first fusion-column-last fusion-column-no-min-height\" style=\"margin-top:0px;margin-bottom:0px;\"><div class=\"fusion-column-wrapper fusion-flex-column-wrapper-legacy\" style=\"background-position:left top;background-repeat:no-repeat;-webkit-background-size:cover;-moz-background-size:cover;-o-background-size:cover;background-size:cover;padding: 0px 0px 0px 0px;\"><div class=\"fusion-post-slider fusion-flexslider fusion-flexslider-loading flexslider-posts borde\"><ul class=\"slides\"><li><a href=\"https:\/\/www.cse.udelar.edu.uy\/meu\/2025\/08\/22\/desde-el-lunes-1-de-setiembre-hasta-el-domingo-2-de-noviembre-de-2025-se-reciben-postulaciones-para-la-maestria-en-ensenanza-universitaria-octava-edicion-cohorte-2026-2027\/\" aria-label=\"Desde el lunes 1 de setiembre hasta el domingo 2 de noviembre de 2025 se reciben postulaciones para la Maestr\u00eda en Ense\u00f1anza Universitaria. Octava Edici\u00f3n &#8211; Cohorte 2026-2027\"><img loading=\"lazy\" width=\"2400\" height=\"612\" class=\"wp-image-2453\" src=\"https:\/\/www.cse.udelar.edu.uy\/meu\/wp-content\/uploads\/sites\/17\/2025\/08\/Cabezal-nueva-MEU-26-27.png\" alt=\"\" srcset=\"https:\/\/www.cse.udelar.edu.uy\/meu\/wp-content\/uploads\/sites\/17\/2025\/08\/Cabezal-nueva-MEU-26-27-200x51.png 200w, https:\/\/www.cse.udelar.edu.uy\/meu\/wp-content\/uploads\/sites\/17\/2025\/08\/Cabezal-nueva-MEU-26-27-400x102.png 400w, https:\/\/www.cse.udelar.edu.uy\/meu\/wp-content\/uploads\/sites\/17\/2025\/08\/Cabezal-nueva-MEU-26-27-600x153.png 600w, https:\/\/www.cse.udelar.edu.uy\/meu\/wp-content\/uploads\/sites\/17\/2025\/08\/Cabezal-nueva-MEU-26-27-800x204.png 800w, https:\/\/www.cse.udelar.edu.uy\/meu\/wp-content\/uploads\/sites\/17\/2025\/08\/Cabezal-nueva-MEU-26-27-1200x306.png 1200w, https:\/\/www.cse.udelar.edu.uy\/meu\/wp-content\/uploads\/sites\/17\/2025\/08\/Cabezal-nueva-MEU-26-27.png 2400w\" sizes=\"(max-width: 800px) 100vw, 1200px\" \/><\/a><div class=\"slide-excerpt\"><h2><a href=\"https:\/\/www.cse.udelar.edu.uy\/meu\/2025\/08\/22\/desde-el-lunes-1-de-setiembre-hasta-el-domingo-2-de-noviembre-de-2025-se-reciben-postulaciones-para-la-maestria-en-ensenanza-universitaria-octava-edicion-cohorte-2026-2027\/\">Desde el lunes 1 de setiembre hasta el domingo 2 de noviembre de 2025 se reciben postulaciones para la Maestr\u00eda en Ense\u00f1anza Universitaria. Octava Edici\u00f3n &#8211; Cohorte 2026-2027<\/a><\/h2><\/div><\/li><li><a href=\"https:\/\/www.cse.udelar.edu.uy\/meu\/2015\/07\/07\/music-brings-us-together-in-celebration\/\" aria-label=\"Documentos de inter\u00e9s\"><img loading=\"lazy\" width=\"1200\" height=\"306\" class=\"wp-image-1497\" src=\"https:\/\/www.cse.udelar.edu.uy\/meu\/wp-content\/uploads\/sites\/17\/2015\/09\/meu06.png\" alt=\"\" srcset=\"https:\/\/www.cse.udelar.edu.uy\/meu\/wp-content\/uploads\/sites\/17\/2015\/09\/meu06-200x51.png 200w, https:\/\/www.cse.udelar.edu.uy\/meu\/wp-content\/uploads\/sites\/17\/2015\/09\/meu06-400x102.png 400w, https:\/\/www.cse.udelar.edu.uy\/meu\/wp-content\/uploads\/sites\/17\/2015\/09\/meu06-600x153.png 600w, https:\/\/www.cse.udelar.edu.uy\/meu\/wp-content\/uploads\/sites\/17\/2015\/09\/meu06-800x204.png 800w, https:\/\/www.cse.udelar.edu.uy\/meu\/wp-content\/uploads\/sites\/17\/2015\/09\/meu06.png 1200w\" sizes=\"(max-width: 800px) 100vw, 1200px\" \/><\/a><div class=\"slide-excerpt\"><h2><a href=\"https:\/\/www.cse.udelar.edu.uy\/meu\/2015\/07\/07\/music-brings-us-together-in-celebration\/\">Documentos de inter\u00e9s<\/a><\/h2><\/div><\/li><li><a href=\"https:\/\/www.cse.udelar.edu.uy\/meu\/2015\/07\/02\/real-estate-laws-on-the-move\/\" aria-label=\"Caracter\u00edsticas del programa\"><img loading=\"lazy\" width=\"1200\" height=\"306\" class=\"wp-image-1498\" src=\"https:\/\/www.cse.udelar.edu.uy\/meu\/wp-content\/uploads\/sites\/17\/2015\/07\/meu02.png\" alt=\"\" srcset=\"https:\/\/www.cse.udelar.edu.uy\/meu\/wp-content\/uploads\/sites\/17\/2015\/07\/meu02-200x51.png 200w, https:\/\/www.cse.udelar.edu.uy\/meu\/wp-content\/uploads\/sites\/17\/2015\/07\/meu02-400x102.png 400w, https:\/\/www.cse.udelar.edu.uy\/meu\/wp-content\/uploads\/sites\/17\/2015\/07\/meu02-600x153.png 600w, https:\/\/www.cse.udelar.edu.uy\/meu\/wp-content\/uploads\/sites\/17\/2015\/07\/meu02-800x204.png 800w, https:\/\/www.cse.udelar.edu.uy\/meu\/wp-content\/uploads\/sites\/17\/2015\/07\/meu02.png 1200w\" sizes=\"(max-width: 800px) 100vw, 1200px\" \/><\/a><div class=\"slide-excerpt\"><h2><a href=\"https:\/\/www.cse.udelar.edu.uy\/meu\/2015\/07\/02\/real-estate-laws-on-the-move\/\">Caracter\u00edsticas del programa<\/a><\/h2><\/div><\/li><\/ul><\/div><div class=\"fusion-clearfix\"><\/div><\/div><\/div><div class=\"fusion-layout-column fusion_builder_column fusion-builder-column-2 fusion_builder_column_1_3 1_3 fusion-one-third fusion-column-first\" style=\"width:30.6666%; margin-right: 4%;margin-top:0px;margin-bottom:0px;\"><div class=\"fusion-column-wrapper fusion-flex-column-wrapper-legacy\" style=\"background-position:left top;background-repeat:no-repeat;-webkit-background-size:cover;-moz-background-size:cover;-o-background-size:cover;background-size:cover;border-width: 0 1px 0 0;border-color:#6d6d6d;border-style:dotted;padding: 0px 40px 0px 0px;\"><div class=\"fusion-sep-clear\"><\/div><div class=\"fusion-separator fusion-has-icon fusion-full-width-sep\" style=\"margin-left: auto;margin-right: auto;margin-top:20px;margin-bottom:20px;width:100%;\"><div class=\"fusion-separator-border sep-single sep-dotted\" style=\"border-color:#6d6d6d;border-top-width:1px;\"><\/div><span class=\"icon-wrapper\" style=\"border-color:#6d6d6d;background-color:rgba(255,255,255,0);font-size:15px;width: 1.75em; height: 1.75em;border-width:1px;padding:1px;margin-top:-0.5px\"><i class=\" fa fa-calendar\" style=\"font-size: inherit;color:#6d6d6d;\" aria-hidden=\"true\"><\/i><\/span><div class=\"fusion-separator-border sep-single sep-dotted\" style=\"border-color:#6d6d6d;border-top-width:1px;\"><\/div><\/div><div class=\"fusion-sep-clear\"><\/div><div class=\"fusion-text fusion-text-1\"><div class=\"enlaces\">\n<p style=\"text-align: center;\"><a href=\"http:\/\/www.cse.udelar.edu.uy\/tesis-meu\/\"><img class=\"alignnone size-medium wp-image-1708\" src=\"http:\/\/www.cse.udelar.edu.uy\/posgrados\/wp-content\/uploads\/sites\/3\/2015\/02\/tesis-300x112.png\" alt=\"tesis\" width=\"300\" srcset=\"https:\/\/www.cse.udelar.edu.uy\/meu\/wp-content\/uploads\/sites\/17\/2015\/02\/tesis-200x75.png 200w, https:\/\/www.cse.udelar.edu.uy\/meu\/wp-content\/uploads\/sites\/17\/2015\/02\/tesis-300x112.png 300w, https:\/\/www.cse.udelar.edu.uy\/meu\/wp-content\/uploads\/sites\/17\/2015\/02\/tesis.png 337w\" sizes=\"(max-width: 300px) 100vw, 300px\" \/><\/a><\/p>\n<\/div>\n<\/div><div class=\"fusion-sep-clear\"><\/div><div class=\"fusion-separator fusion-full-width-sep\" style=\"margin-left: auto;margin-right: auto;margin-top:5px;margin-bottom:20px;width:100%;\"><div class=\"fusion-separator-border sep-single sep-dotted\" style=\"border-color:#6d6d6d;border-top-width:1px;\"><\/div><\/div><div class=\"fusion-sep-clear\"><\/div><div class=\"fusion-text fusion-text-2\"><div class=\"enlaces\">\n<p style=\"text-align: center;\"><a href=\"http:\/\/eva.universidad.edu.uy\/course\/index.php?categoryid=54\" target=\"_blank\" rel=\"noopener noreferrer\"><img class=\"alignnone size-medium wp-image-1531\" src=\"http:\/\/www.cse.udelar.edu.uy\/posgrados\/wp-content\/uploads\/sites\/3\/2015\/02\/botonmoodle-1-300x112.png\" alt=\"botonmoodle\" width=\"200\" srcset=\"https:\/\/www.cse.udelar.edu.uy\/meu\/wp-content\/uploads\/sites\/17\/2015\/02\/botonmoodle-1-200x75.png 200w, https:\/\/www.cse.udelar.edu.uy\/meu\/wp-content\/uploads\/sites\/17\/2015\/02\/botonmoodle-1-300x112.png 300w, https:\/\/www.cse.udelar.edu.uy\/meu\/wp-content\/uploads\/sites\/17\/2015\/02\/botonmoodle-1.png 337w\" sizes=\"(max-width: 300px) 100vw, 300px\" \/><\/a><\/p>\n<p style=\"text-align: center;\"><a href=\"http:\/\/www.cse.udelar.edu.uy\" target=\"_blank\" rel=\"noopener noreferrer\"><img class=\"alignnone size-medium wp-image-1535\" src=\"http:\/\/www.cse.udelar.edu.uy\/posgrados\/wp-content\/uploads\/sites\/3\/2015\/02\/botoncse-2-300x112.png\" alt=\"botoncse\" width=\"200\" srcset=\"https:\/\/www.cse.udelar.edu.uy\/meu\/wp-content\/uploads\/sites\/17\/2015\/02\/botoncse-2-200x75.png 200w, https:\/\/www.cse.udelar.edu.uy\/meu\/wp-content\/uploads\/sites\/17\/2015\/02\/botoncse-2-300x112.png 300w, https:\/\/www.cse.udelar.edu.uy\/meu\/wp-content\/uploads\/sites\/17\/2015\/02\/botoncse-2.png 337w\" sizes=\"(max-width: 300px) 100vw, 300px\" \/><\/a><\/p>\n<p style=\"text-align: center;\"><a href=\"http:\/\/www.fhuce.edu.uy\" target=\"_blank\" rel=\"noopener noreferrer\"><img class=\"alignnone size-medium wp-image-1533\" src=\"http:\/\/www.cse.udelar.edu.uy\/posgrados\/wp-content\/uploads\/sites\/3\/2015\/02\/botonfhuce-1-300x112.png\" alt=\"botonfhuce\" width=\"200\" srcset=\"https:\/\/www.cse.udelar.edu.uy\/meu\/wp-content\/uploads\/sites\/17\/2015\/02\/botonfhuce-1-200x75.png 200w, https:\/\/www.cse.udelar.edu.uy\/meu\/wp-content\/uploads\/sites\/17\/2015\/02\/botonfhuce-1-300x112.png 300w, https:\/\/www.cse.udelar.edu.uy\/meu\/wp-content\/uploads\/sites\/17\/2015\/02\/botonfhuce-1.png 337w\" sizes=\"(max-width: 300px) 100vw, 300px\" \/><\/a><\/p>\n<p style=\"text-align: center;\"><a href=\"http:\/\/www.universidad.edu.uy\" target=\"_blank\" rel=\"noopener noreferrer\"><img class=\"alignnone size-medium wp-image-1536\" src=\"http:\/\/www.cse.udelar.edu.uy\/posgrados\/wp-content\/uploads\/sites\/3\/2015\/02\/botonudelar-2-300x112.png\" alt=\"botonudelar\" width=\"200\" srcset=\"https:\/\/www.cse.udelar.edu.uy\/meu\/wp-content\/uploads\/sites\/17\/2015\/02\/botonudelar-2-200x75.png 200w, https:\/\/www.cse.udelar.edu.uy\/meu\/wp-content\/uploads\/sites\/17\/2015\/02\/botonudelar-2-300x112.png 300w, https:\/\/www.cse.udelar.edu.uy\/meu\/wp-content\/uploads\/sites\/17\/2015\/02\/botonudelar-2.png 337w\" sizes=\"(max-width: 300px) 100vw, 300px\" \/><\/a><\/p>\n<\/div>\n<\/div><div class=\"fusion-clearfix\"><\/div><\/div><\/div><div class=\"fusion-layout-column fusion_builder_column fusion-builder-column-3 fusion_builder_column_2_3 2_3 fusion-two-third fusion-column-last\" style=\"width:65.3333%;margin-top:0px;margin-bottom:0px;\"><div class=\"fusion-column-wrapper fusion-flex-column-wrapper-legacy\" style=\"background-position:left top;background-repeat:no-repeat;-webkit-background-size:cover;-moz-background-size:cover;-o-background-size:cover;background-size:cover;border-width: 0 0 0 0px;border-color:#6d6d6d;border-style:dotted;padding: 0px 0px 0px 40px;\"><div class=\"fusion-sep-clear\"><\/div><div class=\"fusion-separator fusion-has-icon fusion-full-width-sep\" style=\"margin-left: auto;margin-right: auto;margin-top:20px;margin-bottom:20px;width:100%;\"><div class=\"fusion-separator-border sep-single sep-dotted\" style=\"border-color:#6d6d6d;border-top-width:1px;\"><\/div><span class=\"icon-wrapper\" style=\"border-color:#6d6d6d;background-color:rgba(255,255,255,0);font-size:15px;width: 1.75em; height: 1.75em;border-width:1px;padding:1px;margin-top:-0.5px\"><i class=\" fa fa-newspaper-o\" style=\"font-size: inherit;color:#6d6d6d;\" aria-hidden=\"true\"><\/i><\/span><div class=\"fusion-separator-border sep-single sep-dotted\" style=\"border-color:#6d6d6d;border-top-width:1px;\"><\/div><\/div><div class=\"fusion-sep-clear\"><\/div><style type=\"text\/css\"><\/style><div class=\"fusion-title title fusion-title-1 fusion-sep-none fusion-title-center fusion-title-text fusion-title-size-two\" style=\"margin-top:0px;margin-bottom:30px;\"><h2 class=\"title-heading-center\" style=\"margin:0;\"><p style=\"text-align: center;\">Noticias<\/p><\/h2><\/div><div class=\"fusion-recent-posts fusion-recent-posts-1 avada-container layout-default layout-columns-2\"><section class=\"fusion-columns columns fusion-columns-2 columns-2\"><article class=\"post fusion-column column col col-lg-6 col-md-6 col-sm-6\"><div class=\"fusion-flexslider fusion-flexslider-loading flexslider flexslider-hover-type-none\"><ul class=\"slides\"><li><a href=\"https:\/\/www.cse.udelar.edu.uy\/meu\/2025\/08\/22\/desde-el-lunes-1-de-setiembre-hasta-el-domingo-2-de-noviembre-de-2025-se-reciben-postulaciones-para-la-maestria-en-ensenanza-universitaria-octava-edicion-cohorte-2026-2027\/\" aria-label=\"Desde el lunes 1 de setiembre hasta el domingo 2 de noviembre de 2025 se reciben postulaciones para la Maestr\u00eda en Ense\u00f1anza Universitaria. Octava Edici\u00f3n &#8211; Cohorte 2026-2027\" class=\"hover-type-none\"><img width=\"700\" height=\"441\" src=\"https:\/\/www.cse.udelar.edu.uy\/meu\/wp-content\/uploads\/sites\/17\/2025\/08\/Cabezal-nueva-MEU-26-27-700x441.png\" class=\"attachment-recent-posts size-recent-posts\" alt=\"\" loading=\"lazy\" srcset=\"https:\/\/www.cse.udelar.edu.uy\/meu\/wp-content\/uploads\/sites\/17\/2025\/08\/Cabezal-nueva-MEU-26-27-320x202.png 320w, https:\/\/www.cse.udelar.edu.uy\/meu\/wp-content\/uploads\/sites\/17\/2025\/08\/Cabezal-nueva-MEU-26-27-700x441.png 700w\" sizes=\"(max-width: 700px) 100vw, 700px\" \/><\/a><\/li><\/ul><\/div><div class=\"recent-posts-content\"><span class=\"vcard\" style=\"display: none;\"><span class=\"fn\"><a href=\"https:\/\/www.cse.udelar.edu.uy\/meu\/author\/acardozo\/\" title=\"Entradas de acardozo\" rel=\"author\">acardozo<\/a><\/span><\/span><span class=\"updated\" style=\"display:none;\">2025-08-26T21:36:56+00:00<\/span><h4 class=\"entry-title\"><a href=\"https:\/\/www.cse.udelar.edu.uy\/meu\/2025\/08\/22\/desde-el-lunes-1-de-setiembre-hasta-el-domingo-2-de-noviembre-de-2025-se-reciben-postulaciones-para-la-maestria-en-ensenanza-universitaria-octava-edicion-cohorte-2026-2027\/\">Desde el lunes 1 de setiembre hasta el domingo 2 de noviembre de 2025 se reciben postulaciones para la Maestr\u00eda en Ense\u00f1anza Universitaria. Octava Edici\u00f3n &#8211; Cohorte 2026-2027<\/a><\/h4><\/div><\/article><article class=\"post fusion-column column col col-lg-6 col-md-6 col-sm-6\"><div class=\"fusion-flexslider fusion-flexslider-loading flexslider flexslider-hover-type-none\"><ul class=\"slides\"><li><a href=\"https:\/\/www.cse.udelar.edu.uy\/meu\/2015\/07\/07\/music-brings-us-together-in-celebration\/\" aria-label=\"Documentos de inter\u00e9s\" class=\"hover-type-none\"><img width=\"700\" height=\"306\" src=\"https:\/\/www.cse.udelar.edu.uy\/meu\/wp-content\/uploads\/sites\/17\/2015\/09\/meu06-700x306.png\" class=\"attachment-recent-posts size-recent-posts\" alt=\"\" loading=\"lazy\" \/><\/a><\/li><\/ul><\/div><div class=\"recent-posts-content\"><span class=\"vcard\" style=\"display: none;\"><span class=\"fn\"><a href=\"https:\/\/www.cse.udelar.edu.uy\/meu\/author\/gperez\/\" title=\"Entradas de Comunicaci\u00f3n CSE-Udelar\" rel=\"author\">Comunicaci\u00f3n CSE-Udelar<\/a><\/span><\/span><span class=\"updated\" style=\"display:none;\">2023-09-07T19:46:51+00:00<\/span><h4 class=\"entry-title\"><a href=\"https:\/\/www.cse.udelar.edu.uy\/meu\/2015\/07\/07\/music-brings-us-together-in-celebration\/\">Documentos de inter\u00e9s<\/a><\/h4><\/div><\/article><\/section><\/div><div class=\"fusion-clearfix\"><\/div><\/div><\/div><\/div><style type=\"text\/css\">.fusion-fullwidth.fusion-builder-row-2 { overflow:visible; }<\/style><\/div><\/p>\n","protected":false},"excerpt":{"rendered":"","protected":false},"author":2,"featured_media":0,"parent":0,"menu_order":0,"comment_status":"open","ping_status":"open","template":"","meta":[],"_links":{"self":[{"href":"https:\/\/www.cse.udelar.edu.uy\/meu\/wp-json\/wp\/v2\/pages\/1364"}],"collection":[{"href":"https:\/\/www.cse.udelar.edu.uy\/meu\/wp-json\/wp\/v2\/pages"}],"about":[{"href":"https:\/\/www.cse.udelar.edu.uy\/meu\/wp-json\/wp\/v2\/types\/page"}],"author":[{"embeddable":true,"href":"https:\/\/www.cse.udelar.edu.uy\/meu\/wp-json\/wp\/v2\/users\/2"}],"replies":[{"embeddable":true,"href":"https:\/\/www.cse.udelar.edu.uy\/meu\/wp-json\/wp\/v2\/comments?post=1364"}],"version-history":[{"count":1,"href":"https:\/\/www.cse.udelar.edu.uy\/meu\/wp-json\/wp\/v2\/pages\/1364\/revisions"}],"predecessor-version":[{"id":2317,"href":"https:\/\/www.cse.udelar.edu.uy\/meu\/wp-json\/wp\/v2\/pages\/1364\/revisions\/2317"}],"wp:attachment":[{"href":"https:\/\/www.cse.udelar.edu.uy\/meu\/wp-json\/wp\/v2\/media?parent=1364"}],"curies":[{"name":"wp","href":"https:\/\/api.w.org\/{rel}","templated":true}]}}