{"id":1563,"date":"2016-07-12T23:10:56","date_gmt":"2016-07-12T23:10:56","guid":{"rendered":"http:\/\/posgrados.cse.udelar.edu.uy\/?page_id=1563"},"modified":"2023-09-06T19:53:47","modified_gmt":"2023-09-06T19:53:47","slug":"caracteristicas-del-programa","status":"publish","type":"page","link":"https:\/\/www.cse.udelar.edu.uy\/meu\/caracteristicas-del-programa\/","title":{"rendered":"Caracter\u00edsticas del programa"},"content":{"rendered":"<p>La Comisi\u00f3n Sectorial de Ense\u00f1anza, el \u00c1rea Social y Art\u00edstica de la Universidad de la Rep\u00fablica, y el Consejo de Formaci\u00f3n en Educaci\u00f3n de la ANEP, convocan a la sexta edici\u00f3n de la Maestr\u00eda en Ense\u00f1anza Universitaria, dirigida a docentes activos de los niveles universitario y terciario.<\/p>\n<p>Su objetivo primordial es iniciar a los docentes en la investigaci\u00f3n educativa a nivel superior, entendiendo el campo pedag\u00f3gico-did\u00e1ctico universitario como un \u00e1rea de conocimiento interdisciplinar, articulado al componente epistemol\u00f3gico de las disciplinas y los saberes profesionales espec\u00edficos.<\/p>\n<p>Las l\u00edneas de investigaci\u00f3n abarcan las tem\u00e1ticas de pol\u00edticas de ense\u00f1anza superior, did\u00e1ctica en educaci\u00f3n superior y problemas de la ense\u00f1anza.<\/p>\n<p>El posgrado consta de:<\/p>\n<ol>\n<li>un eje de formaci\u00f3n te\u00f3rica con dos \u00e1reas tem\u00e1ticas centrales, Universidad y Educaci\u00f3n<\/li>\n<li>un eje de formaci\u00f3n metodol\u00f3gica que comprende aspectos epistemol\u00f3gicos e instrumentales de la investigaci\u00f3n cient\u00edfica, as\u00ed como un abordaje de la investigaci\u00f3n educativa propiamente dicha, a trav\u00e9s del Taller y Seminario de Tesis.<\/li>\n<\/ol>\n<p>El dise\u00f1o curricular se concibe de forma flexible con una oferta de cursos opcionales y electivos que se ajustan a los proyectos de tesis. Se contempla, asimismo, la posibilidad de acreditar cursos en tem\u00e1ticas afines realizados en otros programas de similar nivel, as\u00ed como la integraci\u00f3n de estudiantes de posgrados nacionales en educaci\u00f3n.<\/p>\n<p>Cuenta con un vasto plantel docente, nacional y regional, con s\u00f3lida trayectoria en las \u00e1reas tem\u00e1ticas centrales, Universidad y Educaci\u00f3n; y se respalda en programas de investigaci\u00f3n y posgrado de universidades de la regi\u00f3n (Uruguay, Argentina y Brasil).<\/p>\n<p>La responsabilidad acad\u00e9mica del posgrado est\u00e1 a cargo del \u00c1rea Social y Art\u00edstica, de la Comisi\u00f3n Sectorial de Ense\u00f1anza y del Consejo de Formaci\u00f3n en Educaci\u00f3n, con la conducci\u00f3n de un Comit\u00e9 Acad\u00e9mico integrado actualmente por los profesores:<\/p>\n<p>Elo\u00edsa Bordoli (FHCE)<\/p>\n<p>Mar\u00eda Esther Mancebo (FCS)<\/p>\n<p>Gabriel Kapl\u00fan (FIC)<\/p>\n<p>Mercedes Collazo, Gabriel Errandonea (CSE)<\/p>\n<p>Representante del CFE &#8211; ANEP<\/p>\n<p>La coordinaci\u00f3n acad\u00e9mica del posgrado est\u00e1 a cargo de la Comisi\u00f3n Sectorial de Ense\u00f1anza y la gesti\u00f3n administrativa de la Unidad de Profundizaci\u00f3n, Especializaci\u00f3n y Posgrados (UPEP) de la Facultad de Humanidades y Ciencias de la Educaci\u00f3n.<\/p>\n<p>&nbsp;<\/p>\n<h2><b>Modalidad de cursado<\/b><\/h2>\n<p>En la presente edici\u00f3n las unidades curriculares se desarrollar\u00e1n en modalidad presencial (50%) o en modalidad virtual (50%). No se implementar\u00e1n formatos h\u00edbridos. Los talleres obligatorios del m\u00f3dulo metodol\u00f3gico ser\u00e1n presenciales.<\/p>\n<h2><b>Duraci\u00f3n, acreditaci\u00f3n y horarios preferenciales<\/b><\/h2>\n<p>Nivel de Maestr\u00eda: dos a\u00f1os lectivos, 100 cr\u00e9ditos.<\/p>\n<p>Requiere una dedicaci\u00f3n m\u00ednima al estudio de medio tiempo semanal y flexibilidad horaria para participar de los cursos (m\u00ednimo 80% de asistencia).<\/p>\n<p>Los d\u00edas y horarios de clase preferenciales son: jueves y viernes de tarde, s\u00e1bados de ma\u00f1ana.<\/p>\n<h2><b>Requisitos de admisi\u00f3n<\/b><\/h2>\n<p>Para cursar el posgrado se requiere cumplir con los requerimientos establecidos por la Ordenanza de las Carreras de Posgrado de la Universidad de la Rep\u00fablica.<\/p>\n<p>En tal sentido, ser\u00e1n destinatarios de este posgrado los graduados universitarios o personas que, excepcionalmente, acrediten formaci\u00f3n equivalente (Art. 1\u00ba), y que se encuentren ejerciendo actividades de docencia.<\/p>\n<p>En el caso de la ANEP se deber\u00e1 contar con alguno de los siguientes t\u00edtulos: Maestro de Educaci\u00f3n Primaria, Profesor de Educaci\u00f3n Media, Maestro T\u00e9cnico de Educaci\u00f3n T\u00e9cnico Profesional, Educador Social; y acreditar docencia actual en los institutos de formaci\u00f3n docente.<\/p>\n<p>&nbsp;<\/p>\n<h2><b>Criterios de selecci\u00f3n<\/b><\/h2>\n<p>En la selecci\u00f3n de aspirantes se considerar\u00e1 el historial docente de los candidatos y se procurar\u00e1 una integraci\u00f3n diversificada de la cohorte en t\u00e9rminos de formaci\u00f3n disciplinar de base y procedencia institucional.<\/p>\n<p>El Comit\u00e9 Acad\u00e9mico podr\u00e1 solicitar entrevistas a los candidatos y documentaci\u00f3n probatoria adicional de los m\u00e9ritos presentados bajo declaraci\u00f3n jurada.<\/p>\n<p><b>Cupo de la edici\u00f3n\u00a0<\/b><\/p>\n<p>50 estudiantes<\/p>\n<p>&nbsp;<\/p>\n<p><b>T\u00edtulo a otorgar<\/b><\/p>\n<p>Magister en Ense\u00f1anza Universitaria<\/p>\n","protected":false},"excerpt":{"rendered":"<p>La Comisi\u00f3n Sectorial de Ense\u00f1anza, el \u00c1rea Social y Art\u00edstica de la Universidad de la Rep\u00fablica, y el Consejo de Formaci\u00f3n en [&hellip;]<\/p>\n","protected":false},"author":2,"featured_media":1498,"parent":0,"menu_order":0,"comment_status":"closed","ping_status":"closed","template":"","meta":[],"_links":{"self":[{"href":"https:\/\/www.cse.udelar.edu.uy\/meu\/wp-json\/wp\/v2\/pages\/1563"}],"collection":[{"href":"https:\/\/www.cse.udelar.edu.uy\/meu\/wp-json\/wp\/v2\/pages"}],"about":[{"href":"https:\/\/www.cse.udelar.edu.uy\/meu\/wp-json\/wp\/v2\/types\/page"}],"author":[{"embeddable":true,"href":"https:\/\/www.cse.udelar.edu.uy\/meu\/wp-json\/wp\/v2\/users\/2"}],"replies":[{"embeddable":true,"href":"https:\/\/www.cse.udelar.edu.uy\/meu\/wp-json\/wp\/v2\/comments?post=1563"}],"version-history":[{"count":2,"href":"https:\/\/www.cse.udelar.edu.uy\/meu\/wp-json\/wp\/v2\/pages\/1563\/revisions"}],"predecessor-version":[{"id":2319,"href":"https:\/\/www.cse.udelar.edu.uy\/meu\/wp-json\/wp\/v2\/pages\/1563\/revisions\/2319"}],"wp:featuredmedia":[{"embeddable":true,"href":"https:\/\/www.cse.udelar.edu.uy\/meu\/wp-json\/wp\/v2\/media\/1498"}],"wp:attachment":[{"href":"https:\/\/www.cse.udelar.edu.uy\/meu\/wp-json\/wp\/v2\/media?parent=1563"}],"curies":[{"name":"wp","href":"https:\/\/api.w.org\/{rel}","templated":true}]}}