{"id":1698,"date":"2016-07-15T15:45:02","date_gmt":"2016-07-15T15:45:02","guid":{"rendered":"http:\/\/posgrados.cse.udelar.edu.uy\/?page_id=1698"},"modified":"2023-09-06T19:59:57","modified_gmt":"2023-09-06T19:59:57","slug":"ingreso-estudiantes-extranjeros","status":"publish","type":"page","link":"https:\/\/www.cse.udelar.edu.uy\/meu\/ingreso-estudiantes-extranjeros\/","title":{"rendered":"Ingreso estudiantes extranjeros"},"content":{"rendered":"<p><strong>Migrantes:<\/strong><\/p>\n<p>En el siguiente enlace, estudiantes, docentes e investigadores del exterior podr\u00e1n encontrar informaci\u00f3n sobre tr\u00e1mites en la Udelar y en distintas dependencias estatales, as\u00ed como otros datos de inter\u00e9s.<\/p>\n<p><span id=\"OBJ_PREFIX_DWT201_com_zimbra_url\" class=\"Object\" role=\"link\"><a href=\"https:\/\/udelar.edu.uy\/portal\/migrantes\/\" target=\"_blank\" rel=\"nofollow noopener noreferrer\">https:\/\/udelar.edu.uy\/portal\/migrantes\/<\/a><\/span><\/p>\n<p><strong>Rev\u00e1lidas:<\/strong><\/p>\n<p>La Universidad de la Rep\u00fablica podr\u00e1 revalidar estudios cursados en instituciones nacionales de ense\u00f1anza o en el exterior. Estos tr\u00e1mites se rigen ordenanzas generales a las que podr\u00e1n acceder en el siguiente enlace:<\/p>\n<p><span id=\"OBJ_PREFIX_DWT202_com_zimbra_url\" class=\"Object\" role=\"link\"><a href=\"https:\/\/udelar.edu.uy\/portal\/ensenanza\/revalidas\/\" target=\"_blank\" rel=\"nofollow noopener noreferrer\">https:\/\/udelar.edu.uy\/portal\/ensenanza\/revalidas\/<\/a><\/span><\/p>\n","protected":false},"excerpt":{"rendered":"<p>Migrantes: En el siguiente enlace, estudiantes, docentes e investigadores del exterior podr\u00e1n encontrar informaci\u00f3n sobre tr\u00e1mites en la Udelar y en distintas [&hellip;]<\/p>\n","protected":false},"author":2,"featured_media":0,"parent":0,"menu_order":0,"comment_status":"closed","ping_status":"closed","template":"","meta":[],"_links":{"self":[{"href":"https:\/\/www.cse.udelar.edu.uy\/meu\/wp-json\/wp\/v2\/pages\/1698"}],"collection":[{"href":"https:\/\/www.cse.udelar.edu.uy\/meu\/wp-json\/wp\/v2\/pages"}],"about":[{"href":"https:\/\/www.cse.udelar.edu.uy\/meu\/wp-json\/wp\/v2\/types\/page"}],"author":[{"embeddable":true,"href":"https:\/\/www.cse.udelar.edu.uy\/meu\/wp-json\/wp\/v2\/users\/2"}],"replies":[{"embeddable":true,"href":"https:\/\/www.cse.udelar.edu.uy\/meu\/wp-json\/wp\/v2\/comments?post=1698"}],"version-history":[{"count":3,"href":"https:\/\/www.cse.udelar.edu.uy\/meu\/wp-json\/wp\/v2\/pages\/1698\/revisions"}],"predecessor-version":[{"id":2323,"href":"https:\/\/www.cse.udelar.edu.uy\/meu\/wp-json\/wp\/v2\/pages\/1698\/revisions\/2323"}],"wp:attachment":[{"href":"https:\/\/www.cse.udelar.edu.uy\/meu\/wp-json\/wp\/v2\/media?parent=1698"}],"curies":[{"name":"wp","href":"https:\/\/api.w.org\/{rel}","templated":true}]}}