{"id":1776,"date":"2016-09-02T12:13:54","date_gmt":"2016-09-02T15:13:54","guid":{"rendered":"http:\/\/posgrados.cse.udelar.edu.uy\/?page_id=1776"},"modified":"2016-09-02T12:13:54","modified_gmt":"2016-09-02T15:13:54","slug":"instituciones-y-sistemas-de-educacion-superior-genesis-evolucion-socio-historica-y-situacion-actual","status":"publish","type":"page","link":"https:\/\/www.cse.udelar.edu.uy\/meu\/instituciones-y-sistemas-de-educacion-superior-genesis-evolucion-socio-historica-y-situacion-actual\/","title":{"rendered":"Instituciones y sistemas  de educaci\u00f3n superior:  g\u00e9nesis, evoluci\u00f3n  socio-hist\u00f3rica  y situaci\u00f3n actual"},"content":{"rendered":"<p style=\"text-align: center\"><a href=\"https:\/\/www.cse.udelar.edu.uy\/meu\/wp-content\/uploads\/sites\/17\/2016\/09\/programa_landinelli.pdf\" target=\"_blank\" rel=\"noopener noreferrer\">Descargar documento en formato PDF<\/a><\/p>\n<p style=\"text-align: center\"><iframe class=\"pdfjs-viewer\" width=\"800px\" height=\"900px\" src=\"https:\/\/www.cse.udelar.edu.uy\/meu\/wp-content\/plugins\/pdf-viewer\/stable\/web\/viewer.html?file=https:\/\/www.cse.udelar.edu.uy\/meu\/wp-content\/uploads\/sites\/17\/2016\/09\/programa_landinelli.pdf\"><\/iframe> <\/p>\n","protected":false},"excerpt":{"rendered":"<p>Descargar documento en formato PDF<\/p>\n","protected":false},"author":2,"featured_media":0,"parent":0,"menu_order":0,"comment_status":"closed","ping_status":"closed","template":"","meta":[],"_links":{"self":[{"href":"https:\/\/www.cse.udelar.edu.uy\/meu\/wp-json\/wp\/v2\/pages\/1776"}],"collection":[{"href":"https:\/\/www.cse.udelar.edu.uy\/meu\/wp-json\/wp\/v2\/pages"}],"about":[{"href":"https:\/\/www.cse.udelar.edu.uy\/meu\/wp-json\/wp\/v2\/types\/page"}],"author":[{"embeddable":true,"href":"https:\/\/www.cse.udelar.edu.uy\/meu\/wp-json\/wp\/v2\/users\/2"}],"replies":[{"embeddable":true,"href":"https:\/\/www.cse.udelar.edu.uy\/meu\/wp-json\/wp\/v2\/comments?post=1776"}],"version-history":[{"count":0,"href":"https:\/\/www.cse.udelar.edu.uy\/meu\/wp-json\/wp\/v2\/pages\/1776\/revisions"}],"wp:attachment":[{"href":"https:\/\/www.cse.udelar.edu.uy\/meu\/wp-json\/wp\/v2\/media?parent=1776"}],"curies":[{"name":"wp","href":"https:\/\/api.w.org\/{rel}","templated":true}]}}