{"id":2053,"date":"2018-10-10T07:53:35","date_gmt":"2018-10-10T10:53:35","guid":{"rendered":"http:\/\/posgrados.cse.udelar.edu.uy\/?page_id=2053"},"modified":"2018-10-10T07:53:35","modified_gmt":"2018-10-10T10:53:35","slug":"programas-edicion-2018-2020","status":"publish","type":"page","link":"https:\/\/www.cse.udelar.edu.uy\/meu\/programas-edicion-2018-2020\/","title":{"rendered":"Programas Edici\u00f3n 2018-2020"},"content":{"rendered":"<h3><a href=\"https:\/\/www.cse.udelar.edu.uy\/meu\/wp-content\/uploads\/sites\/17\/2019\/09\/Programa-de-curso-sirvent-lucarelli.pdf\">Taller de tesis &#8211; Orientaci\u00f3n did\u00e1ctica<\/a><\/h3>\n<p>Mar\u00eda Teresa Sirvent &#8211; Elisa Lucarelli<\/p>\n<hr \/>\n<h3><a href=\"https:\/\/www.cse.udelar.edu.uy\/meu\/wp-content\/uploads\/sites\/17\/2019\/07\/Programa-de-curso2.pdf\">Usos y problemas de la argumentaci\u00f3n en ciencias sociales: narraci\u00f3n, prueba, plausibilidad<\/a><\/h3>\n<p>Rafael Mandressi<\/p>\n<hr \/>\n<h3><a href=\"https:\/\/www.cse.udelar.edu.uy\/meu\/wp-content\/uploads\/sites\/17\/2019\/07\/Programa-Pedagogi\u0301as-Culturales-2019.pdf\">Pedagog\u00edas culturales<\/a><\/h3>\n<p>Fernando Miranda<\/p>\n<hr \/>\n<h3><a href=\"https:\/\/www.cse.udelar.edu.uy\/meu\/wp-content\/uploads\/sites\/17\/2019\/06\/programa-de-curso-camilloni.pdf\">Did\u00e1ctica General y Did\u00e1ctica Universitaria<\/a><\/h3>\n<p>Alicia R. W. de Camilloni<\/p>\n<hr \/>\n<h3><a href=\"https:\/\/www.cse.udelar.edu.uy\/meu\/wp-content\/uploads\/sites\/17\/2019\/03\/programa-de-Epistemologi\u0301a.pdf\">Epistemologi\u0301a<\/a><\/h3>\n<p>Rafael Mandressi<\/p>\n<hr \/>\n<h3><a href=\"https:\/\/www.cse.udelar.edu.uy\/meu\/wp-content\/uploads\/sites\/17\/2018\/11\/Programa-del-seminario-2018.pdf\">Educaci\u00f3n Superior y formaci\u00f3n docente: pol\u00edticas, transformaciones y tendencias<\/a><\/h3>\n<p>Claudio Suasn\u00e1bar &#8211; Lea Vezub<\/p>\n<hr \/>\n<h3><a href=\"https:\/\/www.cse.udelar.edu.uy\/meu\/wp-content\/uploads\/sites\/17\/2018\/10\/ProgramaTallerEscritura1.pdf\">Taller de Escritura Acad\u00e9mica<\/a><\/h3>\n<p>Cecilia Blezio<\/p>\n<hr \/>\n<h3><a href=\"https:\/\/www.cse.udelar.edu.uy\/meu\/wp-content\/uploads\/sites\/17\/2018\/10\/programa_errandonea.pdf\">Metodolog\u00eda de la Investigaci\u00f3n<\/a><\/h3>\n<p>Gabriel Errandon\u00e9a<\/p>\n<hr \/>\n<h3><a href=\"https:\/\/www.cse.udelar.edu.uy\/meu\/wp-content\/uploads\/sites\/17\/2018\/10\/programa-de-curso-camilloni.pdf\">Corrientes educativas contempor\u00e1neas<\/a><\/h3>\n<p>Alicia Camilloni<\/p>\n<hr \/>\n<h3><a href=\"https:\/\/www.cse.udelar.edu.uy\/meu\/wp-content\/uploads\/sites\/17\/2018\/10\/programa-de-curso-landinelli.pdf\">Instituciones y sistemas de educaci\u00f3n superior: g\u00e9nesis, evoluci\u00f3n socio-hist\u00f3rica y situaci\u00f3n actual<\/a><\/h3>\n<p>Jorge Landinelli<\/p>\n","protected":false},"excerpt":{"rendered":"<p>Taller de tesis &#8211; Orientaci\u00f3n did\u00e1ctica Mar\u00eda Teresa Sirvent &#8211; Elisa Lucarelli Usos y problemas de la argumentaci\u00f3n en ciencias sociales: narraci\u00f3n, [&hellip;]<\/p>\n","protected":false},"author":2,"featured_media":0,"parent":0,"menu_order":0,"comment_status":"closed","ping_status":"closed","template":"","meta":[],"_links":{"self":[{"href":"https:\/\/www.cse.udelar.edu.uy\/meu\/wp-json\/wp\/v2\/pages\/2053"}],"collection":[{"href":"https:\/\/www.cse.udelar.edu.uy\/meu\/wp-json\/wp\/v2\/pages"}],"about":[{"href":"https:\/\/www.cse.udelar.edu.uy\/meu\/wp-json\/wp\/v2\/types\/page"}],"author":[{"embeddable":true,"href":"https:\/\/www.cse.udelar.edu.uy\/meu\/wp-json\/wp\/v2\/users\/2"}],"replies":[{"embeddable":true,"href":"https:\/\/www.cse.udelar.edu.uy\/meu\/wp-json\/wp\/v2\/comments?post=2053"}],"version-history":[{"count":0,"href":"https:\/\/www.cse.udelar.edu.uy\/meu\/wp-json\/wp\/v2\/pages\/2053\/revisions"}],"wp:attachment":[{"href":"https:\/\/www.cse.udelar.edu.uy\/meu\/wp-json\/wp\/v2\/media?parent=2053"}],"curies":[{"name":"wp","href":"https:\/\/api.w.org\/{rel}","templated":true}]}}