{"id":1354,"date":"2020-08-04T11:19:54","date_gmt":"2020-08-04T14:19:54","guid":{"rendered":"https:\/\/www.cse.udelar.edu.uy\/progresa\/?page_id=1354"},"modified":"2023-02-13T10:52:32","modified_gmt":"2023-02-13T13:52:32","slug":"dispositivo","status":"publish","type":"page","link":"https:\/\/www.cse.udelar.edu.uy\/progresa\/dispositivo\/","title":{"rendered":"Dispositivo TFG"},"content":{"rendered":"\t\t<div data-elementor-type=\"wp-page\" data-elementor-id=\"1354\" class=\"elementor elementor-1354\" data-elementor-settings=\"[]\">\n\t\t\t\t\t\t<div class=\"elementor-inner\">\n\t\t\t\t\t\t\t<div class=\"elementor-section-wrap\">\n\t\t\t\t\t\t\t<section class=\"elementor-section elementor-top-section elementor-element elementor-element-bc0eb98 elementor-section-boxed elementor-section-height-default elementor-section-height-default\" data-id=\"bc0eb98\" data-element_type=\"section\">\n\t\t\t\t\t\t<div class=\"elementor-container elementor-column-gap-default\">\n\t\t\t\t\t\t\t<div class=\"elementor-row\">\n\t\t\t\t\t<div class=\"elementor-column elementor-col-66 elementor-top-column elementor-element elementor-element-78ca537\" data-id=\"78ca537\" data-element_type=\"column\">\n\t\t\t<div class=\"elementor-column-wrap elementor-element-populated\">\n\t\t\t\t\t\t\t<div class=\"elementor-widget-wrap\">\n\t\t\t\t\t\t<div class=\"elementor-element elementor-element-db3ecb0 elementor-widget elementor-widget-text-editor\" data-id=\"db3ecb0\" data-element_type=\"widget\" data-widget_type=\"text-editor.default\">\n\t\t\t\t<div class=\"elementor-widget-container\">\n\t\t\t\t\t<div class=\"elementor-text-editor elementor-clearfix\"><p>El Programa Lectura y Escritura Acad\u00e9mica (LEA-Progresa-CSE) y la Unidad de Apoyo a la Ense\u00f1anza (UAE) del ISEF invitan a&nbsp;<strong>estudiantes de Montevideo y Maldonado<\/strong>&nbsp;que est\u00e9n en proceso avanzado de su TFG a participar del curso te\u00f3rico-pr\u00e1ctico: Apoyo a la Escritura Acad\u00e9mica del TFG en el Instituto Superior de Educaci\u00f3n F\u00edsica.<\/p>\n<p>El objetivo del curso es apoyar a los estudiantes a trav\u00e9s de orientaciones te\u00f3ricas sobre la escritura y trabajar en instancias pr\u00e1cticas de escritura y reescritura para que puedan mejorar su producci\u00f3n textual. El trabajo ser\u00e1 coordinado por docentes con especializaci\u00f3n en lenguaje escrito que conformar\u00e1n un espacio de trabajo con la escritura acad\u00e9mica, contemplando ejes tem\u00e1ticos tales como la construcci\u00f3n de p\u00e1rrafos, la conexi\u00f3n textual, la estructuraci\u00f3n de textos, el uso de citas, etc.<\/p>\n<p><br><\/p>\n<p><span style=\"color: #000000\"><strong>Se trata de un espacio grupal, colaborativo y transdisciplinario:<\/strong><\/span><\/p>\n<h4><span style=\"color: #333333\">Grupal<\/span><\/h4>\n<p>Escribir un trabajo final de grado es, la mayor\u00eda de las veces, un proceso solitario, en el que a menudo es dif\u00edcil compartir las vivencias y las formas en que nos sentimos con nuestros referentes acad\u00e9micos (profesores gu\u00eda, tutores, etc.) y nuestro entorno cercano. Por esta raz\u00f3n, te proponemos un espacio grupal donde los participantes tendr\u00e1n en com\u00fan el estar trabajando en su TFG. Ser\u00e1 un lugar para compartir lo que nos va pasando, las experiencias asociadas a la escritura y sentirnos acompa\u00f1ados y apoyados.&nbsp;<\/p>\n<h4><span style=\"color: #333333\">Colaborativo<\/span><\/h4>\n<p><span style=\"color: #333333\">Sabemos que una de las cosas m\u00e1s dif\u00edciles es evaluar c\u00f3mo estamos escribiendo; si se entiende bien, si se ajusta a las normas que nos han dado. Sabemos tambi\u00e9n que escribir es un trabajo arduo y que es dif\u00edcil enfrentarse a la p\u00e1gina en blanco: compartiendo la experiencia con los dem\u00e1s seguramente encontramos formas nuevas de hacerlo y solucionar problemas comunes.<\/span><\/p>\n<h4><span style=\"color: #333333\">Transdisciplinario<\/span><\/h4>\n<p>Nos proponemos un espacio de encuentro entre estudiantes de distintas \u00e1reas del conocimiento porque aunque cada \u00e1rea tenga sus particularidades y variantes, la escritura cient\u00edfica tiene caracter\u00edsticas comunes. No estar pendientes de las cuestiones disciplinares nos va a permitir centrarnos en la expresi\u00f3n escrita. Dado que la forma y el contenido son indisociables, hacer \u00e9nfasis en la manera en la que comunicamos impactar\u00e1 sin dudas en la calidad de nuestra investigaci\u00f3n.&nbsp; Adem\u00e1s, en el grupo nos encontraremos con disciplinas de las que no sabemos casi nada y gente que no sabe casi nada sobre lo que nosotros estudiamos: aprenderemos de los dem\u00e1s y formaremos comunidad universitaria a trav\u00e9s de estos intercambios.<\/p><\/div>\n\t\t\t\t<\/div>\n\t\t\t\t<\/div>\n\t\t\t\t\t\t<\/div>\n\t\t\t\t\t<\/div>\n\t\t<\/div>\n\t\t\t\t<div class=\"elementor-column elementor-col-33 elementor-top-column elementor-element elementor-element-23d23bc\" data-id=\"23d23bc\" data-element_type=\"column\">\n\t\t\t<div class=\"elementor-column-wrap elementor-element-populated\">\n\t\t\t\t\t\t\t<div class=\"elementor-widget-wrap\">\n\t\t\t\t\t\t<div class=\"elementor-element elementor-element-214485e elementor-widget elementor-widget-image\" data-id=\"214485e\" data-element_type=\"widget\" data-widget_type=\"image.default\">\n\t\t\t\t<div class=\"elementor-widget-container\">\n\t\t\t\t\t<div class=\"elementor-image\">\n\t\t\t\t\t\t\t\t\t\t<img width=\"577\" height=\"1024\" src=\"https:\/\/www.cse.udelar.edu.uy\/progresa\/wp-content\/uploads\/sites\/11\/2022\/08\/Ig-577x1024.png\" class=\"attachment-large size-large\" alt=\"\" loading=\"lazy\" srcset=\"https:\/\/www.cse.udelar.edu.uy\/progresa\/wp-content\/uploads\/sites\/11\/2022\/08\/Ig-113x200.png 113w, https:\/\/www.cse.udelar.edu.uy\/progresa\/wp-content\/uploads\/sites\/11\/2022\/08\/Ig-169x300.png 169w, https:\/\/www.cse.udelar.edu.uy\/progresa\/wp-content\/uploads\/sites\/11\/2022\/08\/Ig-577x1024.png 577w, https:\/\/www.cse.udelar.edu.uy\/progresa\/wp-content\/uploads\/sites\/11\/2022\/08\/Ig-768x1364.png 768w, https:\/\/www.cse.udelar.edu.uy\/progresa\/wp-content\/uploads\/sites\/11\/2022\/08\/Ig-865x1536.png 865w, https:\/\/www.cse.udelar.edu.uy\/progresa\/wp-content\/uploads\/sites\/11\/2022\/08\/Ig.png 1081w\" sizes=\"(max-width: 577px) 100vw, 577px\" \/>\t\t\t\t\t\t\t\t\t\t\t<\/div>\n\t\t\t\t<\/div>\n\t\t\t\t<\/div>\n\t\t\t\t\t\t<\/div>\n\t\t\t\t\t<\/div>\n\t\t<\/div>\n\t\t\t\t\t\t\t\t<\/div>\n\t\t\t\t\t<\/div>\n\t\t<\/section>\n\t\t\t\t<section class=\"elementor-section elementor-top-section elementor-element elementor-element-614b32f elementor-section-boxed elementor-section-height-default elementor-section-height-default\" data-id=\"614b32f\" data-element_type=\"section\">\n\t\t\t\t\t\t<div class=\"elementor-container elementor-column-gap-default\">\n\t\t\t\t\t\t\t<div class=\"elementor-row\">\n\t\t\t\t\t<div class=\"elementor-column elementor-col-100 elementor-top-column elementor-element elementor-element-8f8d5c5\" data-id=\"8f8d5c5\" data-element_type=\"column\">\n\t\t\t<div class=\"elementor-column-wrap elementor-element-populated\">\n\t\t\t\t\t\t\t<div class=\"elementor-widget-wrap\">\n\t\t\t\t\t\t<div class=\"elementor-element elementor-element-803e7cd elementor-widget elementor-widget-text-editor\" data-id=\"803e7cd\" data-element_type=\"widget\" data-widget_type=\"text-editor.default\">\n\t\t\t\t<div class=\"elementor-widget-container\">\n\t\t\t\t\t<div class=\"elementor-text-editor elementor-clearfix\"><p><strong>#DispositivoTFG<\/strong><\/p><\/div>\n\t\t\t\t<\/div>\n\t\t\t\t<\/div>\n\t\t\t\t\t\t<\/div>\n\t\t\t\t\t<\/div>\n\t\t<\/div>\n\t\t\t\t\t\t\t\t<\/div>\n\t\t\t\t\t<\/div>\n\t\t<\/section>\n\t\t\t\t\t\t<\/div>\n\t\t\t\t\t\t<\/div>\n\t\t\t\t\t<\/div>\n\t\t","protected":false},"excerpt":{"rendered":"<p>El Programa Lectura y Escritura Acad\u00e9mica (LEA-Progresa-CSE) y la Unidad de Apoyo a la Ense\u00f1anza (UAE) del ISEF invitan a&nbsp;estudiantes de Montevideo y Maldonado&nbsp;que est\u00e9n en proceso avanzado de su TFG a participar del curso te\u00f3rico-pr\u00e1ctico: Apoyo a la Escritura Acad\u00e9mica del TFG en el Instituto Superior de Educaci\u00f3n F\u00edsica. &hellip;<\/p>\n","protected":false},"author":5,"featured_media":0,"parent":0,"menu_order":0,"comment_status":"closed","ping_status":"closed","template":"","meta":[],"_links":{"self":[{"href":"https:\/\/www.cse.udelar.edu.uy\/progresa\/wp-json\/wp\/v2\/pages\/1354"}],"collection":[{"href":"https:\/\/www.cse.udelar.edu.uy\/progresa\/wp-json\/wp\/v2\/pages"}],"about":[{"href":"https:\/\/www.cse.udelar.edu.uy\/progresa\/wp-json\/wp\/v2\/types\/page"}],"author":[{"embeddable":true,"href":"https:\/\/www.cse.udelar.edu.uy\/progresa\/wp-json\/wp\/v2\/users\/5"}],"replies":[{"embeddable":true,"href":"https:\/\/www.cse.udelar.edu.uy\/progresa\/wp-json\/wp\/v2\/comments?post=1354"}],"version-history":[{"count":43,"href":"https:\/\/www.cse.udelar.edu.uy\/progresa\/wp-json\/wp\/v2\/pages\/1354\/revisions"}],"predecessor-version":[{"id":3066,"href":"https:\/\/www.cse.udelar.edu.uy\/progresa\/wp-json\/wp\/v2\/pages\/1354\/revisions\/3066"}],"wp:attachment":[{"href":"https:\/\/www.cse.udelar.edu.uy\/progresa\/wp-json\/wp\/v2\/media?parent=1354"}],"curies":[{"name":"wp","href":"https:\/\/api.w.org\/{rel}","templated":true}]}}