{"id":1429,"date":"2020-08-18T13:39:24","date_gmt":"2020-08-18T16:39:24","guid":{"rendered":"https:\/\/www.cse.udelar.edu.uy\/progresa\/?page_id=1429"},"modified":"2020-08-19T12:55:58","modified_gmt":"2020-08-19T15:55:58","slug":"curso-de-evaluacion-entre-pares","status":"publish","type":"page","link":"https:\/\/www.cse.udelar.edu.uy\/progresa\/curso-de-evaluacion-entre-pares\/","title":{"rendered":"Curso de Evaluaci\u00f3n Entre Pares"},"content":{"rendered":"\t\t<div data-elementor-type=\"wp-page\" data-elementor-id=\"1429\" class=\"elementor elementor-1429\" data-elementor-settings=\"[]\">\n\t\t\t\t\t\t<div class=\"elementor-inner\">\n\t\t\t\t\t\t\t<div class=\"elementor-section-wrap\">\n\t\t\t\t\t\t\t<section class=\"elementor-section elementor-top-section elementor-element elementor-element-ef1e0f0 elementor-section-boxed elementor-section-height-default elementor-section-height-default\" data-id=\"ef1e0f0\" data-element_type=\"section\">\n\t\t\t\t\t\t<div class=\"elementor-container elementor-column-gap-default\">\n\t\t\t\t\t\t\t<div class=\"elementor-row\">\n\t\t\t\t\t<div class=\"elementor-column elementor-col-66 elementor-top-column elementor-element elementor-element-9b7453b\" data-id=\"9b7453b\" data-element_type=\"column\">\n\t\t\t<div class=\"elementor-column-wrap elementor-element-populated\">\n\t\t\t\t\t\t\t<div class=\"elementor-widget-wrap\">\n\t\t\t\t\t\t<div class=\"elementor-element elementor-element-7b077a5 elementor-widget elementor-widget-text-editor\" data-id=\"7b077a5\" data-element_type=\"widget\" data-widget_type=\"text-editor.default\">\n\t\t\t\t<div class=\"elementor-widget-container\">\n\t\t\t\t\t<div class=\"elementor-text-editor elementor-clearfix\"><p>La evaluaci\u00f3n entre pares es actualmente vista como una forma v\u00e1lida y confiable de evaluar formativamente a los estudiantes. A nivel curricular exige un acuerdo entre los participantes del curso para definir entre todos el valor, la forma y la implementaci\u00f3n de una evaluaci\u00f3n que busca, a la vez, mejorar el aprendizaje. En el trabajo conjunto que se produce entre estudiantes y docentes, el conocimiento no queda s\u00f3lo en una calificaci\u00f3n (aprobado o no aprobado).\u00a0<span style=\"text-indent: 0em;text-align: inherit\">Esto implica un mayor trabajo para los docentes\u00a0<\/span><span style=\"text-indent: 0em;text-align: inherit\">y los estudiantes, ya que los evaluadores tendr\u00e1n que pensar cuidadosamente acerca\u00a0<\/span><span style=\"text-indent: 0em;text-align: inherit\">de qu\u00e9 constituye un buen trabajo, mientras que los evaluados tienen que pensar\u00a0<\/span><span style=\"text-indent: 0em;text-align: inherit\">acerca de los aspectos de la retroalimentaci\u00f3n a los que deber\u00edan prestar atenci\u00f3n.<\/span><\/p><p>Todos estos aspectos son esenciales para ayudar a los estudiantes universitarios\u00a0<span style=\"text-indent: 0em;text-align: inherit\">(sobre todo aquellos que se encuentran en situaci\u00f3n de ingreso a la Universidad) a\u00a0<\/span><span style=\"text-indent: 0em;text-align: inherit\">tener m\u00e1s claridad sobre la calidad de su trabajo y la de los otros. Eso les permitir\u00e1\u00a0<\/span><span style=\"text-indent: 0em;text-align: inherit\">conocer c\u00f3mo funciona la evaluaci\u00f3n en la universidad, cu\u00e1les son sus criterios de\u00a0<\/span><span style=\"text-indent: 0em;text-align: inherit\">calidad, qu\u00e9 cosas son las que eval\u00faan los docentes. La retroalimentaci\u00f3n se vuelve un\u00a0<\/span><span style=\"text-indent: 0em;text-align: inherit\">elemento esencial para poder entender qu\u00e9 se pide de un estudiante en una evaluaci\u00f3n\u00a0<\/span><span style=\"text-indent: 0em;text-align: inherit\">y poder prepararse en consecuencia.<\/span><\/p><p><strong>La evaluaci\u00f3n entre pares presenta diversos desaf\u00edos, algunos de los cuales se\u00a0<span style=\"text-indent: 0em;text-align: inherit\">abordar\u00e1n en el curso, como el de presentar la idea de este tipo de evaluaci\u00f3n a los\u00a0<\/span><\/strong><span style=\"text-indent: 0em;text-align: inherit\"><strong>estudiantes y convencerlos de su utilidad y fiabilidad.<\/strong> Un segundo desaf\u00edo es el de\u00a0<\/span><span style=\"text-indent: 0em;text-align: inherit\">implementar la evaluaci\u00f3n entre pares en clases masivas; para lo que se trabajar\u00e1 con\u00a0<\/span><span style=\"text-indent: 0em;text-align: inherit\">herramientas de Moodle que permiten realizarla de acuerdo a los criterios definidos.\u00a0<\/span><span style=\"text-indent: 0em;text-align: inherit\">Finalmente, otro desaf\u00edo es que los estudiantes logren elaborar una realimentaci\u00f3n\u00a0<\/span><span style=\"text-indent: 0em;text-align: inherit\">efectiva de los trabajos de sus compa\u00f1eros, para lo que se trabajar\u00e1 en al menos tres\u00a0<\/span><span style=\"text-indent: 0em;text-align: inherit\">retroalimentaciones que luego ser\u00e1n discutidas para negociar un acuerdo respecto de\u00a0<\/span><span style=\"text-indent: 0em;text-align: inherit\">la calidad de lo evaluado.<\/span><\/p><p><strong>El curso consistir\u00e1 en cuatro sesiones de dos horas distribuidas en cuatro meses, con tareas espec\u00edficas y devoluci\u00f3n sobre esas tareas en la siguiente sesi\u00f3n.<\/strong><\/p><p>Las sesiones ser\u00e1n por plataforma ZOOM y se ofrecer\u00e1 traducci\u00f3n simult\u00e1nea.<\/p><h4 style=\"font-style: normal\"><strong>Keith Topping. <\/strong>El escoc\u00e9s que revolucion\u00f3 las tutor\u00edas entre pares.<\/h4><p><b>Keith Topping<\/b> es Profesor de Investigaci\u00f3n Educativa y Social en la Facultad de Educaci\u00f3n de la Universidad de Dundee. Sus \u00e1reas de inter\u00e9s incluyen el aprendizaje entre pares (incluidas la tutor\u00eda y evaluaci\u00f3n entre pares) los padres como educadores, el comportamiento problem\u00e1tico y la competencia social, el aprendizaje y la evaluaci\u00f3n asistido por computadora, y la inclusi\u00f3n. Tiene m\u00e1s de 400 publicaciones, incluidos 26 libros y 196 art\u00edculos en revistas arbitradas. <a href=\"https:\/\/www.dundee.ac.uk\/esw\/staff\/details\/toppingkeith-j-.php#tab-bio\">M\u00e1s informaci\u00f3n aqu\u00ed.<span style=\"font-family: Roboto, sans-serif;font-size: 15.2px;font-style: normal;font-weight: 400;text-align: inherit;text-indent: 0em\">\u00a0<\/span><\/a><\/p><h4 style=\"font-style: normal\"><strong>Sesi\u00f3n #1. <\/strong>Qu\u00e9 se entiende por evaluaci\u00f3n entre pares. Qu\u00e9 evaluar y c\u00f3mo.<\/h4><p><strong style=\"font-family: Roboto, sans-serif;font-size: 15.2px;font-style: normal;text-indent: 0em;text-align: inherit\">Viernes 4 de setiembre | <\/strong><span style=\"font-family: Roboto, sans-serif;font-size: 15.2px;font-style: normal;text-indent: 0em;text-align: inherit\">12 a 14 h local (UK 4 a 6 PM).<\/span><\/p><p><span style=\"font-family: Roboto, sans-serif;font-size: 15.2px;font-style: normal;text-align: inherit\">\u00a0<\/span><\/p><h4><span style=\"text-indent: 0em;text-align: inherit\"><strong>Sesi\u00f3n #2. <\/strong>Adaptaci\u00f3n de los estudiantes a la idea de la evaluaci\u00f3n por pares<\/span><\/h4><p><strong><span style=\"font-family: Roboto, sans-serif;font-size: 15.2px;font-style: normal;text-indent: 0em;text-align: inherit\">Viernes 9 de octubre<\/span><\/strong><span style=\"font-family: Roboto, sans-serif;font-size: 15.2px;font-style: normal;font-weight: 400;text-indent: 0em;text-align: inherit\"> | 12 a 14 h local (UK 4 a 6 PM).<\/span><\/p><p><span style=\"font-family: Roboto, sans-serif;font-size: 15.2px;font-style: normal;font-weight: 400;text-indent: 0em;text-align: inherit\">\u00a0<\/span><\/p><h4><span style=\"text-indent: 0em;text-align: inherit\"><strong>Sesi\u00f3n #3. <\/strong>Planificaci\u00f3n y gesti\u00f3n de la evaluaci\u00f3n por pares en clases grandes con Moodle<\/span><\/h4><p><strong><span style=\"font-family: Roboto, sans-serif;font-size: 15.2px;font-style: normal\">Viernes 6 de noviembre<\/span><\/strong><span style=\"font-family: Roboto, sans-serif;font-size: 15.2px;font-style: normal;font-weight: 400\"> | 12 a 14 h local (UK 4 a 6 PM).<\/span><\/p><p><span style=\"font-family: Roboto, sans-serif;font-size: 15.2px;font-style: normal;font-weight: 400\">\u00a0<\/span><\/p><h4><strong>Sesi\u00f3n #4. <\/strong>Implementaci\u00f3n de la evaluaci\u00f3n entre pares en los cursos de los participantes<\/h4><p><strong><span style=\"font-family: Roboto, sans-serif;font-size: 15.2px;font-style: normal\">Viernes 4 de diciembre<\/span><\/strong><span style=\"font-family: Roboto, sans-serif;font-size: 15.2px;font-style: normal;font-weight: 400\"> | 12 a 14 h local (UK 4 a 6 PM).<\/span><\/p><p><span style=\"font-family: Roboto, sans-serif;font-size: 15.2px;font-style: normal;font-weight: 400\">\u00a0<\/span><\/p><h4><strong>Seguimiento<\/strong><\/h4><p>Se podr\u00e1 organizar una reuni\u00f3n de seguimiento para intercambiar posibles dificultades que surjan durante la implementaci\u00f3n.<\/p><h4><strong>Inscripciones<\/strong><\/h4><p><a href=\"https:\/\/encuestas.cse.udelar.edu.uy\/index.php\/723331?lang=es\"><strong>Las personas interesadas en este curso pueden completar el formulario disponible aqu\u00ed hasta el lunes 31 de agosto inclusive. <\/strong><\/a>Esta formaci\u00f3n est\u00e1 dirigida a docentes de la Universidad de la Rep\u00fablica, que en lo posible tengan al menos un curso a su cargo durante este semestre.<b style=\"text-indent: 0em;text-align: inherit\">\u00a0<\/b><\/p><p><strong>#ToppingEnLaUdelar<\/strong><\/p><\/div>\n\t\t\t\t<\/div>\n\t\t\t\t<\/div>\n\t\t\t\t\t\t<\/div>\n\t\t\t\t\t<\/div>\n\t\t<\/div>\n\t\t\t\t<div class=\"elementor-column elementor-col-33 elementor-top-column elementor-element elementor-element-c8f3b77\" data-id=\"c8f3b77\" data-element_type=\"column\">\n\t\t\t<div class=\"elementor-column-wrap elementor-element-populated\">\n\t\t\t\t\t\t\t<div class=\"elementor-widget-wrap\">\n\t\t\t\t\t\t<div class=\"elementor-element elementor-element-af33085 elementor-widget elementor-widget-image\" data-id=\"af33085\" data-element_type=\"widget\" data-widget_type=\"image.default\">\n\t\t\t\t<div class=\"elementor-widget-container\">\n\t\t\t\t\t<div class=\"elementor-image\">\n\t\t\t\t\t\t\t\t\t\t<img width=\"576\" height=\"1024\" src=\"https:\/\/www.cse.udelar.edu.uy\/progresa\/wp-content\/uploads\/sites\/11\/2020\/08\/medidas-576x1024.jpg\" class=\"attachment-large size-large\" alt=\"\" loading=\"lazy\" srcset=\"https:\/\/www.cse.udelar.edu.uy\/progresa\/wp-content\/uploads\/sites\/11\/2020\/08\/medidas-113x200.jpg 113w, https:\/\/www.cse.udelar.edu.uy\/progresa\/wp-content\/uploads\/sites\/11\/2020\/08\/medidas-169x300.jpg 169w, https:\/\/www.cse.udelar.edu.uy\/progresa\/wp-content\/uploads\/sites\/11\/2020\/08\/medidas-576x1024.jpg 576w, https:\/\/www.cse.udelar.edu.uy\/progresa\/wp-content\/uploads\/sites\/11\/2020\/08\/medidas-768x1365.jpg 768w, https:\/\/www.cse.udelar.edu.uy\/progresa\/wp-content\/uploads\/sites\/11\/2020\/08\/medidas-864x1536.jpg 864w, https:\/\/www.cse.udelar.edu.uy\/progresa\/wp-content\/uploads\/sites\/11\/2020\/08\/medidas.jpg 1080w\" sizes=\"(max-width: 576px) 100vw, 576px\" \/>\t\t\t\t\t\t\t\t\t\t\t<\/div>\n\t\t\t\t<\/div>\n\t\t\t\t<\/div>\n\t\t\t\t\t\t<\/div>\n\t\t\t\t\t<\/div>\n\t\t<\/div>\n\t\t\t\t\t\t\t\t<\/div>\n\t\t\t\t\t<\/div>\n\t\t<\/section>\n\t\t\t\t\t\t<\/div>\n\t\t\t\t\t\t<\/div>\n\t\t\t\t\t<\/div>\n\t\t","protected":false},"excerpt":{"rendered":"<p>La evaluaci\u00f3n entre pares es actualmente vista como una forma v\u00e1lida y confiable de evaluar formativamente a los estudiantes. A nivel curricular exige un acuerdo entre los participantes del curso para definir entre todos el valor, la forma y la implementaci\u00f3n de una evaluaci\u00f3n que busca, a la vez, mejorar &hellip;<\/p>\n","protected":false},"author":5,"featured_media":0,"parent":0,"menu_order":0,"comment_status":"closed","ping_status":"closed","template":"","meta":[],"_links":{"self":[{"href":"https:\/\/www.cse.udelar.edu.uy\/progresa\/wp-json\/wp\/v2\/pages\/1429"}],"collection":[{"href":"https:\/\/www.cse.udelar.edu.uy\/progresa\/wp-json\/wp\/v2\/pages"}],"about":[{"href":"https:\/\/www.cse.udelar.edu.uy\/progresa\/wp-json\/wp\/v2\/types\/page"}],"author":[{"embeddable":true,"href":"https:\/\/www.cse.udelar.edu.uy\/progresa\/wp-json\/wp\/v2\/users\/5"}],"replies":[{"embeddable":true,"href":"https:\/\/www.cse.udelar.edu.uy\/progresa\/wp-json\/wp\/v2\/comments?post=1429"}],"version-history":[{"count":15,"href":"https:\/\/www.cse.udelar.edu.uy\/progresa\/wp-json\/wp\/v2\/pages\/1429\/revisions"}],"predecessor-version":[{"id":1452,"href":"https:\/\/www.cse.udelar.edu.uy\/progresa\/wp-json\/wp\/v2\/pages\/1429\/revisions\/1452"}],"wp:attachment":[{"href":"https:\/\/www.cse.udelar.edu.uy\/progresa\/wp-json\/wp\/v2\/media?parent=1429"}],"curies":[{"name":"wp","href":"https:\/\/api.w.org\/{rel}","templated":true}]}}