{"id":1624,"date":"2020-12-09T23:00:03","date_gmt":"2020-12-10T02:00:03","guid":{"rendered":"https:\/\/www.cse.udelar.edu.uy\/progresa\/?page_id=1624"},"modified":"2026-03-09T16:43:44","modified_gmt":"2026-03-09T19:43:44","slug":"necesitotutoria","status":"publish","type":"page","link":"https:\/\/www.cse.udelar.edu.uy\/progresa\/necesitotutoria\/","title":{"rendered":"\u00a1Necesito una tutor\u00eda!"},"content":{"rendered":"\t\t<div data-elementor-type=\"wp-page\" data-elementor-id=\"1624\" class=\"elementor elementor-1624\" data-elementor-settings=\"[]\">\n\t\t\t\t\t\t<div class=\"elementor-inner\">\n\t\t\t\t\t\t\t<div class=\"elementor-section-wrap\">\n\t\t\t\t\t\t\t<section class=\"elementor-section elementor-top-section elementor-element elementor-element-e01ea92 elementor-section-boxed elementor-section-height-default elementor-section-height-default\" data-id=\"e01ea92\" data-element_type=\"section\">\n\t\t\t\t\t\t<div class=\"elementor-container elementor-column-gap-default\">\n\t\t\t\t\t\t\t<div class=\"elementor-row\">\n\t\t\t\t\t<div class=\"elementor-column elementor-col-100 elementor-top-column elementor-element elementor-element-fe4c8e4\" data-id=\"fe4c8e4\" data-element_type=\"column\">\n\t\t\t<div class=\"elementor-column-wrap elementor-element-populated\">\n\t\t\t\t\t\t\t<div class=\"elementor-widget-wrap\">\n\t\t\t\t\t\t<div class=\"elementor-element elementor-element-e762ecb elementor-widget elementor-widget-text-editor\" data-id=\"e762ecb\" data-element_type=\"widget\" data-widget_type=\"text-editor.default\">\n\t\t\t\t<div class=\"elementor-widget-container\">\n\t\t\t\t\t<div class=\"elementor-text-editor elementor-clearfix\"><p>Las y los tutores pares son estudiantes universitarios avanzados que <strong>acompa\u00f1an y apoyan a otros estudiantes en su ingreso a la Universidad de la Rep\u00fablica (Udelar)<\/strong> apuntando a su inserci\u00f3n plena en la vida universitaria.<\/p><p>El Programa de Respaldo al Aprendizaje (Progresa) <strong>forma a estudiantes de las distintas carreras de la Udelar para que dispongan de herramientas para el acompa\u00f1amiento a estudiantes de la Generaci\u00f3n 2026<\/strong>, entre otras estrategias de apoyo estudiantil.<\/p><p>Si te interesa contar con el acompa\u00f1amiento de tutores pares para aprender nuevas t\u00e9cnicas de estudio, saber c\u00f3mo matricularte a cursos y ex\u00e1menes, tener m\u00e1s informaci\u00f3n de becas, conocer las\u00a0 distintas herramientas y recursos de la Universidad y sacarte dudas sobre el funcionamiento, <strong>podr\u00e1s solicitar informaci\u00f3n<\/strong>, a trav\u00e9s del siguiente <a href=\"https:\/\/encuestas.cse.udelar.edu.uy\/index.php\/953693?lang=es\"><strong>formulario <\/strong><\/a><\/p><\/div>\n\t\t\t\t<\/div>\n\t\t\t\t<\/div>\n\t\t\t\t\t\t<\/div>\n\t\t\t\t\t<\/div>\n\t\t<\/div>\n\t\t\t\t\t\t\t\t<\/div>\n\t\t\t\t\t<\/div>\n\t\t<\/section>\n\t\t\t\t<section class=\"elementor-section elementor-top-section elementor-element elementor-element-f63375f elementor-section-boxed elementor-section-height-default elementor-section-height-default\" data-id=\"f63375f\" data-element_type=\"section\">\n\t\t\t\t\t\t<div class=\"elementor-container elementor-column-gap-default\">\n\t\t\t\t\t\t\t<div class=\"elementor-row\">\n\t\t\t\t\t<div class=\"elementor-column elementor-col-100 elementor-top-column elementor-element elementor-element-e7c1228\" data-id=\"e7c1228\" data-element_type=\"column\">\n\t\t\t<div class=\"elementor-column-wrap elementor-element-populated\">\n\t\t\t\t\t\t\t<div class=\"elementor-widget-wrap\">\n\t\t\t\t\t\t<div class=\"elementor-element elementor-element-c82c95e elementor-aspect-ratio-169 elementor-widget elementor-widget-video\" data-id=\"c82c95e\" data-element_type=\"widget\" data-settings=\"{&quot;aspect_ratio&quot;:&quot;169&quot;}\" data-widget_type=\"video.default\">\n\t\t\t\t<div class=\"elementor-widget-container\">\n\t\t\t\t\t<div class=\"elementor-wrapper elementor-fit-aspect-ratio elementor-open-inline\">\n\t\t\t<iframe class=\"elementor-video-iframe\" allowfullscreen title=\"Reproductor de v\u00eddeo youtube\" src=\"https:\/\/www.youtube.com\/embed\/2-mRAnH-NHI?feature=oembed&amp;start&amp;end&amp;wmode=opaque&amp;loop=0&amp;controls=1&amp;mute=0&amp;rel=0&amp;modestbranding=0\"><\/iframe>\t\t<\/div>\n\t\t\t\t<\/div>\n\t\t\t\t<\/div>\n\t\t\t\t\t\t<\/div>\n\t\t\t\t\t<\/div>\n\t\t<\/div>\n\t\t\t\t\t\t\t\t<\/div>\n\t\t\t\t\t<\/div>\n\t\t<\/section>\n\t\t\t\t<section class=\"elementor-section elementor-top-section elementor-element elementor-element-d70c43a elementor-section-boxed elementor-section-height-default elementor-section-height-default\" data-id=\"d70c43a\" data-element_type=\"section\">\n\t\t\t\t\t\t<div class=\"elementor-container elementor-column-gap-default\">\n\t\t\t\t\t\t\t<div class=\"elementor-row\">\n\t\t\t\t\t<div class=\"elementor-column elementor-col-100 elementor-top-column elementor-element elementor-element-1446392\" data-id=\"1446392\" data-element_type=\"column\">\n\t\t\t<div class=\"elementor-column-wrap elementor-element-populated\">\n\t\t\t\t\t\t\t<div class=\"elementor-widget-wrap\">\n\t\t\t\t\t\t<div class=\"elementor-element elementor-element-604c1c9 elementor-widget elementor-widget-text-editor\" data-id=\"604c1c9\" data-element_type=\"widget\" data-widget_type=\"text-editor.default\">\n\t\t\t\t<div class=\"elementor-widget-container\">\n\t\t\t\t\t<div class=\"elementor-text-editor elementor-clearfix\"><p><strong>Las Tutor\u00edas Entre Pares (TEP) son una estrategia en la cual estudiantes universitarios acompa\u00f1an y apoyan a otros estudiantes<\/strong> en su trayectoria educativa en la Universidad de la Rep\u00fablica (Udelar), as\u00ed como a estudiantes de reciente ingreso. El objetivo: apuntar a la inserci\u00f3n plena en la vida universitaria. Esto permite a muchas y muchos estudiantes, ser acompa\u00f1ados en su ingreso a la Universidad de la Rep\u00fablica y abordar su integraci\u00f3n a la vida universitaria.<\/p><p><strong>#OrgulloUdelar<\/strong><\/p><\/div>\n\t\t\t\t<\/div>\n\t\t\t\t<\/div>\n\t\t\t\t\t\t<\/div>\n\t\t\t\t\t<\/div>\n\t\t<\/div>\n\t\t\t\t\t\t\t\t<\/div>\n\t\t\t\t\t<\/div>\n\t\t<\/section>\n\t\t\t\t\t\t<\/div>\n\t\t\t\t\t\t<\/div>\n\t\t\t\t\t<\/div>\n\t\t","protected":false},"excerpt":{"rendered":"<p>Las y los tutores pares son estudiantes universitarios avanzados que acompa\u00f1an y apoyan a otros estudiantes en su ingreso a la Universidad de la Rep\u00fablica (Udelar) apuntando a su inserci\u00f3n plena en la vida universitaria. El Programa de Respaldo al Aprendizaje (Progresa) forma a estudiantes de las distintas carreras de &hellip;<\/p>\n","protected":false},"author":5,"featured_media":0,"parent":0,"menu_order":0,"comment_status":"closed","ping_status":"closed","template":"","meta":[],"_links":{"self":[{"href":"https:\/\/www.cse.udelar.edu.uy\/progresa\/wp-json\/wp\/v2\/pages\/1624"}],"collection":[{"href":"https:\/\/www.cse.udelar.edu.uy\/progresa\/wp-json\/wp\/v2\/pages"}],"about":[{"href":"https:\/\/www.cse.udelar.edu.uy\/progresa\/wp-json\/wp\/v2\/types\/page"}],"author":[{"embeddable":true,"href":"https:\/\/www.cse.udelar.edu.uy\/progresa\/wp-json\/wp\/v2\/users\/5"}],"replies":[{"embeddable":true,"href":"https:\/\/www.cse.udelar.edu.uy\/progresa\/wp-json\/wp\/v2\/comments?post=1624"}],"version-history":[{"count":72,"href":"https:\/\/www.cse.udelar.edu.uy\/progresa\/wp-json\/wp\/v2\/pages\/1624\/revisions"}],"predecessor-version":[{"id":3701,"href":"https:\/\/www.cse.udelar.edu.uy\/progresa\/wp-json\/wp\/v2\/pages\/1624\/revisions\/3701"}],"wp:attachment":[{"href":"https:\/\/www.cse.udelar.edu.uy\/progresa\/wp-json\/wp\/v2\/media?parent=1624"}],"curies":[{"name":"wp","href":"https:\/\/api.w.org\/{rel}","templated":true}]}}