{"id":1915,"date":"2021-03-15T20:33:51","date_gmt":"2021-03-15T23:33:51","guid":{"rendered":"https:\/\/www.cse.udelar.edu.uy\/progresa\/?page_id=1915"},"modified":"2021-04-09T14:52:23","modified_gmt":"2021-04-09T17:52:23","slug":"lectura-y-escritura-academica","status":"publish","type":"page","link":"https:\/\/www.cse.udelar.edu.uy\/progresa\/lectura-y-escritura-academica\/","title":{"rendered":"LEA"},"content":{"rendered":"\t\t<div data-elementor-type=\"wp-page\" data-elementor-id=\"1915\" class=\"elementor elementor-1915\" data-elementor-settings=\"[]\">\n\t\t\t\t\t\t<div class=\"elementor-inner\">\n\t\t\t\t\t\t\t<div class=\"elementor-section-wrap\">\n\t\t\t\t\t\t\t<section class=\"elementor-section elementor-top-section elementor-element elementor-element-5a0337e elementor-section-boxed elementor-section-height-default elementor-section-height-default\" data-id=\"5a0337e\" data-element_type=\"section\">\n\t\t\t\t\t\t<div class=\"elementor-container elementor-column-gap-default\">\n\t\t\t\t\t\t\t<div class=\"elementor-row\">\n\t\t\t\t\t<div class=\"elementor-column elementor-col-66 elementor-top-column elementor-element elementor-element-a019f88\" data-id=\"a019f88\" data-element_type=\"column\">\n\t\t\t<div class=\"elementor-column-wrap elementor-element-populated\">\n\t\t\t\t\t\t\t<div class=\"elementor-widget-wrap\">\n\t\t\t\t\t\t<div class=\"elementor-element elementor-element-ecde9d2 elementor-widget elementor-widget-text-editor\" data-id=\"ecde9d2\" data-element_type=\"widget\" data-widget_type=\"text-editor.default\">\n\t\t\t\t<div class=\"elementor-widget-container\">\n\t\t\t\t\t<div class=\"elementor-text-editor elementor-clearfix\"><h4>Lectura y Escritura Acad\u00e9mica<\/h4><p><a href=\"https:\/\/www.cse.udelar.edu.uy\/progresa\/?page_id=1920\"><strong>Presentaci\u00f3n del equipo y objetivos<\/strong><\/a><\/p><p><a href=\"https:\/\/www.cse.udelar.edu.uy\/progresa\/?page_id=1929\"><strong>Investigaci\u00f3n<\/strong><\/a><\/p><p><a href=\"https:\/\/www.cse.udelar.edu.uy\/progresa\/?page_id=1935\"><strong>Espacio de Recursos<\/strong><\/a><\/p><p><a href=\"https:\/\/www.cse.udelar.edu.uy\/progresa\/?page_id=1945\"><strong>Campa\u00f1a #Amulector<\/strong><\/a><\/p><\/div>\n\t\t\t\t<\/div>\n\t\t\t\t<\/div>\n\t\t\t\t\t\t<\/div>\n\t\t\t\t\t<\/div>\n\t\t<\/div>\n\t\t\t\t<div class=\"elementor-column elementor-col-33 elementor-top-column elementor-element elementor-element-5393cbe\" data-id=\"5393cbe\" data-element_type=\"column\">\n\t\t\t<div class=\"elementor-column-wrap elementor-element-populated\">\n\t\t\t\t\t\t\t<div class=\"elementor-widget-wrap\">\n\t\t\t\t\t\t\t\t<\/div>\n\t\t\t\t\t<\/div>\n\t\t<\/div>\n\t\t\t\t\t\t\t\t<\/div>\n\t\t\t\t\t<\/div>\n\t\t<\/section>\n\t\t\t\t\t\t<\/div>\n\t\t\t\t\t\t<\/div>\n\t\t\t\t\t<\/div>\n\t\t","protected":false},"excerpt":{"rendered":"<p>Lectura y Escritura Acad\u00e9mica Presentaci\u00f3n del equipo y objetivos Investigaci\u00f3n Espacio de Recursos Campa\u00f1a #Amulector<\/p>\n","protected":false},"author":5,"featured_media":0,"parent":0,"menu_order":0,"comment_status":"closed","ping_status":"closed","template":"","meta":[],"_links":{"self":[{"href":"https:\/\/www.cse.udelar.edu.uy\/progresa\/wp-json\/wp\/v2\/pages\/1915"}],"collection":[{"href":"https:\/\/www.cse.udelar.edu.uy\/progresa\/wp-json\/wp\/v2\/pages"}],"about":[{"href":"https:\/\/www.cse.udelar.edu.uy\/progresa\/wp-json\/wp\/v2\/types\/page"}],"author":[{"embeddable":true,"href":"https:\/\/www.cse.udelar.edu.uy\/progresa\/wp-json\/wp\/v2\/users\/5"}],"replies":[{"embeddable":true,"href":"https:\/\/www.cse.udelar.edu.uy\/progresa\/wp-json\/wp\/v2\/comments?post=1915"}],"version-history":[{"count":11,"href":"https:\/\/www.cse.udelar.edu.uy\/progresa\/wp-json\/wp\/v2\/pages\/1915\/revisions"}],"predecessor-version":[{"id":2251,"href":"https:\/\/www.cse.udelar.edu.uy\/progresa\/wp-json\/wp\/v2\/pages\/1915\/revisions\/2251"}],"wp:attachment":[{"href":"https:\/\/www.cse.udelar.edu.uy\/progresa\/wp-json\/wp\/v2\/media?parent=1915"}],"curies":[{"name":"wp","href":"https:\/\/api.w.org\/{rel}","templated":true}]}}