{"id":1920,"date":"2021-03-22T11:12:15","date_gmt":"2021-03-22T14:12:15","guid":{"rendered":"https:\/\/www.cse.udelar.edu.uy\/progresa\/?page_id=1920"},"modified":"2021-03-22T11:19:56","modified_gmt":"2021-03-22T14:19:56","slug":"lea-presentacion-del-equipo-y-objetivos","status":"publish","type":"page","link":"https:\/\/www.cse.udelar.edu.uy\/progresa\/lea-presentacion-del-equipo-y-objetivos\/","title":{"rendered":"LEA | Presentaci\u00f3n del equipo y objetivos"},"content":{"rendered":"\t\t<div data-elementor-type=\"wp-page\" data-elementor-id=\"1920\" class=\"elementor elementor-1920\" data-elementor-settings=\"[]\">\n\t\t\t\t\t\t<div class=\"elementor-inner\">\n\t\t\t\t\t\t\t<div class=\"elementor-section-wrap\">\n\t\t\t\t\t\t\t<section class=\"elementor-section elementor-top-section elementor-element elementor-element-bbe2124 elementor-section-boxed elementor-section-height-default elementor-section-height-default\" data-id=\"bbe2124\" data-element_type=\"section\">\n\t\t\t\t\t\t<div class=\"elementor-container elementor-column-gap-default\">\n\t\t\t\t\t\t\t<div class=\"elementor-row\">\n\t\t\t\t\t<div class=\"elementor-column elementor-col-66 elementor-top-column elementor-element elementor-element-eaa56a1\" data-id=\"eaa56a1\" data-element_type=\"column\">\n\t\t\t<div class=\"elementor-column-wrap elementor-element-populated\">\n\t\t\t\t\t\t\t<div class=\"elementor-widget-wrap\">\n\t\t\t\t\t\t<div class=\"elementor-element elementor-element-8037312 elementor-widget elementor-widget-text-editor\" data-id=\"8037312\" data-element_type=\"widget\" data-widget_type=\"text-editor.default\">\n\t\t\t\t<div class=\"elementor-widget-container\">\n\t\t\t\t\t<div class=\"elementor-text-editor elementor-clearfix\"><p>La li\u0301nea LEA &#8211; Estudiantes (Programa de Lectura y Escritura Acade\u0301mica) se inserta en el Programa de Respaldo al Aprendizaje (Progresa) con el desaf\u00edo de promover el desarrollo de la alfabetizacio\u0301n acade\u0301mica como punto clave en el logro de trayectorias educativas continuas y completas en los estudiantes de la Universidad de la Rep\u00fablica (UDELAR).<\/p><p>En 2019 se formaliza un acuerdo de trabajo por el cual Progresa y LEA se comprometen a desarrollar acciones conjuntas que apunten a:<\/p><ul><li>visibilizar las problem\u00e1ticas de lectura y escritura acad\u00e9mica en la Universidad,<\/li><li>aportar elementos para la construcci\u00f3n de una pol\u00edtica ling\u00fc\u00edstica de la universidad, centrada en el uso del espa\u00f1ol como lengua del conocimiento, en el marco del pluriling\u00fcismo deseable en la comunidad universitaria.\u00a0\u00a0<\/li><li>aportar a la afiliaci\u00f3n estudiantil mediante el fortalecimiento de las habilidades de lectura y escritura en los diferentes momentos de las trayectorias estudiantiles, mediante distintas estrategias de intervenci\u00f3n\u00a0<\/li><li>generar conocimiento situado sobre el desaf\u00edo que plantea el desarrollo de habilidades de lectura y escritura en nuestra universidad.\u00a0\u00a0<\/li><\/ul><h4>Proyecci\u00f3n 2021<\/h4><p>Sentar las bases de un espacio central de acompa\u00f1amiento a la lectura y escritura acad\u00e9micas. Desarrollar investigaci\u00f3n en el \u00e1rea de lectura y escritura acad\u00e9micas. Generar estrategias de visibilizaci\u00f3n hacia la interna de la Udelar (p\u00e1gina web de recursos LEA, espacios de orientaci\u00f3n y consulta transversales, talleres tem\u00e1ticos) y a nivel internacional (participaci\u00f3n en redes latinoamericanas de lectura y escritura acad\u00e9micas, publicaciones y participaci\u00f3n en eventos).\u00a0\u00a0<\/p><h4>Equipo de Trabajo<\/h4><p><strong>Prof. Adj. Dra. Luciana Azn\u00e1rez<\/strong><\/p><p>Coordinadora de la li\u0301nea LEA &#8211; Estudiantes (Programa de Lectura y Escritura acade\u0301mica)\u00a0<\/p><p><a href=\"https:\/\/exportcvuy.anii.org.uy\/CvEstatico\/?urlId=4a07f84f60913d6c8e770ec521176f3415cccea11650b97679280392816a6682f065f7553e8296cdb8bf85ce1616971ab83581a8f5139a75205c61eed549e2c0&amp;formato=pdf&amp;convocatoria=21\">Investigadora catalogada en el SNI<\/a><\/p><p><strong>Asist. Dra. Luc\u00eda Campanella<\/strong><\/p><p>Miembro del equipo de trabajo de la li\u0301nea LEA &#8211; Estudiantes (Programa de Lectura y Escritura acade\u0301mica)\u00a0<\/p><p><a href=\"https:\/\/exportcvuy.anii.org.uy\/cv\/?536d244e30e90aa0c8e2fe392a35cd6a00cd7d2485cf16b375eb223d5bf930208a9f94420e9eebb2492bac5f4bd5c0c9a41b507e7b637a77b8fbbb4efe196333\">Investigadora catalogada en el SNI<\/a><\/p><h4>Contacto<\/h4><p><strong>leacseudelar@gmail.com<\/strong><\/p><\/div>\n\t\t\t\t<\/div>\n\t\t\t\t<\/div>\n\t\t\t\t\t\t<\/div>\n\t\t\t\t\t<\/div>\n\t\t<\/div>\n\t\t\t\t<div class=\"elementor-column elementor-col-33 elementor-top-column elementor-element elementor-element-51a15fd\" data-id=\"51a15fd\" data-element_type=\"column\">\n\t\t\t<div class=\"elementor-column-wrap elementor-element-populated\">\n\t\t\t\t\t\t\t<div class=\"elementor-widget-wrap\">\n\t\t\t\t\t\t<div class=\"elementor-element elementor-element-d4e9cad elementor-widget elementor-widget-image\" data-id=\"d4e9cad\" data-element_type=\"widget\" data-widget_type=\"image.default\">\n\t\t\t\t<div class=\"elementor-widget-container\">\n\t\t\t\t\t<div class=\"elementor-image\">\n\t\t\t\t\t\t\t\t\t\t<img src=\"https:\/\/www.cse.udelar.edu.uy\/progresa\/wp-content\/plugins\/elementor\/assets\/images\/placeholder.png\" title=\"\" alt=\"\" \/>\t\t\t\t\t\t\t\t\t\t\t<\/div>\n\t\t\t\t<\/div>\n\t\t\t\t<\/div>\n\t\t\t\t\t\t<\/div>\n\t\t\t\t\t<\/div>\n\t\t<\/div>\n\t\t\t\t\t\t\t\t<\/div>\n\t\t\t\t\t<\/div>\n\t\t<\/section>\n\t\t\t\t\t\t<\/div>\n\t\t\t\t\t\t<\/div>\n\t\t\t\t\t<\/div>\n\t\t","protected":false},"excerpt":{"rendered":"<p>La li\u0301nea LEA &#8211; Estudiantes (Programa de Lectura y Escritura Acade\u0301mica) se inserta en el Programa de Respaldo al Aprendizaje (Progresa) con el desaf\u00edo de promover el desarrollo de la alfabetizacio\u0301n acade\u0301mica como punto clave en el logro de trayectorias educativas continuas y completas en los estudiantes de la Universidad &hellip;<\/p>\n","protected":false},"author":5,"featured_media":0,"parent":0,"menu_order":0,"comment_status":"closed","ping_status":"closed","template":"","meta":[],"_links":{"self":[{"href":"https:\/\/www.cse.udelar.edu.uy\/progresa\/wp-json\/wp\/v2\/pages\/1920"}],"collection":[{"href":"https:\/\/www.cse.udelar.edu.uy\/progresa\/wp-json\/wp\/v2\/pages"}],"about":[{"href":"https:\/\/www.cse.udelar.edu.uy\/progresa\/wp-json\/wp\/v2\/types\/page"}],"author":[{"embeddable":true,"href":"https:\/\/www.cse.udelar.edu.uy\/progresa\/wp-json\/wp\/v2\/users\/5"}],"replies":[{"embeddable":true,"href":"https:\/\/www.cse.udelar.edu.uy\/progresa\/wp-json\/wp\/v2\/comments?post=1920"}],"version-history":[{"count":6,"href":"https:\/\/www.cse.udelar.edu.uy\/progresa\/wp-json\/wp\/v2\/pages\/1920\/revisions"}],"predecessor-version":[{"id":1928,"href":"https:\/\/www.cse.udelar.edu.uy\/progresa\/wp-json\/wp\/v2\/pages\/1920\/revisions\/1928"}],"wp:attachment":[{"href":"https:\/\/www.cse.udelar.edu.uy\/progresa\/wp-json\/wp\/v2\/media?parent=1920"}],"curies":[{"name":"wp","href":"https:\/\/api.w.org\/{rel}","templated":true}]}}