{"id":1935,"date":"2021-03-22T11:36:52","date_gmt":"2021-03-22T14:36:52","guid":{"rendered":"https:\/\/www.cse.udelar.edu.uy\/progresa\/?page_id=1935"},"modified":"2021-03-22T11:52:32","modified_gmt":"2021-03-22T14:52:32","slug":"lea-espacio-de-recursos","status":"publish","type":"page","link":"https:\/\/www.cse.udelar.edu.uy\/progresa\/lea-espacio-de-recursos\/","title":{"rendered":"LEA | Espacio de Recursos"},"content":{"rendered":"\t\t<div data-elementor-type=\"wp-page\" data-elementor-id=\"1935\" class=\"elementor elementor-1935\" data-elementor-settings=\"[]\">\n\t\t\t\t\t\t<div class=\"elementor-inner\">\n\t\t\t\t\t\t\t<div class=\"elementor-section-wrap\">\n\t\t\t\t\t\t\t<section class=\"elementor-section elementor-top-section elementor-element elementor-element-1635726 elementor-section-boxed elementor-section-height-default elementor-section-height-default\" data-id=\"1635726\" data-element_type=\"section\">\n\t\t\t\t\t\t<div class=\"elementor-container elementor-column-gap-default\">\n\t\t\t\t\t\t\t<div class=\"elementor-row\">\n\t\t\t\t\t<div class=\"elementor-column elementor-col-66 elementor-top-column elementor-element elementor-element-1f5e225\" data-id=\"1f5e225\" data-element_type=\"column\">\n\t\t\t<div class=\"elementor-column-wrap elementor-element-populated\">\n\t\t\t\t\t\t\t<div class=\"elementor-widget-wrap\">\n\t\t\t\t\t\t<div class=\"elementor-element elementor-element-08b1be5 elementor-widget elementor-widget-text-editor\" data-id=\"08b1be5\" data-element_type=\"widget\" data-widget_type=\"text-editor.default\">\n\t\t\t\t<div class=\"elementor-widget-container\">\n\t\t\t\t\t<div class=\"elementor-text-editor elementor-clearfix\"><h4>\u00bfC\u00f3mo leer para estudiar?<\/h4><p>Al comenzar a estudiar en la universidad, puede parecerte que el tiempo que le dedic\u00e1s a leer es poco productivo o que por m\u00e1s que pases muchas horas, no logr\u00e1s avanzar como te gustar\u00eda. Esto tiene que ver probablemente con la forma en la que estabas acostumbrado a estudiar en los sistemas educativos anteriores, muchas veces s\u00f3lo leyendo de fichas o de fotocopias de textos o simplemente de apuntes de clase.<a href=\"https:\/\/www.cse.udelar.edu.uy\/progresa\/?page_id=1052\"><strong> Leer m\u00e1s.<\/strong><\/a><\/p><\/div>\n\t\t\t\t<\/div>\n\t\t\t\t<\/div>\n\t\t\t\t\t\t<\/div>\n\t\t\t\t\t<\/div>\n\t\t<\/div>\n\t\t\t\t<div class=\"elementor-column elementor-col-33 elementor-top-column elementor-element elementor-element-d1a0242\" data-id=\"d1a0242\" data-element_type=\"column\">\n\t\t\t<div class=\"elementor-column-wrap\">\n\t\t\t\t\t\t\t<div class=\"elementor-widget-wrap\">\n\t\t\t\t\t\t\t\t<\/div>\n\t\t\t\t\t<\/div>\n\t\t<\/div>\n\t\t\t\t\t\t\t\t<\/div>\n\t\t\t\t\t<\/div>\n\t\t<\/section>\n\t\t\t\t<section class=\"elementor-section elementor-top-section elementor-element elementor-element-8276cf2 elementor-section-boxed elementor-section-height-default elementor-section-height-default\" data-id=\"8276cf2\" data-element_type=\"section\">\n\t\t\t\t\t\t<div class=\"elementor-container elementor-column-gap-default\">\n\t\t\t\t\t\t\t<div class=\"elementor-row\">\n\t\t\t\t\t<div class=\"elementor-column elementor-col-66 elementor-top-column elementor-element elementor-element-a48eeb0\" data-id=\"a48eeb0\" data-element_type=\"column\">\n\t\t\t<div class=\"elementor-column-wrap elementor-element-populated\">\n\t\t\t\t\t\t\t<div class=\"elementor-widget-wrap\">\n\t\t\t\t\t\t<div class=\"elementor-element elementor-element-b819144 elementor-widget elementor-widget-text-editor\" data-id=\"b819144\" data-element_type=\"widget\" data-widget_type=\"text-editor.default\">\n\t\t\t\t<div class=\"elementor-widget-container\">\n\t\t\t\t\t<div class=\"elementor-text-editor elementor-clearfix\"><h4>Sentarse a estudiar<\/h4><p>Estudiar es una de esas actividades que requiere disciplina y, en ese sentido, podemos explicarte qu\u00e9 cosas son esenciales cuando decid\u00eds ponerte a entender y aprender de los textos de Universidad sobre todo, para que el tiempo que le dediques te rinda de la mejor manera. <a href=\"https:\/\/www.cse.udelar.edu.uy\/progresa\/?page_id=899\"><strong>Leer m\u00e1s.<\/strong><\/a><\/p><\/div>\n\t\t\t\t<\/div>\n\t\t\t\t<\/div>\n\t\t\t\t<div class=\"elementor-element elementor-element-1339a3e elementor-widget elementor-widget-text-editor\" data-id=\"1339a3e\" data-element_type=\"widget\" data-widget_type=\"text-editor.default\">\n\t\t\t\t<div class=\"elementor-widget-container\">\n\t\t\t\t\t<div class=\"elementor-text-editor elementor-clearfix\"><\/div>\n\t\t\t\t<\/div>\n\t\t\t\t<\/div>\n\t\t\t\t\t\t<\/div>\n\t\t\t\t\t<\/div>\n\t\t<\/div>\n\t\t\t\t<div class=\"elementor-column elementor-col-33 elementor-top-column elementor-element elementor-element-d531e8e\" data-id=\"d531e8e\" data-element_type=\"column\">\n\t\t\t<div class=\"elementor-column-wrap\">\n\t\t\t\t\t\t\t<div class=\"elementor-widget-wrap\">\n\t\t\t\t\t\t\t\t<\/div>\n\t\t\t\t\t<\/div>\n\t\t<\/div>\n\t\t\t\t\t\t\t\t<\/div>\n\t\t\t\t\t<\/div>\n\t\t<\/section>\n\t\t\t\t\t\t<\/div>\n\t\t\t\t\t\t<\/div>\n\t\t\t\t\t<\/div>\n\t\t","protected":false},"excerpt":{"rendered":"<p>\u00bfC\u00f3mo leer para estudiar? Al comenzar a estudiar en la universidad, puede parecerte que el tiempo que le dedic\u00e1s a leer es poco productivo o que por m\u00e1s que pases muchas horas, no logr\u00e1s avanzar como te gustar\u00eda. Esto tiene que ver probablemente con la forma en la que estabas &hellip;<\/p>\n","protected":false},"author":5,"featured_media":0,"parent":0,"menu_order":0,"comment_status":"closed","ping_status":"closed","template":"","meta":[],"_links":{"self":[{"href":"https:\/\/www.cse.udelar.edu.uy\/progresa\/wp-json\/wp\/v2\/pages\/1935"}],"collection":[{"href":"https:\/\/www.cse.udelar.edu.uy\/progresa\/wp-json\/wp\/v2\/pages"}],"about":[{"href":"https:\/\/www.cse.udelar.edu.uy\/progresa\/wp-json\/wp\/v2\/types\/page"}],"author":[{"embeddable":true,"href":"https:\/\/www.cse.udelar.edu.uy\/progresa\/wp-json\/wp\/v2\/users\/5"}],"replies":[{"embeddable":true,"href":"https:\/\/www.cse.udelar.edu.uy\/progresa\/wp-json\/wp\/v2\/comments?post=1935"}],"version-history":[{"count":4,"href":"https:\/\/www.cse.udelar.edu.uy\/progresa\/wp-json\/wp\/v2\/pages\/1935\/revisions"}],"predecessor-version":[{"id":1944,"href":"https:\/\/www.cse.udelar.edu.uy\/progresa\/wp-json\/wp\/v2\/pages\/1935\/revisions\/1944"}],"wp:attachment":[{"href":"https:\/\/www.cse.udelar.edu.uy\/progresa\/wp-json\/wp\/v2\/media?parent=1935"}],"curies":[{"name":"wp","href":"https:\/\/api.w.org\/{rel}","templated":true}]}}