{"id":1946,"date":"2021-03-22T11:55:36","date_gmt":"2021-03-22T14:55:36","guid":{"rendered":"https:\/\/www.cse.udelar.edu.uy\/progresa\/?page_id=1946"},"modified":"2024-03-15T17:09:19","modified_gmt":"2024-03-15T20:09:19","slug":"amulector-por-que-esta-campana","status":"publish","type":"page","link":"https:\/\/www.cse.udelar.edu.uy\/progresa\/amulector-por-que-esta-campana\/","title":{"rendered":"#Amulector | \u00bfPor qu\u00e9 esta campa\u00f1a?"},"content":{"rendered":"\t\t<div data-elementor-type=\"wp-page\" data-elementor-id=\"1946\" class=\"elementor elementor-1946\" data-elementor-settings=\"[]\">\n\t\t\t\t\t\t<div class=\"elementor-inner\">\n\t\t\t\t\t\t\t<div class=\"elementor-section-wrap\">\n\t\t\t\t\t\t\t<section class=\"elementor-section elementor-top-section elementor-element elementor-element-13ea558 elementor-section-boxed elementor-section-height-default elementor-section-height-default\" data-id=\"13ea558\" data-element_type=\"section\">\n\t\t\t\t\t\t<div class=\"elementor-container elementor-column-gap-default\">\n\t\t\t\t\t\t\t<div class=\"elementor-row\">\n\t\t\t\t\t<div class=\"elementor-column elementor-col-66 elementor-top-column elementor-element elementor-element-42b37ff\" data-id=\"42b37ff\" data-element_type=\"column\">\n\t\t\t<div class=\"elementor-column-wrap elementor-element-populated\">\n\t\t\t\t\t\t\t<div class=\"elementor-widget-wrap\">\n\t\t\t\t\t\t<div class=\"elementor-element elementor-element-9b33bf8 elementor-widget elementor-widget-text-editor\" data-id=\"9b33bf8\" data-element_type=\"widget\" data-widget_type=\"text-editor.default\">\n\t\t\t\t<div class=\"elementor-widget-container\">\n\t\t\t\t\t<div class=\"elementor-text-editor elementor-clearfix\"><ul><li>Para sensibilizar sobre la necesidad de utilizar diversas estrategias de lectura a la hora de estudiar.<\/li><li>Para recordar que leer es una actividad compleja y que requiere un pensamiento estrat\u00e9gico<\/li><li>Para no olvidar que todos somos diferentes y tenemos distintos estilos cognitivos, por ejemplo, fortalezas en alg\u00fan tipo de memoria (visual, auditiva, narrativa, entre otras).<\/li><li>Para generar redes con otros estudiantes y crear una comunidad de lectores de la Udelar, a\u00fan en tiempos de pandemia.\u00a0<\/li><\/ul><p style=\"text-align: left\">La campa\u00f1a est\u00e1 basada en amuletos de lectura, que te llenan de su poder para ampliar tus estrategias lectoras y te protegen de la dificultad de los textos acad\u00e9micos. Cada amuleto est\u00e1 ligado a una pr\u00e1ctica de estudio que tuviste siempre, o te muestra otras nuevas que a\u00fan no conoc\u00e9s. La lectura universitaria, como toda pr\u00e1ctica en sus inicios, est\u00e1 rodeada de elementos nuevos y desconocidos a los que hacemos frente con aquellas cosas que nos ayudaron en el pasado. Por eso, es bueno saber que los \u201camuletos\u201d que hemos atesorado evolucionar\u00e1n, se acumular\u00e1n con otros para transformarse en herramientas adecuadas a las necesidades que plantea esta nueva cultura lectora.\u00a0<\/p><p style=\"text-align: left\">Te invitamos a coleccionar estos amuletos para desarrollar las habilidades lectoras que te exige la universidad. Tenerlos te permitir\u00e1 disponer de una serie de estrategias de lectura \u00fatiles y adaptables a diversas circunstancias. Si los coleccion\u00e1s todos, te convert\u00eds en Maestro Amulector, o lector universitario.<\/p><p><strong>#OrgulloUdelar<br \/>#<\/strong><strong>OrgulloLector<br \/>#Amulector<br \/>#EnUdelarLosColeccionamosTodos<\/strong>\u00a0<\/p><\/div>\n\t\t\t\t<\/div>\n\t\t\t\t<\/div>\n\t\t\t\t\t\t<\/div>\n\t\t\t\t\t<\/div>\n\t\t<\/div>\n\t\t\t\t<div class=\"elementor-column elementor-col-33 elementor-top-column elementor-element elementor-element-f45edcb\" data-id=\"f45edcb\" data-element_type=\"column\">\n\t\t\t<div class=\"elementor-column-wrap elementor-element-populated\">\n\t\t\t\t\t\t\t<div class=\"elementor-widget-wrap\">\n\t\t\t\t\t\t<div class=\"elementor-element elementor-element-7e00d62 elementor-widget elementor-widget-spacer\" data-id=\"7e00d62\" data-element_type=\"widget\" data-widget_type=\"spacer.default\">\n\t\t\t\t<div class=\"elementor-widget-container\">\n\t\t\t\t\t<div class=\"elementor-spacer\">\n\t\t\t<div class=\"elementor-spacer-inner\"><\/div>\n\t\t<\/div>\n\t\t\t\t<\/div>\n\t\t\t\t<\/div>\n\t\t\t\t<div class=\"elementor-element elementor-element-4f5fb71 animated-slow elementor-invisible elementor-widget elementor-widget-image\" data-id=\"4f5fb71\" data-element_type=\"widget\" data-settings=\"{&quot;_animation&quot;:&quot;bounceInRight&quot;}\" data-widget_type=\"image.default\">\n\t\t\t\t<div class=\"elementor-widget-container\">\n\t\t\t\t\t<div class=\"elementor-image\">\n\t\t\t\t\t\t\t\t\t\t<img width=\"150\" height=\"150\" src=\"https:\/\/www.cse.udelar.edu.uy\/progresa\/wp-content\/uploads\/sites\/11\/2021\/03\/Hola-6Mesa-de-trabajo-11.png\" class=\"attachment-thumbnail size-thumbnail\" alt=\"\" loading=\"lazy\" \/>\t\t\t\t\t\t\t\t\t\t\t<\/div>\n\t\t\t\t<\/div>\n\t\t\t\t<\/div>\n\t\t\t\t<div class=\"elementor-element elementor-element-2046dba elementor-widget elementor-widget-spacer\" data-id=\"2046dba\" data-element_type=\"widget\" data-widget_type=\"spacer.default\">\n\t\t\t\t<div class=\"elementor-widget-container\">\n\t\t\t\t\t<div class=\"elementor-spacer\">\n\t\t\t<div class=\"elementor-spacer-inner\"><\/div>\n\t\t<\/div>\n\t\t\t\t<\/div>\n\t\t\t\t<\/div>\n\t\t\t\t<div class=\"elementor-element elementor-element-1e617ff animated-slow elementor-invisible elementor-widget elementor-widget-image\" data-id=\"1e617ff\" data-element_type=\"widget\" data-settings=\"{&quot;_animation&quot;:&quot;bounceInRight&quot;}\" data-widget_type=\"image.default\">\n\t\t\t\t<div class=\"elementor-widget-container\">\n\t\t\t\t\t<div class=\"elementor-image\">\n\t\t\t\t\t\t\t\t\t\t<img width=\"150\" height=\"150\" src=\"https:\/\/www.cse.udelar.edu.uy\/progresa\/wp-content\/uploads\/sites\/11\/2021\/03\/Hola-6Mesa-de-trabajo-8.png\" class=\"attachment-thumbnail size-thumbnail\" alt=\"\" loading=\"lazy\" \/>\t\t\t\t\t\t\t\t\t\t\t<\/div>\n\t\t\t\t<\/div>\n\t\t\t\t<\/div>\n\t\t\t\t<div class=\"elementor-element elementor-element-ce1104e elementor-widget elementor-widget-spacer\" data-id=\"ce1104e\" data-element_type=\"widget\" data-widget_type=\"spacer.default\">\n\t\t\t\t<div class=\"elementor-widget-container\">\n\t\t\t\t\t<div class=\"elementor-spacer\">\n\t\t\t<div class=\"elementor-spacer-inner\"><\/div>\n\t\t<\/div>\n\t\t\t\t<\/div>\n\t\t\t\t<\/div>\n\t\t\t\t<div class=\"elementor-element elementor-element-fec1d4f animated-slow elementor-invisible elementor-widget elementor-widget-image\" data-id=\"fec1d4f\" data-element_type=\"widget\" data-settings=\"{&quot;_animation&quot;:&quot;bounceInRight&quot;}\" data-widget_type=\"image.default\">\n\t\t\t\t<div class=\"elementor-widget-container\">\n\t\t\t\t\t<div class=\"elementor-image\">\n\t\t\t\t\t\t\t\t\t\t<img width=\"150\" height=\"150\" src=\"https:\/\/www.cse.udelar.edu.uy\/progresa\/wp-content\/uploads\/sites\/11\/2021\/03\/Hola-6Mesa-de-trabajo-10.png\" class=\"attachment-thumbnail size-thumbnail\" alt=\"\" loading=\"lazy\" \/>\t\t\t\t\t\t\t\t\t\t\t<\/div>\n\t\t\t\t<\/div>\n\t\t\t\t<\/div>\n\t\t\t\t\t\t<\/div>\n\t\t\t\t\t<\/div>\n\t\t<\/div>\n\t\t\t\t\t\t\t\t<\/div>\n\t\t\t\t\t<\/div>\n\t\t<\/section>\n\t\t\t\t\t\t<\/div>\n\t\t\t\t\t\t<\/div>\n\t\t\t\t\t<\/div>\n\t\t","protected":false},"excerpt":{"rendered":"<p>Para sensibilizar sobre la necesidad de utilizar diversas estrategias de lectura a la hora de estudiar. Para recordar que leer es una actividad compleja y que requiere un pensamiento estrat\u00e9gico Para no olvidar que todos somos diferentes y tenemos distintos estilos cognitivos, por ejemplo, fortalezas en alg\u00fan tipo de memoria &hellip;<\/p>\n","protected":false},"author":5,"featured_media":0,"parent":0,"menu_order":0,"comment_status":"closed","ping_status":"closed","template":"","meta":[],"_links":{"self":[{"href":"https:\/\/www.cse.udelar.edu.uy\/progresa\/wp-json\/wp\/v2\/pages\/1946"}],"collection":[{"href":"https:\/\/www.cse.udelar.edu.uy\/progresa\/wp-json\/wp\/v2\/pages"}],"about":[{"href":"https:\/\/www.cse.udelar.edu.uy\/progresa\/wp-json\/wp\/v2\/types\/page"}],"author":[{"embeddable":true,"href":"https:\/\/www.cse.udelar.edu.uy\/progresa\/wp-json\/wp\/v2\/users\/5"}],"replies":[{"embeddable":true,"href":"https:\/\/www.cse.udelar.edu.uy\/progresa\/wp-json\/wp\/v2\/comments?post=1946"}],"version-history":[{"count":10,"href":"https:\/\/www.cse.udelar.edu.uy\/progresa\/wp-json\/wp\/v2\/pages\/1946\/revisions"}],"predecessor-version":[{"id":2178,"href":"https:\/\/www.cse.udelar.edu.uy\/progresa\/wp-json\/wp\/v2\/pages\/1946\/revisions\/2178"}],"wp:attachment":[{"href":"https:\/\/www.cse.udelar.edu.uy\/progresa\/wp-json\/wp\/v2\/media?parent=1946"}],"curies":[{"name":"wp","href":"https:\/\/api.w.org\/{rel}","templated":true}]}}