{"id":1971,"date":"2021-03-23T11:51:32","date_gmt":"2021-03-23T14:51:32","guid":{"rendered":"https:\/\/www.cse.udelar.edu.uy\/progresa\/?page_id=1971"},"modified":"2024-03-15T17:10:04","modified_gmt":"2024-03-15T20:10:04","slug":"lego","status":"publish","type":"page","link":"https:\/\/www.cse.udelar.edu.uy\/progresa\/lego\/","title":{"rendered":"Lego"},"content":{"rendered":"\t\t<div data-elementor-type=\"wp-page\" data-elementor-id=\"1971\" class=\"elementor elementor-1971\" data-elementor-settings=\"[]\">\n\t\t\t\t\t\t<div class=\"elementor-inner\">\n\t\t\t\t\t\t\t<div class=\"elementor-section-wrap\">\n\t\t\t\t\t\t\t<section class=\"elementor-section elementor-top-section elementor-element elementor-element-e6fe74a elementor-section-boxed elementor-section-height-default elementor-section-height-default\" data-id=\"e6fe74a\" data-element_type=\"section\">\n\t\t\t\t\t\t<div class=\"elementor-container elementor-column-gap-default\">\n\t\t\t\t\t\t\t<div class=\"elementor-row\">\n\t\t\t\t\t<div class=\"elementor-column elementor-col-33 elementor-top-column elementor-element elementor-element-d3c1669\" data-id=\"d3c1669\" data-element_type=\"column\">\n\t\t\t<div class=\"elementor-column-wrap elementor-element-populated\">\n\t\t\t\t\t\t\t<div class=\"elementor-widget-wrap\">\n\t\t\t\t\t\t<div class=\"elementor-element elementor-element-73cc492 elementor-pagination-position-inside elementor-arrows-position-inside elementor-widget elementor-widget-image-carousel\" data-id=\"73cc492\" data-element_type=\"widget\" data-settings=\"{&quot;slides_to_show&quot;:&quot;1&quot;,&quot;navigation&quot;:&quot;both&quot;,&quot;autoplay&quot;:&quot;yes&quot;,&quot;pause_on_hover&quot;:&quot;yes&quot;,&quot;pause_on_interaction&quot;:&quot;yes&quot;,&quot;autoplay_speed&quot;:5000,&quot;infinite&quot;:&quot;yes&quot;,&quot;effect&quot;:&quot;slide&quot;,&quot;speed&quot;:500}\" data-widget_type=\"image-carousel.default\">\n\t\t\t\t<div class=\"elementor-widget-container\">\n\t\t\t\t\t<div class=\"elementor-image-carousel-wrapper swiper-container\" dir=\"ltr\">\n\t\t\t<div class=\"elementor-image-carousel swiper-wrapper\">\n\t\t\t\t<div class=\"swiper-slide\"><figure class=\"swiper-slide-inner\"><img class=\"swiper-slide-image\" src=\"https:\/\/www.cse.udelar.edu.uy\/progresa\/wp-content\/uploads\/sites\/11\/2021\/03\/ObjetosPlacas_Mesa-de-trabajo-1-copia-3-300x300.png\" alt=\"ObjetosPlacas_Mesa de trabajo 1 copia 3\" \/><\/figure><\/div><div class=\"swiper-slide\"><figure class=\"swiper-slide-inner\"><img class=\"swiper-slide-image\" src=\"https:\/\/www.cse.udelar.edu.uy\/progresa\/wp-content\/uploads\/sites\/11\/2021\/03\/ObjetosPlacas_Mesa-de-trabajo-1-copia-12-300x300.png\" alt=\"ObjetosPlacas_Mesa de trabajo 1 copia 12\" \/><\/figure><\/div>\t\t\t<\/div>\n\t\t\t\t\t\t\t\t\t\t\t\t<div class=\"swiper-pagination\"><\/div>\n\t\t\t\t\t\t\t\t\t\t\t\t\t<div class=\"elementor-swiper-button elementor-swiper-button-prev\">\n\t\t\t\t\t\t<i class=\"eicon-chevron-left\" aria-hidden=\"true\"><\/i>\n\t\t\t\t\t\t<span class=\"elementor-screen-only\">Anterior<\/span>\n\t\t\t\t\t<\/div>\n\t\t\t\t\t<div class=\"elementor-swiper-button elementor-swiper-button-next\">\n\t\t\t\t\t\t<i class=\"eicon-chevron-right\" aria-hidden=\"true\"><\/i>\n\t\t\t\t\t\t<span class=\"elementor-screen-only\">Siguiente<\/span>\n\t\t\t\t\t<\/div>\n\t\t\t\t\t\t\t\t\t<\/div>\n\t\t\t\t<\/div>\n\t\t\t\t<\/div>\n\t\t\t\t\t\t<\/div>\n\t\t\t\t\t<\/div>\n\t\t<\/div>\n\t\t\t\t<div class=\"elementor-column elementor-col-66 elementor-top-column elementor-element elementor-element-7e7e2ef\" data-id=\"7e7e2ef\" data-element_type=\"column\">\n\t\t\t<div class=\"elementor-column-wrap elementor-element-populated\">\n\t\t\t\t\t\t\t<div class=\"elementor-widget-wrap\">\n\t\t\t\t\t\t<div class=\"elementor-element elementor-element-c5d27e3 elementor-view-default elementor-widget elementor-widget-icon\" data-id=\"c5d27e3\" data-element_type=\"widget\" data-widget_type=\"icon.default\">\n\t\t\t\t<div class=\"elementor-widget-container\">\n\t\t\t\t\t<div class=\"elementor-icon-wrapper\">\n\t\t\t<div class=\"elementor-icon\">\n\t\t\t<i aria-hidden=\"true\" class=\"fas fa-users\"><\/i>\t\t\t<\/div>\n\t\t<\/div>\n\t\t\t\t<\/div>\n\t\t\t\t<\/div>\n\t\t\t\t<div class=\"elementor-element elementor-element-0af6534 elementor-widget elementor-widget-text-editor\" data-id=\"0af6534\" data-element_type=\"widget\" data-widget_type=\"text-editor.default\">\n\t\t\t\t<div class=\"elementor-widget-container\">\n\t\t\t\t\t<div class=\"elementor-text-editor elementor-clearfix\"><p style=\"font-style: normal;font-weight: 400;font-size: 15.2px;font-family: Roboto;text-indent: 0px;color: #54595f\"><strong>\u00bfEn qu\u00e9 consiste la pr\u00e1ctica?<br \/><\/strong>Leer con otros, discutir, dialogar y compartir impresiones<\/p><p style=\"font-style: normal;font-weight: 400;font-size: 15.2px;font-family: Roboto;text-indent: 0px;color: #54595f\"><strong>\u00bfCu\u00e1ndo?<\/strong><br \/>Durante y despu\u00e9s de la lectura<\/p><p style=\"font-style: normal;font-weight: 400;font-size: 15.2px;font-family: Roboto;text-indent: 0px;color: #54595f\"><strong>Tipo de estrategia\u00a0<\/strong><br \/>Lectura cooperativa<\/p><\/div>\n\t\t\t\t<\/div>\n\t\t\t\t<\/div>\n\t\t\t\t\t\t<\/div>\n\t\t\t\t\t<\/div>\n\t\t<\/div>\n\t\t\t\t\t\t\t\t<\/div>\n\t\t\t\t\t<\/div>\n\t\t<\/section>\n\t\t\t\t<section class=\"elementor-section elementor-top-section elementor-element elementor-element-afa478f elementor-section-boxed elementor-section-height-default elementor-section-height-default\" data-id=\"afa478f\" data-element_type=\"section\">\n\t\t\t\t\t\t<div class=\"elementor-container elementor-column-gap-default\">\n\t\t\t\t\t\t\t<div class=\"elementor-row\">\n\t\t\t\t\t<div class=\"elementor-column elementor-col-66 elementor-top-column elementor-element elementor-element-7c175ac\" data-id=\"7c175ac\" data-element_type=\"column\">\n\t\t\t<div class=\"elementor-column-wrap elementor-element-populated\">\n\t\t\t\t\t\t\t<div class=\"elementor-widget-wrap\">\n\t\t\t\t\t\t<div class=\"elementor-element elementor-element-6db439f elementor-widget elementor-widget-text-editor\" data-id=\"6db439f\" data-element_type=\"widget\" data-widget_type=\"text-editor.default\">\n\t\t\t\t<div class=\"elementor-widget-container\">\n\t\t\t\t\t<div class=\"elementor-text-editor elementor-clearfix\"><p><span style=\"color: #333333\">Una de las mejores cosas de la universidad son los grupos que se forman para estudiar, porque all\u00ed surgen amistades que sobreviven muchos a\u00f1os. <strong>Juntarte con otros, de manera virtual o presencial, mejora tu motivaci\u00f3n.<\/strong> Adem\u00e1s, te ayuda a mantener el ritmo de estudio y, lo m\u00e1s importante, es que te permite mejorar la comprensi\u00f3n de lo le\u00eddo a partir de las discusiones grupales. La cooperaci\u00f3n entre compa\u00f1eros es fundamental para integrarte a la comunidad acad\u00e9mica y para llevar adelante la dura tarea del estudio.&nbsp;<\/span><\/p>\n<p><span style=\"color: #333333\">Las principales t\u00e9cnicas grupales para el estudio est\u00e1n relacionadas con el di\u00e1logo. As\u00ed, es \u00fatil el <b>parafraseo<\/b> (repetir lo le\u00eddo con otras palabras), el <b>resumen oral<\/b> (por ejemplo, explic\u00e1ndole a alguien lo ya le\u00eddo), el<strong> intercambio de opiniones <\/strong>y la <strong>argumentaci\u00f3n<\/strong> (apoyar con evidencia una interpretaci\u00f3n de la lectura). Es importante que, tanto en la lectura grupal como en aquella que se realiza en solitario, haya momentos de concentraci\u00f3n y de foco en la tarea de estudio. Tambi\u00e9n es necesario que haya cortes y momentos de<\/span> <a href=\"https:\/\/www.cse.udelar.edu.uy\/progresa\/reloj-pulsera\/\"><strong>distracci\u00f3n<\/strong><\/a>.&nbsp;<\/p>\n<p><span style=\"color: #333333\">Te recomendamos que en las lecturas colectivas <strong>se turnen entre ustedes para leer.<\/strong> Tambi\u00e9n es bueno que cada uno vaya explicando lo que entendi\u00f3 o resumiendo con sus palabras lo que dicen los textos. Si cuando se explican entre ustedes, todos entendieron algo similar, es probable que est\u00e9n interpretando correctamente el texto. <strong>El intercambio de explicaciones es muy \u00fatil para chequear la comprensi\u00f3n.<\/strong> En el caso que hayan entendido cosas distintas, es bueno que cada uno argumente desde el texto, es decir, haciendo referencia a partes espec\u00edficas que permitan sostener la interpretaci\u00f3n. Adem\u00e1s, pueden recurrir a<a href=\"https:\/\/www.cse.udelar.edu.uy\/progresa\/pen-drive\/\"><strong> fuentes externas<\/strong> <\/a>que los ayuden en caso de interpretaciones contradictorias. Finalmente, no siempre es necesario estar de acuerdo, <strong>las discusiones fomentan el pensamiento cr\u00edtico necesario en la universidad.<\/strong> Los grupos de estudio ayudan tanto a conocer compa\u00f1eros y hacer amigos como a discutir y ayudarse entre varios a comprender los temas y textos dif\u00edciles.&nbsp;<\/span><\/p><\/div>\n\t\t\t\t<\/div>\n\t\t\t\t<\/div>\n\t\t\t\t\t\t<\/div>\n\t\t\t\t\t<\/div>\n\t\t<\/div>\n\t\t\t\t<div class=\"elementor-column elementor-col-33 elementor-top-column elementor-element elementor-element-498d9f0\" data-id=\"498d9f0\" data-element_type=\"column\">\n\t\t\t<div class=\"elementor-column-wrap\">\n\t\t\t\t\t\t\t<div class=\"elementor-widget-wrap\">\n\t\t\t\t\t\t\t\t<\/div>\n\t\t\t\t\t<\/div>\n\t\t<\/div>\n\t\t\t\t\t\t\t\t<\/div>\n\t\t\t\t\t<\/div>\n\t\t<\/section>\n\t\t\t\t\t\t<\/div>\n\t\t\t\t\t\t<\/div>\n\t\t\t\t\t<\/div>\n\t\t","protected":false},"excerpt":{"rendered":"<p>Anterior Siguiente \u00bfEn qu\u00e9 consiste la pr\u00e1ctica?Leer con otros, discutir, dialogar y compartir impresiones \u00bfCu\u00e1ndo?Durante y despu\u00e9s de la lectura Tipo de estrategia\u00a0Lectura cooperativa Una de las mejores cosas de la universidad son los grupos que se forman para estudiar, porque all\u00ed surgen amistades que sobreviven muchos a\u00f1os. Juntarte con &hellip;<\/p>\n","protected":false},"author":5,"featured_media":0,"parent":0,"menu_order":0,"comment_status":"closed","ping_status":"closed","template":"","meta":[],"_links":{"self":[{"href":"https:\/\/www.cse.udelar.edu.uy\/progresa\/wp-json\/wp\/v2\/pages\/1971"}],"collection":[{"href":"https:\/\/www.cse.udelar.edu.uy\/progresa\/wp-json\/wp\/v2\/pages"}],"about":[{"href":"https:\/\/www.cse.udelar.edu.uy\/progresa\/wp-json\/wp\/v2\/types\/page"}],"author":[{"embeddable":true,"href":"https:\/\/www.cse.udelar.edu.uy\/progresa\/wp-json\/wp\/v2\/users\/5"}],"replies":[{"embeddable":true,"href":"https:\/\/www.cse.udelar.edu.uy\/progresa\/wp-json\/wp\/v2\/comments?post=1971"}],"version-history":[{"count":12,"href":"https:\/\/www.cse.udelar.edu.uy\/progresa\/wp-json\/wp\/v2\/pages\/1971\/revisions"}],"predecessor-version":[{"id":2191,"href":"https:\/\/www.cse.udelar.edu.uy\/progresa\/wp-json\/wp\/v2\/pages\/1971\/revisions\/2191"}],"wp:attachment":[{"href":"https:\/\/www.cse.udelar.edu.uy\/progresa\/wp-json\/wp\/v2\/media?parent=1971"}],"curies":[{"name":"wp","href":"https:\/\/api.w.org\/{rel}","templated":true}]}}