{"id":1976,"date":"2021-03-23T11:58:20","date_gmt":"2021-03-23T14:58:20","guid":{"rendered":"https:\/\/www.cse.udelar.edu.uy\/progresa\/?page_id=1976"},"modified":"2024-03-15T17:11:00","modified_gmt":"2024-03-15T20:11:00","slug":"microfono","status":"publish","type":"page","link":"https:\/\/www.cse.udelar.edu.uy\/progresa\/microfono\/","title":{"rendered":"Micr\u00f3fono"},"content":{"rendered":"\t\t<div data-elementor-type=\"wp-page\" data-elementor-id=\"1976\" class=\"elementor elementor-1976\" data-elementor-settings=\"[]\">\n\t\t\t\t\t\t<div class=\"elementor-inner\">\n\t\t\t\t\t\t\t<div class=\"elementor-section-wrap\">\n\t\t\t\t\t\t\t<section class=\"elementor-section elementor-top-section elementor-element elementor-element-e6c430e elementor-section-boxed elementor-section-height-default elementor-section-height-default\" data-id=\"e6c430e\" data-element_type=\"section\">\n\t\t\t\t\t\t<div class=\"elementor-container elementor-column-gap-default\">\n\t\t\t\t\t\t\t<div class=\"elementor-row\">\n\t\t\t\t\t<div class=\"elementor-column elementor-col-33 elementor-top-column elementor-element elementor-element-e908774\" data-id=\"e908774\" data-element_type=\"column\">\n\t\t\t<div class=\"elementor-column-wrap elementor-element-populated\">\n\t\t\t\t\t\t\t<div class=\"elementor-widget-wrap\">\n\t\t\t\t\t\t<div class=\"elementor-element elementor-element-9415276 elementor-pagination-position-inside elementor-arrows-position-inside elementor-widget elementor-widget-image-carousel\" data-id=\"9415276\" data-element_type=\"widget\" data-settings=\"{&quot;slides_to_show&quot;:&quot;1&quot;,&quot;navigation&quot;:&quot;both&quot;,&quot;autoplay&quot;:&quot;yes&quot;,&quot;pause_on_hover&quot;:&quot;yes&quot;,&quot;pause_on_interaction&quot;:&quot;yes&quot;,&quot;autoplay_speed&quot;:5000,&quot;infinite&quot;:&quot;yes&quot;,&quot;effect&quot;:&quot;slide&quot;,&quot;speed&quot;:500}\" data-widget_type=\"image-carousel.default\">\n\t\t\t\t<div class=\"elementor-widget-container\">\n\t\t\t\t\t<div class=\"elementor-image-carousel-wrapper swiper-container\" dir=\"ltr\">\n\t\t\t<div class=\"elementor-image-carousel swiper-wrapper\">\n\t\t\t\t<div class=\"swiper-slide\"><figure class=\"swiper-slide-inner\"><img class=\"swiper-slide-image\" src=\"https:\/\/www.cse.udelar.edu.uy\/progresa\/wp-content\/uploads\/sites\/11\/2021\/03\/ObjetosPlacas_Mesa-de-trabajo-1-copia-7-300x300.png\" alt=\"ObjetosPlacas_Mesa de trabajo 1 copia 7\" \/><\/figure><\/div><div class=\"swiper-slide\"><figure class=\"swiper-slide-inner\"><img class=\"swiper-slide-image\" src=\"https:\/\/www.cse.udelar.edu.uy\/progresa\/wp-content\/uploads\/sites\/11\/2021\/03\/ObjetosPlacas_Mesa-de-trabajo-1-copia-16-300x300.png\" alt=\"ObjetosPlacas_Mesa de trabajo 1 copia 16\" \/><\/figure><\/div>\t\t\t<\/div>\n\t\t\t\t\t\t\t\t\t\t\t\t<div class=\"swiper-pagination\"><\/div>\n\t\t\t\t\t\t\t\t\t\t\t\t\t<div class=\"elementor-swiper-button elementor-swiper-button-prev\">\n\t\t\t\t\t\t<i class=\"eicon-chevron-left\" aria-hidden=\"true\"><\/i>\n\t\t\t\t\t\t<span class=\"elementor-screen-only\">Anterior<\/span>\n\t\t\t\t\t<\/div>\n\t\t\t\t\t<div class=\"elementor-swiper-button elementor-swiper-button-next\">\n\t\t\t\t\t\t<i class=\"eicon-chevron-right\" aria-hidden=\"true\"><\/i>\n\t\t\t\t\t\t<span class=\"elementor-screen-only\">Siguiente<\/span>\n\t\t\t\t\t<\/div>\n\t\t\t\t\t\t\t\t\t<\/div>\n\t\t\t\t<\/div>\n\t\t\t\t<\/div>\n\t\t\t\t\t\t<\/div>\n\t\t\t\t\t<\/div>\n\t\t<\/div>\n\t\t\t\t<div class=\"elementor-column elementor-col-66 elementor-top-column elementor-element elementor-element-a92e1e4\" data-id=\"a92e1e4\" data-element_type=\"column\">\n\t\t\t<div class=\"elementor-column-wrap elementor-element-populated\">\n\t\t\t\t\t\t\t<div class=\"elementor-widget-wrap\">\n\t\t\t\t\t\t<div class=\"elementor-element elementor-element-a7963ab elementor-view-default elementor-widget elementor-widget-icon\" data-id=\"a7963ab\" data-element_type=\"widget\" data-widget_type=\"icon.default\">\n\t\t\t\t<div class=\"elementor-widget-container\">\n\t\t\t\t\t<div class=\"elementor-icon-wrapper\">\n\t\t\t<div class=\"elementor-icon\">\n\t\t\t<i aria-hidden=\"true\" class=\"fas fa-microphone\"><\/i>\t\t\t<\/div>\n\t\t<\/div>\n\t\t\t\t<\/div>\n\t\t\t\t<\/div>\n\t\t\t\t<div class=\"elementor-element elementor-element-17a54ea elementor-widget elementor-widget-text-editor\" data-id=\"17a54ea\" data-element_type=\"widget\" data-widget_type=\"text-editor.default\">\n\t\t\t\t<div class=\"elementor-widget-container\">\n\t\t\t\t\t<div class=\"elementor-text-editor elementor-clearfix\"><p style=\"font-style: normal;font-weight: 400;font-size: 15.2px;font-family: Roboto;text-indent: 0px;color: #54595f\"><strong>\u00bfEn qu\u00e9 consiste la pr\u00e1ctica?<\/strong><br \/>Leer en voz alta o escuchar la lectura <br \/>en voz alta de un texto<\/p><p style=\"font-style: normal;font-weight: 400;font-size: 15.2px;font-family: Roboto;text-indent: 0px;color: #54595f\"><strong>\u00bfCu\u00e1ndo?<\/strong><br \/>Durante la lectura<\/p><p style=\"font-style: normal;font-weight: 400;font-size: 15.2px;font-family: Roboto;text-indent: 0px;color: #54595f\"><strong>Tipo de estrategia<\/strong>\u00a0<br \/>Soporte de la comprensi\u00f3n<\/p><\/div>\n\t\t\t\t<\/div>\n\t\t\t\t<\/div>\n\t\t\t\t\t\t<\/div>\n\t\t\t\t\t<\/div>\n\t\t<\/div>\n\t\t\t\t\t\t\t\t<\/div>\n\t\t\t\t\t<\/div>\n\t\t<\/section>\n\t\t\t\t<section class=\"elementor-section elementor-top-section elementor-element elementor-element-b7ce6d5 elementor-section-boxed elementor-section-height-default elementor-section-height-default\" data-id=\"b7ce6d5\" data-element_type=\"section\">\n\t\t\t\t\t\t<div class=\"elementor-container elementor-column-gap-default\">\n\t\t\t\t\t\t\t<div class=\"elementor-row\">\n\t\t\t\t\t<div class=\"elementor-column elementor-col-66 elementor-top-column elementor-element elementor-element-b962324\" data-id=\"b962324\" data-element_type=\"column\">\n\t\t\t<div class=\"elementor-column-wrap elementor-element-populated\">\n\t\t\t\t\t\t\t<div class=\"elementor-widget-wrap\">\n\t\t\t\t\t\t<div class=\"elementor-element elementor-element-35660f6 elementor-widget elementor-widget-text-editor\" data-id=\"35660f6\" data-element_type=\"widget\" data-widget_type=\"text-editor.default\">\n\t\t\t\t<div class=\"elementor-widget-container\">\n\t\t\t\t\t<div class=\"elementor-text-editor elementor-clearfix\"><p>\u00bfLectura en voz alta? Si te est\u00e1s preguntando por qu\u00e9 te recomendamos esta estrategia, le\u00e9 con atenci\u00f3n lo que sigue (\u00a1y en voz alta!). <strong>Leer en voz alta con un buen ritmo y una entonaci\u00f3n adecuada favorece la comprensi\u00f3n de los textos porque es una actividad que necesita mucha atenci\u00f3n<\/strong>. Esta atenci\u00f3n est\u00e1 enfocada en el contenido y en la forma en la que lo presenta el autor. Por este motivo, te ayuda a procesar mejor la informaci\u00f3n que le\u00e9s. Adem\u00e1s, la lectura en voz alta es fundamental para mejorar tus habilidades de comunicaci\u00f3n oral.<\/p><p>La lectura oral es una estrategia \u00fatil en el marco del monitoreo de la comprensi\u00f3n, ya que ayuda a enlentecer el<strong><a href=\"https:\/\/www.cse.udelar.edu.uy\/progresa\/mp3\/\"> ritmo<\/a><\/strong> de lectura cuando el texto es dif\u00edcil. Esta forma de leer <strong>te permite interactuar con el texto como si estuvieras conversando con \u00e9l y si ten\u00e9s memoria auditiva es una muy buena forma de aprovecharla<\/strong>. Esta pr\u00e1ctica tambi\u00e9n aumenta tu conciencia sobre la manera en que los signos de puntuaci\u00f3n organizan la informaci\u00f3n a la interna de los p\u00e1rrafos. Esto se debe a que <strong>la entonaci\u00f3n que aporta la voz hace m\u00e1s evidente el sentido del texto<\/strong> y las articulaciones entre sus diferentes partes. Adem\u00e1s, al leer en voz alta te das cuenta de cu\u00e1les son las palabras que m\u00e1s se repiten y esto est\u00e1 \u00edntimamente relacionado con los conceptos clave de tu lectura.<\/p><p>La lectura en voz alta <strong>puede hacerse solo o en grupo<\/strong>. Escuchar leer a otros tiene muchas ventajas. Por ejemplo, muchos estudiantes prefieren o\u00edr c\u00f3mo les leen porque los ayuda a retener m\u00e1s los contenidos y porque son capaces de prestar mayor atenci\u00f3n a la lectura de otros que a la suya propia. Algunos estudiantes usan <strong><a href=\"https:\/\/www.cse.udelar.edu.uy\/progresa\/lego\/\">grupos de estudio<\/a><\/strong> donde uno lee y luego los que escuchan tratan de explicar lo que dec\u00eda el texto con sus palabras o toman notas. Por todos estos motivos y algunos otros que tal vez descubras leyendo en voz alta, te recomendamos que practiques esta lectura, tanto solo como acompa\u00f1ado.<\/p><\/div>\n\t\t\t\t<\/div>\n\t\t\t\t<\/div>\n\t\t\t\t\t\t<\/div>\n\t\t\t\t\t<\/div>\n\t\t<\/div>\n\t\t\t\t<div class=\"elementor-column elementor-col-33 elementor-top-column elementor-element elementor-element-d23d2c4\" data-id=\"d23d2c4\" data-element_type=\"column\">\n\t\t\t<div class=\"elementor-column-wrap\">\n\t\t\t\t\t\t\t<div class=\"elementor-widget-wrap\">\n\t\t\t\t\t\t\t\t<\/div>\n\t\t\t\t\t<\/div>\n\t\t<\/div>\n\t\t\t\t\t\t\t\t<\/div>\n\t\t\t\t\t<\/div>\n\t\t<\/section>\n\t\t\t\t\t\t<\/div>\n\t\t\t\t\t\t<\/div>\n\t\t\t\t\t<\/div>\n\t\t","protected":false},"excerpt":{"rendered":"<p>Anterior Siguiente \u00bfEn qu\u00e9 consiste la pr\u00e1ctica?Leer en voz alta o escuchar la lectura en voz alta de un texto \u00bfCu\u00e1ndo?Durante la lectura Tipo de estrategia\u00a0Soporte de la comprensi\u00f3n \u00bfLectura en voz alta? Si te est\u00e1s preguntando por qu\u00e9 te recomendamos esta estrategia, le\u00e9 con atenci\u00f3n lo que sigue (\u00a1y &hellip;<\/p>\n","protected":false},"author":5,"featured_media":0,"parent":0,"menu_order":0,"comment_status":"closed","ping_status":"closed","template":"","meta":[],"_links":{"self":[{"href":"https:\/\/www.cse.udelar.edu.uy\/progresa\/wp-json\/wp\/v2\/pages\/1976"}],"collection":[{"href":"https:\/\/www.cse.udelar.edu.uy\/progresa\/wp-json\/wp\/v2\/pages"}],"about":[{"href":"https:\/\/www.cse.udelar.edu.uy\/progresa\/wp-json\/wp\/v2\/types\/page"}],"author":[{"embeddable":true,"href":"https:\/\/www.cse.udelar.edu.uy\/progresa\/wp-json\/wp\/v2\/users\/5"}],"replies":[{"embeddable":true,"href":"https:\/\/www.cse.udelar.edu.uy\/progresa\/wp-json\/wp\/v2\/comments?post=1976"}],"version-history":[{"count":10,"href":"https:\/\/www.cse.udelar.edu.uy\/progresa\/wp-json\/wp\/v2\/pages\/1976\/revisions"}],"predecessor-version":[{"id":2241,"href":"https:\/\/www.cse.udelar.edu.uy\/progresa\/wp-json\/wp\/v2\/pages\/1976\/revisions\/2241"}],"wp:attachment":[{"href":"https:\/\/www.cse.udelar.edu.uy\/progresa\/wp-json\/wp\/v2\/media?parent=1976"}],"curies":[{"name":"wp","href":"https:\/\/api.w.org\/{rel}","templated":true}]}}