{"id":1989,"date":"2021-03-23T12:13:12","date_gmt":"2021-03-23T15:13:12","guid":{"rendered":"https:\/\/www.cse.udelar.edu.uy\/progresa\/?page_id=1989"},"modified":"2024-03-15T17:11:01","modified_gmt":"2024-03-15T20:11:01","slug":"pen-drive","status":"publish","type":"page","link":"https:\/\/www.cse.udelar.edu.uy\/progresa\/pen-drive\/","title":{"rendered":"Pen drive"},"content":{"rendered":"\t\t<div data-elementor-type=\"wp-page\" data-elementor-id=\"1989\" class=\"elementor elementor-1989\" data-elementor-settings=\"[]\">\n\t\t\t\t\t\t<div class=\"elementor-inner\">\n\t\t\t\t\t\t\t<div class=\"elementor-section-wrap\">\n\t\t\t\t\t\t\t<section class=\"elementor-section elementor-top-section elementor-element elementor-element-9ae4ddb elementor-section-boxed elementor-section-height-default elementor-section-height-default\" data-id=\"9ae4ddb\" data-element_type=\"section\">\n\t\t\t\t\t\t<div class=\"elementor-container elementor-column-gap-default\">\n\t\t\t\t\t\t\t<div class=\"elementor-row\">\n\t\t\t\t\t<div class=\"elementor-column elementor-col-33 elementor-top-column elementor-element elementor-element-797e85a\" data-id=\"797e85a\" data-element_type=\"column\">\n\t\t\t<div class=\"elementor-column-wrap elementor-element-populated\">\n\t\t\t\t\t\t\t<div class=\"elementor-widget-wrap\">\n\t\t\t\t\t\t<div class=\"elementor-element elementor-element-4fa40d2 elementor-pagination-position-inside elementor-arrows-position-inside elementor-widget elementor-widget-image-carousel\" data-id=\"4fa40d2\" data-element_type=\"widget\" data-settings=\"{&quot;slides_to_show&quot;:&quot;1&quot;,&quot;navigation&quot;:&quot;both&quot;,&quot;autoplay&quot;:&quot;yes&quot;,&quot;pause_on_hover&quot;:&quot;yes&quot;,&quot;pause_on_interaction&quot;:&quot;yes&quot;,&quot;autoplay_speed&quot;:5000,&quot;infinite&quot;:&quot;yes&quot;,&quot;effect&quot;:&quot;slide&quot;,&quot;speed&quot;:500}\" data-widget_type=\"image-carousel.default\">\n\t\t\t\t<div class=\"elementor-widget-container\">\n\t\t\t\t\t<div class=\"elementor-image-carousel-wrapper swiper-container\" dir=\"ltr\">\n\t\t\t<div class=\"elementor-image-carousel swiper-wrapper\">\n\t\t\t\t<div class=\"swiper-slide\"><figure class=\"swiper-slide-inner\"><img class=\"swiper-slide-image\" src=\"https:\/\/www.cse.udelar.edu.uy\/progresa\/wp-content\/uploads\/sites\/11\/2021\/03\/ObjetosPlacas_Mesa-de-trabajo-1-copia-5-300x300.png\" alt=\"ObjetosPlacas_Mesa de trabajo 1 copia 5\" \/><\/figure><\/div><div class=\"swiper-slide\"><figure class=\"swiper-slide-inner\"><img class=\"swiper-slide-image\" src=\"https:\/\/www.cse.udelar.edu.uy\/progresa\/wp-content\/uploads\/sites\/11\/2021\/03\/ObjetosPlacas_Mesa-de-trabajo-1-copia-14-300x300.png\" alt=\"ObjetosPlacas_Mesa de trabajo 1 copia 14\" \/><\/figure><\/div>\t\t\t<\/div>\n\t\t\t\t\t\t\t\t\t\t\t\t<div class=\"swiper-pagination\"><\/div>\n\t\t\t\t\t\t\t\t\t\t\t\t\t<div class=\"elementor-swiper-button elementor-swiper-button-prev\">\n\t\t\t\t\t\t<i class=\"eicon-chevron-left\" aria-hidden=\"true\"><\/i>\n\t\t\t\t\t\t<span class=\"elementor-screen-only\">Anterior<\/span>\n\t\t\t\t\t<\/div>\n\t\t\t\t\t<div class=\"elementor-swiper-button elementor-swiper-button-next\">\n\t\t\t\t\t\t<i class=\"eicon-chevron-right\" aria-hidden=\"true\"><\/i>\n\t\t\t\t\t\t<span class=\"elementor-screen-only\">Siguiente<\/span>\n\t\t\t\t\t<\/div>\n\t\t\t\t\t\t\t\t\t<\/div>\n\t\t\t\t<\/div>\n\t\t\t\t<\/div>\n\t\t\t\t\t\t<\/div>\n\t\t\t\t\t<\/div>\n\t\t<\/div>\n\t\t\t\t<div class=\"elementor-column elementor-col-66 elementor-top-column elementor-element elementor-element-377cf47\" data-id=\"377cf47\" data-element_type=\"column\">\n\t\t\t<div class=\"elementor-column-wrap elementor-element-populated\">\n\t\t\t\t\t\t\t<div class=\"elementor-widget-wrap\">\n\t\t\t\t\t\t<div class=\"elementor-element elementor-element-e4c8ba5 elementor-view-default elementor-widget elementor-widget-icon\" data-id=\"e4c8ba5\" data-element_type=\"widget\" data-widget_type=\"icon.default\">\n\t\t\t\t<div class=\"elementor-widget-container\">\n\t\t\t\t\t<div class=\"elementor-icon-wrapper\">\n\t\t\t<div class=\"elementor-icon\">\n\t\t\t<i aria-hidden=\"true\" class=\"fas fa-book\"><\/i>\t\t\t<\/div>\n\t\t<\/div>\n\t\t\t\t<\/div>\n\t\t\t\t<\/div>\n\t\t\t\t<div class=\"elementor-element elementor-element-b33703f elementor-widget elementor-widget-text-editor\" data-id=\"b33703f\" data-element_type=\"widget\" data-widget_type=\"text-editor.default\">\n\t\t\t\t<div class=\"elementor-widget-container\">\n\t\t\t\t\t<div class=\"elementor-text-editor elementor-clearfix\"><p style=\"font-style: normal;font-weight: 400;font-size: 15.2px;font-family: Roboto;text-indent: 0px;color: #54595f\"><strong>\u00bfEn qu\u00e9 consiste la pr\u00e1ctica?<\/strong><br \/>Ampliar la comprensi\u00f3n mediante la b\u00fasqueda de\u00a0<br \/><span style=\"font-family: Roboto;font-size: 15.2px;font-style: normal;font-weight: 400;text-align: inherit\">informaci\u00f3n faltante para comprensi\u00f3n local o global<\/span><\/p><p style=\"font-style: normal;font-weight: 400;font-size: 15.2px;font-family: Roboto;text-indent: 0px;color: #54595f\"><strong>\u00bfCu\u00e1ndo?<\/strong><br \/>Antes, durante y despu\u00e9s de la lectura<\/p><p style=\"font-style: normal;font-weight: 400;font-size: 15.2px;font-family: Roboto;text-indent: 0px;color: #54595f\"><strong>Tipo de estrategia<\/strong><br \/>Monitoreo de la comprensi\u00f3n<\/p><\/div>\n\t\t\t\t<\/div>\n\t\t\t\t<\/div>\n\t\t\t\t\t\t<\/div>\n\t\t\t\t\t<\/div>\n\t\t<\/div>\n\t\t\t\t\t\t\t\t<\/div>\n\t\t\t\t\t<\/div>\n\t\t<\/section>\n\t\t\t\t<section class=\"elementor-section elementor-top-section elementor-element elementor-element-1edd500 elementor-section-boxed elementor-section-height-default elementor-section-height-default\" data-id=\"1edd500\" data-element_type=\"section\">\n\t\t\t\t\t\t<div class=\"elementor-container elementor-column-gap-default\">\n\t\t\t\t\t\t\t<div class=\"elementor-row\">\n\t\t\t\t\t<div class=\"elementor-column elementor-col-66 elementor-top-column elementor-element elementor-element-b724ef8\" data-id=\"b724ef8\" data-element_type=\"column\">\n\t\t\t<div class=\"elementor-column-wrap elementor-element-populated\">\n\t\t\t\t\t\t\t<div class=\"elementor-widget-wrap\">\n\t\t\t\t\t\t<div class=\"elementor-element elementor-element-a0638fa elementor-widget elementor-widget-text-editor\" data-id=\"a0638fa\" data-element_type=\"widget\" data-widget_type=\"text-editor.default\">\n\t\t\t\t<div class=\"elementor-widget-container\">\n\t\t\t\t\t<div class=\"elementor-text-editor elementor-clearfix\"><p>\u00bfTe pas\u00f3 alguna vez que a pesar de leer un texto varias veces no lo entend\u00edas? Al principio, esto es normal, ya que <strong>lo propio de la universidad es introducirte en disciplinas y temas que quiz\u00e1s ni sospechabas que exist\u00edan<\/strong>. Al empezar los cursos se abre frente a vos un universo de conocimientos, y aunque a veces da un poco de v\u00e9rtigo <strong>no te preocupes, porque vas a ir desarrollando herramientas para apropiarte de todo lo nuevo.\u00a0<\/strong><\/p><p>A la hora de enfrentar un texto es muy importante empezar por el tema que trata y en base a eso predecir sobre qu\u00e9 aspectos te informar\u00e1. Esta fase inicial de contacto con el material de estudio es fundamental, por ejemplo, para vincular la tem\u00e1tica del texto con lo que se di\u00f3 en la clase o con lo que conoc\u00e9s de etapas anteriores. <strong>Hacer esta primera evaluaci\u00f3n permite definir cu\u00e1nto conoc\u00e9s del tema para saber cu\u00e1nto ten\u00e9s que informarte antes de seguir leyendo<\/strong>. Por suerte, y m\u00e1s en estos tiempos, existe mucha informaci\u00f3n a la que recurrir cuando no sab\u00e9s nada del tema o cuando no entend\u00e9s alg\u00fan concepto b\u00e1sico. Por ejemplo, una primera aproximaci\u00f3n puede hacerse a partir de libros de referencia y\/o de internet (buscadores, youtube, <strong><a href=\"https:\/\/www.cse.udelar.edu.uy\/progresa\/pen-drive\/\">enciclopedias<\/a><\/strong>). Tambi\u00e9n el diccionario es un buen aliado para comprender palabras nuevas o que tengan un significado diferente al que ya manej\u00e1s. Hay diccionarios espec\u00edficos para cada \u00e1rea del conocimiento, busc\u00e1 cu\u00e1l es el que se adapta a tu necesidad.\u00a0<\/p><p>Hoy en d\u00eda, podemos aproximarnos a cualquier tema realizando una b\u00fasqueda en internet. Lo importante es poder <strong>evaluar qu\u00e9 tan confiable es la informaci\u00f3n de esas fuentes<\/strong>, que puede ser de diferentes niveles de generalizaci\u00f3n y profundidad. En un extremo, est\u00e1n los textos muy t\u00e9cnicos, solo comprensibles por los expertos, y en el otro, est\u00e1n aquellos llamados \u201cde divulgaci\u00f3n\u201d, que son f\u00e1ciles y est\u00e1n destinados a un p\u00fablico no especializado. En la universidad\u00a0 textos como los de Wikipedia nunca pueden considerarse como la \u00fanica fuente de conocimiento, pero son muy \u00fatiles para iniciarte en una tem\u00e1tica y a veces te pueden redirigir hacia textos m\u00e1s t\u00e9cnicos (para eso est\u00e1 tambi\u00e9n el <a href=\"https:\/\/www.cse.udelar.edu.uy\/progresa\/tamagotchi\/\"><strong>Programa del curso<\/strong><\/a>). Los libros o art\u00edculos cient\u00edficos ser\u00e1n los m\u00e1s adecuados para el nivel acad\u00e9mico que se requiere en la universidad. Al principio, <strong>leer textos del mismo tema pero con diferentes grados de dificultad no es una p\u00e9rdida de tiempo,<\/strong> sino una estrategia para lograr comprender.\u00a0<\/p><p>Aprender temas nuevos requiere tiempo, paciencia y <strong>establecer redes que te permitan ampliar tus conocimientos iniciales<\/strong>. Por eso, a la hora de leer es importante que tengas presente los otros textos que has le\u00eddo sobre el tema, para ir generando un esquema mental que integre lo nuevo con lo que ya conoc\u00e9s. Vas a ver que haciendo esto, ese texto que pensaste que jam\u00e1s podr\u00edas leer va a ir haci\u00e9ndose m\u00e1s sencillo, en la medida que su tem\u00e1tica no te resultar\u00e1 m\u00e1s desconocida.<\/p><\/div>\n\t\t\t\t<\/div>\n\t\t\t\t<\/div>\n\t\t\t\t\t\t<\/div>\n\t\t\t\t\t<\/div>\n\t\t<\/div>\n\t\t\t\t<div class=\"elementor-column elementor-col-33 elementor-top-column elementor-element elementor-element-98388c8\" data-id=\"98388c8\" data-element_type=\"column\">\n\t\t\t<div class=\"elementor-column-wrap\">\n\t\t\t\t\t\t\t<div class=\"elementor-widget-wrap\">\n\t\t\t\t\t\t\t\t<\/div>\n\t\t\t\t\t<\/div>\n\t\t<\/div>\n\t\t\t\t\t\t\t\t<\/div>\n\t\t\t\t\t<\/div>\n\t\t<\/section>\n\t\t\t\t\t\t<\/div>\n\t\t\t\t\t\t<\/div>\n\t\t\t\t\t<\/div>\n\t\t","protected":false},"excerpt":{"rendered":"<p>Anterior Siguiente \u00bfEn qu\u00e9 consiste la pr\u00e1ctica?Ampliar la comprensi\u00f3n mediante la b\u00fasqueda de\u00a0informaci\u00f3n faltante para comprensi\u00f3n local o global \u00bfCu\u00e1ndo?Antes, durante y despu\u00e9s de la lectura Tipo de estrategiaMonitoreo de la comprensi\u00f3n \u00bfTe pas\u00f3 alguna vez que a pesar de leer un texto varias veces no lo entend\u00edas? Al principio, &hellip;<\/p>\n","protected":false},"author":5,"featured_media":0,"parent":0,"menu_order":0,"comment_status":"closed","ping_status":"closed","template":"","meta":[],"_links":{"self":[{"href":"https:\/\/www.cse.udelar.edu.uy\/progresa\/wp-json\/wp\/v2\/pages\/1989"}],"collection":[{"href":"https:\/\/www.cse.udelar.edu.uy\/progresa\/wp-json\/wp\/v2\/pages"}],"about":[{"href":"https:\/\/www.cse.udelar.edu.uy\/progresa\/wp-json\/wp\/v2\/types\/page"}],"author":[{"embeddable":true,"href":"https:\/\/www.cse.udelar.edu.uy\/progresa\/wp-json\/wp\/v2\/users\/5"}],"replies":[{"embeddable":true,"href":"https:\/\/www.cse.udelar.edu.uy\/progresa\/wp-json\/wp\/v2\/comments?post=1989"}],"version-history":[{"count":11,"href":"https:\/\/www.cse.udelar.edu.uy\/progresa\/wp-json\/wp\/v2\/pages\/1989\/revisions"}],"predecessor-version":[{"id":2238,"href":"https:\/\/www.cse.udelar.edu.uy\/progresa\/wp-json\/wp\/v2\/pages\/1989\/revisions\/2238"}],"wp:attachment":[{"href":"https:\/\/www.cse.udelar.edu.uy\/progresa\/wp-json\/wp\/v2\/media?parent=1989"}],"curies":[{"name":"wp","href":"https:\/\/api.w.org\/{rel}","templated":true}]}}