{"id":1994,"date":"2021-03-23T12:16:29","date_gmt":"2021-03-23T15:16:29","guid":{"rendered":"https:\/\/www.cse.udelar.edu.uy\/progresa\/?page_id=1994"},"modified":"2024-03-15T17:11:01","modified_gmt":"2024-03-15T20:11:01","slug":"pizarra","status":"publish","type":"page","link":"https:\/\/www.cse.udelar.edu.uy\/progresa\/pizarra\/","title":{"rendered":"Pizarra m\u00e1gica"},"content":{"rendered":"\t\t<div data-elementor-type=\"wp-page\" data-elementor-id=\"1994\" class=\"elementor elementor-1994\" data-elementor-settings=\"[]\">\n\t\t\t\t\t\t<div class=\"elementor-inner\">\n\t\t\t\t\t\t\t<div class=\"elementor-section-wrap\">\n\t\t\t\t\t\t\t<section class=\"elementor-section elementor-top-section elementor-element elementor-element-dcbd9e7 elementor-section-boxed elementor-section-height-default elementor-section-height-default\" data-id=\"dcbd9e7\" data-element_type=\"section\">\n\t\t\t\t\t\t<div class=\"elementor-container elementor-column-gap-default\">\n\t\t\t\t\t\t\t<div class=\"elementor-row\">\n\t\t\t\t\t<div class=\"elementor-column elementor-col-33 elementor-top-column elementor-element elementor-element-80cc2ab\" data-id=\"80cc2ab\" data-element_type=\"column\">\n\t\t\t<div class=\"elementor-column-wrap elementor-element-populated\">\n\t\t\t\t\t\t\t<div class=\"elementor-widget-wrap\">\n\t\t\t\t\t\t<div class=\"elementor-element elementor-element-947d301 elementor-pagination-position-inside elementor-arrows-position-inside elementor-widget elementor-widget-image-carousel\" data-id=\"947d301\" data-element_type=\"widget\" data-settings=\"{&quot;slides_to_show&quot;:&quot;1&quot;,&quot;navigation&quot;:&quot;both&quot;,&quot;autoplay&quot;:&quot;yes&quot;,&quot;pause_on_hover&quot;:&quot;yes&quot;,&quot;pause_on_interaction&quot;:&quot;yes&quot;,&quot;autoplay_speed&quot;:5000,&quot;infinite&quot;:&quot;yes&quot;,&quot;effect&quot;:&quot;slide&quot;,&quot;speed&quot;:500}\" data-widget_type=\"image-carousel.default\">\n\t\t\t\t<div class=\"elementor-widget-container\">\n\t\t\t\t\t<div class=\"elementor-image-carousel-wrapper swiper-container\" dir=\"ltr\">\n\t\t\t<div class=\"elementor-image-carousel swiper-wrapper\">\n\t\t\t\t<div class=\"swiper-slide\"><figure class=\"swiper-slide-inner\"><img class=\"swiper-slide-image\" src=\"https:\/\/www.cse.udelar.edu.uy\/progresa\/wp-content\/uploads\/sites\/11\/2021\/03\/ObjetosPlacas_Mesa-de-trabajo-1-300x300.png\" alt=\"ObjetosPlacas_Mesa de trabajo 1\" \/><\/figure><\/div><div class=\"swiper-slide\"><figure class=\"swiper-slide-inner\"><img class=\"swiper-slide-image\" src=\"https:\/\/www.cse.udelar.edu.uy\/progresa\/wp-content\/uploads\/sites\/11\/2021\/03\/ObjetosPlacas_Mesa-de-trabajo-1-copia-9-300x300.png\" alt=\"ObjetosPlacas_Mesa de trabajo 1 copia 9\" \/><\/figure><\/div>\t\t\t<\/div>\n\t\t\t\t\t\t\t\t\t\t\t\t<div class=\"swiper-pagination\"><\/div>\n\t\t\t\t\t\t\t\t\t\t\t\t\t<div class=\"elementor-swiper-button elementor-swiper-button-prev\">\n\t\t\t\t\t\t<i class=\"eicon-chevron-left\" aria-hidden=\"true\"><\/i>\n\t\t\t\t\t\t<span class=\"elementor-screen-only\">Anterior<\/span>\n\t\t\t\t\t<\/div>\n\t\t\t\t\t<div class=\"elementor-swiper-button elementor-swiper-button-next\">\n\t\t\t\t\t\t<i class=\"eicon-chevron-right\" aria-hidden=\"true\"><\/i>\n\t\t\t\t\t\t<span class=\"elementor-screen-only\">Siguiente<\/span>\n\t\t\t\t\t<\/div>\n\t\t\t\t\t\t\t\t\t<\/div>\n\t\t\t\t<\/div>\n\t\t\t\t<\/div>\n\t\t\t\t\t\t<\/div>\n\t\t\t\t\t<\/div>\n\t\t<\/div>\n\t\t\t\t<div class=\"elementor-column elementor-col-66 elementor-top-column elementor-element elementor-element-05cb5eb\" data-id=\"05cb5eb\" data-element_type=\"column\">\n\t\t\t<div class=\"elementor-column-wrap elementor-element-populated\">\n\t\t\t\t\t\t\t<div class=\"elementor-widget-wrap\">\n\t\t\t\t\t\t<div class=\"elementor-element elementor-element-5a6b43c elementor-view-default elementor-widget elementor-widget-icon\" data-id=\"5a6b43c\" data-element_type=\"widget\" data-widget_type=\"icon.default\">\n\t\t\t\t<div class=\"elementor-widget-container\">\n\t\t\t\t\t<div class=\"elementor-icon-wrapper\">\n\t\t\t<div class=\"elementor-icon\">\n\t\t\t<i aria-hidden=\"true\" class=\"fas fa-network-wired\"><\/i>\t\t\t<\/div>\n\t\t<\/div>\n\t\t\t\t<\/div>\n\t\t\t\t<\/div>\n\t\t\t\t<div class=\"elementor-element elementor-element-c5b41cf elementor-widget elementor-widget-text-editor\" data-id=\"c5b41cf\" data-element_type=\"widget\" data-widget_type=\"text-editor.default\">\n\t\t\t\t<div class=\"elementor-widget-container\">\n\t\t\t\t\t<div class=\"elementor-text-editor elementor-clearfix\"><p style=\"font-style: normal;font-weight: 400;font-size: 15.2px;font-family: Roboto;text-indent: 0px;color: #54595f\"><strong>\u00bfEn <\/strong><strong>qu\u00e9 consiste la pr\u00e1ctica?<\/strong><br \/>Materializar lo que comprendo en organizadores gr\u00e1ficos<\/p><p style=\"font-style: normal;font-weight: 400;font-size: 15.2px;font-family: Roboto;text-indent: 0px;color: #54595f\"><strong>\u00bfCu\u00e1ndo?<\/strong><br \/>Despu\u00e9s de la lectura<\/p><p style=\"font-style: normal;font-weight: 400;font-size: 15.2px;font-family: Roboto;text-indent: 0px;color: #54595f\"><strong>Tipo de estrategia<\/strong><br \/>S\u00edntesis<\/p><\/div>\n\t\t\t\t<\/div>\n\t\t\t\t<\/div>\n\t\t\t\t\t\t<\/div>\n\t\t\t\t\t<\/div>\n\t\t<\/div>\n\t\t\t\t\t\t\t\t<\/div>\n\t\t\t\t\t<\/div>\n\t\t<\/section>\n\t\t\t\t<section class=\"elementor-section elementor-top-section elementor-element elementor-element-6583905 elementor-section-boxed elementor-section-height-default elementor-section-height-default\" data-id=\"6583905\" data-element_type=\"section\">\n\t\t\t\t\t\t<div class=\"elementor-container elementor-column-gap-default\">\n\t\t\t\t\t\t\t<div class=\"elementor-row\">\n\t\t\t\t\t<div class=\"elementor-column elementor-col-66 elementor-top-column elementor-element elementor-element-9a48e15\" data-id=\"9a48e15\" data-element_type=\"column\">\n\t\t\t<div class=\"elementor-column-wrap elementor-element-populated\">\n\t\t\t\t\t\t\t<div class=\"elementor-widget-wrap\">\n\t\t\t\t\t\t<div class=\"elementor-element elementor-element-64d68d7 elementor-widget elementor-widget-text-editor\" data-id=\"64d68d7\" data-element_type=\"widget\" data-widget_type=\"text-editor.default\">\n\t\t\t\t<div class=\"elementor-widget-container\">\n\t\t\t\t\t<div class=\"elementor-text-editor elementor-clearfix\"><p>Seguramente sab\u00e9s que cuando est\u00e1s estudiando, adem\u00e1s de una primera <a href=\"https:\/\/www.cse.udelar.edu.uy\/progresa\/nokia\/\"><strong>lectura r\u00e1pida<\/strong><\/a>, son necesarias varias lecturas para lograr una comprensi\u00f3n profunda del texto. Una pr\u00e1ctica necesaria para lograr lecturas profundas es tomar apuntes de lo que vas leyendo. Esas notas <strong>son muy \u00fatiles para estudiar cuando las transform\u00e1s en<a href=\"https:\/\/www.cse.udelar.edu.uy\/progresa\/xo\/\"> textos<\/a> o en im\u00e1genes que sinteticen lo le\u00eddo<\/strong>. Crear apuntes gr\u00e1ficos de los textos te va ayudar a apropiarte del contenido y a visualizar r\u00e1pidamente lo m\u00e1s importante.<\/p><p>Las im\u00e1genes creadas a partir de apuntes se llaman organizadores gr\u00e1ficos. Algunos ejemplos de ellos son <strong><a href=\"https:\/\/www.cse.udelar.edu.uy\/progresa\/wp-content\/uploads\/sites\/11\/2021\/03\/Organizadores-graficos.pdf\">los esquemas, los dibujos, los mapas conceptuales y las l\u00edneas de tiempo<\/a><\/strong>. Los organizadores gr\u00e1ficos deben adaptarse al contenido del texto que se est\u00e1 estudiando. <strong>Algunos son m\u00e1s adecuados que otros dependiendo de la tem\u00e1tica del texto.<\/strong> Por ejemplo, cuando la tem\u00e1tica se refiere a una explicaci\u00f3n temporal, ya sea de procesos hist\u00f3ricos o de c\u00f3mo evolucionan ciertos conceptos o teor\u00edas, el organizador m\u00e1s adecuado es la l\u00ednea de tiempo. Sin embargo, para estudiar f\u00edsica, qu\u00edmica o biolog\u00eda los esquemas o los mapas conceptuales tienden a ser los m\u00e1s adecuados. En las \u00e1reas human\u00edsticas y sociales los organizadores preferidos tambi\u00e9n son los esquemas y los mapas conceptuales, aunque con diferente contenido.<\/p><p>Es aconsejable <strong>crear el organizador gr\u00e1fico solamente despu\u00e9s<\/strong> de haber comprendido el texto, de haberlo situado en el contexto de los contenidos que se aprenden en el curso y de haber entendido de qu\u00e9 manera el texto cumple con tu objetivo de lectura. Disponer de elementos visuales que sinteticen el contenido de los textos de estudio es especialmente \u00fatil para las personas que tienen <strong>memoria visual<\/strong>, ya que les permite memorizar las relaciones entre los conceptos de una manera diferente a la que se presentan habitualmente en un texto.<\/p><\/div>\n\t\t\t\t<\/div>\n\t\t\t\t<\/div>\n\t\t\t\t\t\t<\/div>\n\t\t\t\t\t<\/div>\n\t\t<\/div>\n\t\t\t\t<div class=\"elementor-column elementor-col-33 elementor-top-column elementor-element elementor-element-6769827\" data-id=\"6769827\" data-element_type=\"column\">\n\t\t\t<div class=\"elementor-column-wrap\">\n\t\t\t\t\t\t\t<div class=\"elementor-widget-wrap\">\n\t\t\t\t\t\t\t\t<\/div>\n\t\t\t\t\t<\/div>\n\t\t<\/div>\n\t\t\t\t\t\t\t\t<\/div>\n\t\t\t\t\t<\/div>\n\t\t<\/section>\n\t\t\t\t\t\t<\/div>\n\t\t\t\t\t\t<\/div>\n\t\t\t\t\t<\/div>\n\t\t","protected":false},"excerpt":{"rendered":"<p>Anterior Siguiente \u00bfEn qu\u00e9 consiste la pr\u00e1ctica?Materializar lo que comprendo en organizadores gr\u00e1ficos \u00bfCu\u00e1ndo?Despu\u00e9s de la lectura Tipo de estrategiaS\u00edntesis Seguramente sab\u00e9s que cuando est\u00e1s estudiando, adem\u00e1s de una primera lectura r\u00e1pida, son necesarias varias lecturas para lograr una comprensi\u00f3n profunda del texto. Una pr\u00e1ctica necesaria para lograr lecturas profundas &hellip;<\/p>\n","protected":false},"author":5,"featured_media":0,"parent":0,"menu_order":0,"comment_status":"closed","ping_status":"closed","template":"","meta":[],"_links":{"self":[{"href":"https:\/\/www.cse.udelar.edu.uy\/progresa\/wp-json\/wp\/v2\/pages\/1994"}],"collection":[{"href":"https:\/\/www.cse.udelar.edu.uy\/progresa\/wp-json\/wp\/v2\/pages"}],"about":[{"href":"https:\/\/www.cse.udelar.edu.uy\/progresa\/wp-json\/wp\/v2\/types\/page"}],"author":[{"embeddable":true,"href":"https:\/\/www.cse.udelar.edu.uy\/progresa\/wp-json\/wp\/v2\/users\/5"}],"replies":[{"embeddable":true,"href":"https:\/\/www.cse.udelar.edu.uy\/progresa\/wp-json\/wp\/v2\/comments?post=1994"}],"version-history":[{"count":26,"href":"https:\/\/www.cse.udelar.edu.uy\/progresa\/wp-json\/wp\/v2\/pages\/1994\/revisions"}],"predecessor-version":[{"id":2235,"href":"https:\/\/www.cse.udelar.edu.uy\/progresa\/wp-json\/wp\/v2\/pages\/1994\/revisions\/2235"}],"wp:attachment":[{"href":"https:\/\/www.cse.udelar.edu.uy\/progresa\/wp-json\/wp\/v2\/media?parent=1994"}],"curies":[{"name":"wp","href":"https:\/\/api.w.org\/{rel}","templated":true}]}}