{"id":1999,"date":"2021-03-23T12:21:17","date_gmt":"2021-03-23T15:21:17","guid":{"rendered":"https:\/\/www.cse.udelar.edu.uy\/progresa\/?page_id=1999"},"modified":"2024-03-15T17:11:01","modified_gmt":"2024-03-15T20:11:01","slug":"tamagotchi","status":"publish","type":"page","link":"https:\/\/www.cse.udelar.edu.uy\/progresa\/tamagotchi\/","title":{"rendered":"Tamagotchi"},"content":{"rendered":"\t\t<div data-elementor-type=\"wp-page\" data-elementor-id=\"1999\" class=\"elementor elementor-1999\" data-elementor-settings=\"[]\">\n\t\t\t\t\t\t<div class=\"elementor-inner\">\n\t\t\t\t\t\t\t<div class=\"elementor-section-wrap\">\n\t\t\t\t\t\t\t<section class=\"elementor-section elementor-top-section elementor-element elementor-element-0cdb234 elementor-section-boxed elementor-section-height-default elementor-section-height-default\" data-id=\"0cdb234\" data-element_type=\"section\">\n\t\t\t\t\t\t<div class=\"elementor-container elementor-column-gap-default\">\n\t\t\t\t\t\t\t<div class=\"elementor-row\">\n\t\t\t\t\t<div class=\"elementor-column elementor-col-33 elementor-top-column elementor-element elementor-element-47946a6\" data-id=\"47946a6\" data-element_type=\"column\">\n\t\t\t<div class=\"elementor-column-wrap elementor-element-populated\">\n\t\t\t\t\t\t\t<div class=\"elementor-widget-wrap\">\n\t\t\t\t\t\t<div class=\"elementor-element elementor-element-7e7e4ca elementor-pagination-position-inside elementor-arrows-position-inside elementor-widget elementor-widget-image-carousel\" data-id=\"7e7e4ca\" data-element_type=\"widget\" data-settings=\"{&quot;slides_to_show&quot;:&quot;1&quot;,&quot;navigation&quot;:&quot;both&quot;,&quot;autoplay&quot;:&quot;yes&quot;,&quot;pause_on_hover&quot;:&quot;yes&quot;,&quot;pause_on_interaction&quot;:&quot;yes&quot;,&quot;autoplay_speed&quot;:5000,&quot;infinite&quot;:&quot;yes&quot;,&quot;effect&quot;:&quot;slide&quot;,&quot;speed&quot;:500}\" data-widget_type=\"image-carousel.default\">\n\t\t\t\t<div class=\"elementor-widget-container\">\n\t\t\t\t\t<div class=\"elementor-image-carousel-wrapper swiper-container\" dir=\"ltr\">\n\t\t\t<div class=\"elementor-image-carousel swiper-wrapper\">\n\t\t\t\t<div class=\"swiper-slide\"><figure class=\"swiper-slide-inner\"><img class=\"swiper-slide-image\" src=\"https:\/\/www.cse.udelar.edu.uy\/progresa\/wp-content\/uploads\/sites\/11\/2021\/03\/ObjetosPlacas_Mesa-de-trabajo-1-copia-2-300x300.png\" alt=\"ObjetosPlacas_Mesa de trabajo 1 copia 2\" \/><\/figure><\/div><div class=\"swiper-slide\"><figure class=\"swiper-slide-inner\"><img class=\"swiper-slide-image\" src=\"https:\/\/www.cse.udelar.edu.uy\/progresa\/wp-content\/uploads\/sites\/11\/2021\/03\/ObjetosPlacas_Mesa-de-trabajo-1-copia-11-300x300.png\" alt=\"ObjetosPlacas_Mesa de trabajo 1 copia 11\" \/><\/figure><\/div>\t\t\t<\/div>\n\t\t\t\t\t\t\t\t\t\t\t\t<div class=\"swiper-pagination\"><\/div>\n\t\t\t\t\t\t\t\t\t\t\t\t\t<div class=\"elementor-swiper-button elementor-swiper-button-prev\">\n\t\t\t\t\t\t<i class=\"eicon-chevron-left\" aria-hidden=\"true\"><\/i>\n\t\t\t\t\t\t<span class=\"elementor-screen-only\">Anterior<\/span>\n\t\t\t\t\t<\/div>\n\t\t\t\t\t<div class=\"elementor-swiper-button elementor-swiper-button-next\">\n\t\t\t\t\t\t<i class=\"eicon-chevron-right\" aria-hidden=\"true\"><\/i>\n\t\t\t\t\t\t<span class=\"elementor-screen-only\">Siguiente<\/span>\n\t\t\t\t\t<\/div>\n\t\t\t\t\t\t\t\t\t<\/div>\n\t\t\t\t<\/div>\n\t\t\t\t<\/div>\n\t\t\t\t\t\t<\/div>\n\t\t\t\t\t<\/div>\n\t\t<\/div>\n\t\t\t\t<div class=\"elementor-column elementor-col-66 elementor-top-column elementor-element elementor-element-7e8343c\" data-id=\"7e8343c\" data-element_type=\"column\">\n\t\t\t<div class=\"elementor-column-wrap elementor-element-populated\">\n\t\t\t\t\t\t\t<div class=\"elementor-widget-wrap\">\n\t\t\t\t\t\t<div class=\"elementor-element elementor-element-00a9dba elementor-view-default elementor-widget elementor-widget-icon\" data-id=\"00a9dba\" data-element_type=\"widget\" data-widget_type=\"icon.default\">\n\t\t\t\t<div class=\"elementor-widget-container\">\n\t\t\t\t\t<div class=\"elementor-icon-wrapper\">\n\t\t\t<div class=\"elementor-icon\">\n\t\t\t<i aria-hidden=\"true\" class=\"fas fa-balance-scale\"><\/i>\t\t\t<\/div>\n\t\t<\/div>\n\t\t\t\t<\/div>\n\t\t\t\t<\/div>\n\t\t\t\t<div class=\"elementor-element elementor-element-6960eca elementor-widget elementor-widget-text-editor\" data-id=\"6960eca\" data-element_type=\"widget\" data-widget_type=\"text-editor.default\">\n\t\t\t\t<div class=\"elementor-widget-container\">\n\t\t\t\t\t<div class=\"elementor-text-editor elementor-clearfix\"><p style=\"font-style: normal;font-weight: 400;font-size: 15.2px;font-family: Roboto;text-indent: 0px;color: #54595f\"><strong>\u00bfEn qu\u00e9 consiste la pr\u00e1ctica?<\/strong><br \/>Organizaci\u00f3n previa del material para iniciar el estudio<\/p><p style=\"font-style: normal;font-weight: 400;font-size: 15.2px;font-family: Roboto;text-indent: 0px;color: #54595f\"><strong>\u00bfCu\u00e1ndo?<\/strong><br \/>Antes de la lectura<\/p><p style=\"font-style: normal;font-weight: 400;font-size: 15.2px;font-family: Roboto;text-indent: 0px;color: #54595f\"><strong>Tipo de estrategia<\/strong><br \/>Planificaci\u00f3n de la lectura<\/p><\/div>\n\t\t\t\t<\/div>\n\t\t\t\t<\/div>\n\t\t\t\t\t\t<\/div>\n\t\t\t\t\t<\/div>\n\t\t<\/div>\n\t\t\t\t\t\t\t\t<\/div>\n\t\t\t\t\t<\/div>\n\t\t<\/section>\n\t\t\t\t<section class=\"elementor-section elementor-top-section elementor-element elementor-element-e98d92a elementor-section-boxed elementor-section-height-default elementor-section-height-default\" data-id=\"e98d92a\" data-element_type=\"section\">\n\t\t\t\t\t\t<div class=\"elementor-container elementor-column-gap-default\">\n\t\t\t\t\t\t\t<div class=\"elementor-row\">\n\t\t\t\t\t<div class=\"elementor-column elementor-col-66 elementor-top-column elementor-element elementor-element-4eed233\" data-id=\"4eed233\" data-element_type=\"column\">\n\t\t\t<div class=\"elementor-column-wrap elementor-element-populated\">\n\t\t\t\t\t\t\t<div class=\"elementor-widget-wrap\">\n\t\t\t\t\t\t<div class=\"elementor-element elementor-element-4013141 elementor-widget elementor-widget-text-editor\" data-id=\"4013141\" data-element_type=\"widget\" data-widget_type=\"text-editor.default\">\n\t\t\t\t<div class=\"elementor-widget-container\">\n\t\t\t\t\t<div class=\"elementor-text-editor elementor-clearfix\"><p>Sentirte sumergido en una ola de materiales de lectura es algo que te va a pasar en en la universidad en algunos momentos del a\u00f1o. Esto sucede <strong>por la gran cantidad de textos que hay que leer en una carrera universitaria<\/strong>. Si bien al principio te puede parecer que las materias no son muchas m\u00e1s que las que ten\u00edas en el bachillerato, lo que s\u00ed cambia radicalmente es la cantidad y la dificultad de los textos. Eso hace que el tiempo que ahora tengas que dedicarle al estudio sea necesariamente mayor. Por eso, es muy importante que no pierdas el control de tus materiales y que trates de<strong> no dejar el estudio para \u00faltimo momento<\/strong>. En la universidad es necesario adquirir el h\u00e1bito de organizar las lecturas para planificar el estudio con anticipaci\u00f3n y evitar la frustraci\u00f3n cuando todas las evaluaciones se te vengan encima.<\/p><p>Estudiar es una de esas actividades que requieren disciplina y constancia. <strong>Para lograr enfocarte en el estudio es importante crear un plan de trabajo y seguirlo.<\/strong> Para poder realizar todas las lecturas que se te exigen, tanto las de clase como las de las evaluaciones, <strong><a href=\"https:\/\/www.cse.udelar.edu.uy\/progresa\/reloj-pulsera\/\">es fundamental<\/a> <a href=\"https:\/\/www.cse.udelar.edu.uy\/progresa\/reloj-pulsera\/\">la gesti\u00f3n del tiempo<\/a>.<\/strong> Esto significa que hay que evaluar correctamente cu\u00e1nto lleva hacer una lectura en profundidad para saber cu\u00e1nto deb\u00e9s dedicarle todos los d\u00edas. Tambi\u00e9n hay que ser consciente de cu\u00e1ndo es necesario intensificar el tiempo dedicado, sin perder de vista la importancia de estar concentrado mientras le\u00e9s. Leer en <strong>la universidad exige que el estudiante se fije metas y objetivos<\/strong> teniendo en cuenta todo el material a estudiar.\u00a0\u00a0<\/p><p>La organizaci\u00f3n del plan de trabajo requiere <strong>conocer la bibliograf\u00eda obligatoria del curso<\/strong>, as\u00ed como saber d\u00f3nde se pueden encontrar todos los textos. Busca esta informaci\u00f3n en el Programa del curso, en el caso de que no la encuentres comunicate con tus compa\u00f1eros o hac\u00e9 la pregunta en el foro de EVA o escrib\u00ed a los docentes. <strong>La bibliograf\u00eda suele estar dividida en \u201cbibliograf\u00eda obligatoria\u201d y \u201cbibliograf\u00eda complementaria\u201d<\/strong>, siempre es una buena idea empezar por tener claro todo lo que es obligatorio y dedicarse luego a la otra parte. Sin embargo, muchas veces en la bibliograf\u00eda complementaria encontramos textos que<strong><a href=\"https:\/\/www.cse.udelar.edu.uy\/progresa\/pen-drive\/\"> ayudan a entender los textos obligatorios<\/a><\/strong>. Hay que tener en cuenta tambi\u00e9n que las bibliograf\u00edas tienen un orden, generalmente, se organizan en funci\u00f3n de unidades tem\u00e1ticas. <strong>Conocer las relaciones entre las unidades ayuda a estudiar poniendo los textos le\u00eddos en di\u00e1logo<\/strong>. Por eso es importante asistir a la clase habiendo hecho al menos una primera lectura de los materiales que te indican los docentes. Esto te va a permitir comprender mejor y hacer preguntas sobre las dudas que te hayan quedado.\u00a0<\/p><p>Es tu derecho y tu obligaci\u00f3n como estudiante conocer cu\u00e1les son los materiales y las relaciones entre los temas para poder estudiar con responsabilidad. Una vez que conozcas y tengas los textos, ordenalos en carpetas f\u00edsicas o en la compu y <strong>arm\u00e1 un plan de trabajo cotidiano, para estar al d\u00eda con las lecturas que requieren los cursos<\/strong>. Una buena estrategia es dedicar un d\u00eda de la semana a cada materia, o leer el mismo d\u00eda antes de la clase.<\/p><\/div>\n\t\t\t\t<\/div>\n\t\t\t\t<\/div>\n\t\t\t\t\t\t<\/div>\n\t\t\t\t\t<\/div>\n\t\t<\/div>\n\t\t\t\t<div class=\"elementor-column elementor-col-33 elementor-top-column elementor-element elementor-element-2ee9f6d\" data-id=\"2ee9f6d\" data-element_type=\"column\">\n\t\t\t<div class=\"elementor-column-wrap\">\n\t\t\t\t\t\t\t<div class=\"elementor-widget-wrap\">\n\t\t\t\t\t\t\t\t<\/div>\n\t\t\t\t\t<\/div>\n\t\t<\/div>\n\t\t\t\t\t\t\t\t<\/div>\n\t\t\t\t\t<\/div>\n\t\t<\/section>\n\t\t\t\t\t\t<\/div>\n\t\t\t\t\t\t<\/div>\n\t\t\t\t\t<\/div>\n\t\t","protected":false},"excerpt":{"rendered":"<p>Anterior Siguiente \u00bfEn qu\u00e9 consiste la pr\u00e1ctica?Organizaci\u00f3n previa del material para iniciar el estudio \u00bfCu\u00e1ndo?Antes de la lectura Tipo de estrategiaPlanificaci\u00f3n de la lectura Sentirte sumergido en una ola de materiales de lectura es algo que te va a pasar en en la universidad en algunos momentos del a\u00f1o. Esto &hellip;<\/p>\n","protected":false},"author":5,"featured_media":0,"parent":0,"menu_order":0,"comment_status":"closed","ping_status":"closed","template":"","meta":[],"_links":{"self":[{"href":"https:\/\/www.cse.udelar.edu.uy\/progresa\/wp-json\/wp\/v2\/pages\/1999"}],"collection":[{"href":"https:\/\/www.cse.udelar.edu.uy\/progresa\/wp-json\/wp\/v2\/pages"}],"about":[{"href":"https:\/\/www.cse.udelar.edu.uy\/progresa\/wp-json\/wp\/v2\/types\/page"}],"author":[{"embeddable":true,"href":"https:\/\/www.cse.udelar.edu.uy\/progresa\/wp-json\/wp\/v2\/users\/5"}],"replies":[{"embeddable":true,"href":"https:\/\/www.cse.udelar.edu.uy\/progresa\/wp-json\/wp\/v2\/comments?post=1999"}],"version-history":[{"count":13,"href":"https:\/\/www.cse.udelar.edu.uy\/progresa\/wp-json\/wp\/v2\/pages\/1999\/revisions"}],"predecessor-version":[{"id":2237,"href":"https:\/\/www.cse.udelar.edu.uy\/progresa\/wp-json\/wp\/v2\/pages\/1999\/revisions\/2237"}],"wp:attachment":[{"href":"https:\/\/www.cse.udelar.edu.uy\/progresa\/wp-json\/wp\/v2\/media?parent=1999"}],"curies":[{"name":"wp","href":"https:\/\/api.w.org\/{rel}","templated":true}]}}