{"id":2006,"date":"2021-03-23T12:26:59","date_gmt":"2021-03-23T15:26:59","guid":{"rendered":"https:\/\/www.cse.udelar.edu.uy\/progresa\/?page_id=2006"},"modified":"2024-03-15T17:11:01","modified_gmt":"2024-03-15T20:11:01","slug":"reloj-pulsera","status":"publish","type":"page","link":"https:\/\/www.cse.udelar.edu.uy\/progresa\/reloj-pulsera\/","title":{"rendered":"Reloj pulsera"},"content":{"rendered":"\t\t<div data-elementor-type=\"wp-page\" data-elementor-id=\"2006\" class=\"elementor elementor-2006\" data-elementor-settings=\"[]\">\n\t\t\t\t\t\t<div class=\"elementor-inner\">\n\t\t\t\t\t\t\t<div class=\"elementor-section-wrap\">\n\t\t\t\t\t\t\t<section class=\"elementor-section elementor-top-section elementor-element elementor-element-8f58be7 elementor-section-boxed elementor-section-height-default elementor-section-height-default\" data-id=\"8f58be7\" data-element_type=\"section\">\n\t\t\t\t\t\t<div class=\"elementor-container elementor-column-gap-default\">\n\t\t\t\t\t\t\t<div class=\"elementor-row\">\n\t\t\t\t\t<div class=\"elementor-column elementor-col-33 elementor-top-column elementor-element elementor-element-48ea728\" data-id=\"48ea728\" data-element_type=\"column\">\n\t\t\t<div class=\"elementor-column-wrap elementor-element-populated\">\n\t\t\t\t\t\t\t<div class=\"elementor-widget-wrap\">\n\t\t\t\t\t\t<div class=\"elementor-element elementor-element-931c108 elementor-pagination-position-inside elementor-arrows-position-inside elementor-widget elementor-widget-image-carousel\" data-id=\"931c108\" data-element_type=\"widget\" data-settings=\"{&quot;slides_to_show&quot;:&quot;1&quot;,&quot;navigation&quot;:&quot;both&quot;,&quot;autoplay&quot;:&quot;yes&quot;,&quot;pause_on_hover&quot;:&quot;yes&quot;,&quot;pause_on_interaction&quot;:&quot;yes&quot;,&quot;autoplay_speed&quot;:5000,&quot;infinite&quot;:&quot;yes&quot;,&quot;effect&quot;:&quot;slide&quot;,&quot;speed&quot;:500}\" data-widget_type=\"image-carousel.default\">\n\t\t\t\t<div class=\"elementor-widget-container\">\n\t\t\t\t\t<div class=\"elementor-image-carousel-wrapper swiper-container\" dir=\"ltr\">\n\t\t\t<div class=\"elementor-image-carousel swiper-wrapper\">\n\t\t\t\t<div class=\"swiper-slide\"><figure class=\"swiper-slide-inner\"><img class=\"swiper-slide-image\" src=\"https:\/\/www.cse.udelar.edu.uy\/progresa\/wp-content\/uploads\/sites\/11\/2021\/03\/ObjetosPlacas_Mesa-de-trabajo-1-copia-4-300x300.png\" alt=\"ObjetosPlacas_Mesa de trabajo 1 copia 4\" \/><\/figure><\/div><div class=\"swiper-slide\"><figure class=\"swiper-slide-inner\"><img class=\"swiper-slide-image\" src=\"https:\/\/www.cse.udelar.edu.uy\/progresa\/wp-content\/uploads\/sites\/11\/2021\/03\/ObjetosPlacas_Mesa-de-trabajo-1-copia-13-300x300.png\" alt=\"ObjetosPlacas_Mesa de trabajo 1 copia 13\" \/><\/figure><\/div>\t\t\t<\/div>\n\t\t\t\t\t\t\t\t\t\t\t\t<div class=\"swiper-pagination\"><\/div>\n\t\t\t\t\t\t\t\t\t\t\t\t\t<div class=\"elementor-swiper-button elementor-swiper-button-prev\">\n\t\t\t\t\t\t<i class=\"eicon-chevron-left\" aria-hidden=\"true\"><\/i>\n\t\t\t\t\t\t<span class=\"elementor-screen-only\">Anterior<\/span>\n\t\t\t\t\t<\/div>\n\t\t\t\t\t<div class=\"elementor-swiper-button elementor-swiper-button-next\">\n\t\t\t\t\t\t<i class=\"eicon-chevron-right\" aria-hidden=\"true\"><\/i>\n\t\t\t\t\t\t<span class=\"elementor-screen-only\">Siguiente<\/span>\n\t\t\t\t\t<\/div>\n\t\t\t\t\t\t\t\t\t<\/div>\n\t\t\t\t<\/div>\n\t\t\t\t<\/div>\n\t\t\t\t\t\t<\/div>\n\t\t\t\t\t<\/div>\n\t\t<\/div>\n\t\t\t\t<div class=\"elementor-column elementor-col-66 elementor-top-column elementor-element elementor-element-82b807d\" data-id=\"82b807d\" data-element_type=\"column\">\n\t\t\t<div class=\"elementor-column-wrap elementor-element-populated\">\n\t\t\t\t\t\t\t<div class=\"elementor-widget-wrap\">\n\t\t\t\t\t\t<div class=\"elementor-element elementor-element-82f3b71 elementor-view-default elementor-widget elementor-widget-icon\" data-id=\"82f3b71\" data-element_type=\"widget\" data-widget_type=\"icon.default\">\n\t\t\t\t<div class=\"elementor-widget-container\">\n\t\t\t\t\t<div class=\"elementor-icon-wrapper\">\n\t\t\t<div class=\"elementor-icon\">\n\t\t\t<i aria-hidden=\"true\" class=\"fas fa-hourglass-half\"><\/i>\t\t\t<\/div>\n\t\t<\/div>\n\t\t\t\t<\/div>\n\t\t\t\t<\/div>\n\t\t\t\t<div class=\"elementor-element elementor-element-9ec680a elementor-widget elementor-widget-text-editor\" data-id=\"9ec680a\" data-element_type=\"widget\" data-widget_type=\"text-editor.default\">\n\t\t\t\t<div class=\"elementor-widget-container\">\n\t\t\t\t\t<div class=\"elementor-text-editor elementor-clearfix\"><p><strong>\u00bfEn qu\u00e9 consiste la pr\u00e1ctica?<\/strong><br \/>Gesti\u00f3n del tiempo de estudio y lectura<\/p><p><strong>\u00bfCu\u00e1ndo?<\/strong><br \/>Durante la lectura<\/p><p><strong>Tipo de estrategia<\/strong><br \/>Planificaci\u00f3n de la lectura<\/p><\/div>\n\t\t\t\t<\/div>\n\t\t\t\t<\/div>\n\t\t\t\t\t\t<\/div>\n\t\t\t\t\t<\/div>\n\t\t<\/div>\n\t\t\t\t\t\t\t\t<\/div>\n\t\t\t\t\t<\/div>\n\t\t<\/section>\n\t\t\t\t<section class=\"elementor-section elementor-top-section elementor-element elementor-element-f6f7ec9 elementor-section-boxed elementor-section-height-default elementor-section-height-default\" data-id=\"f6f7ec9\" data-element_type=\"section\">\n\t\t\t\t\t\t<div class=\"elementor-container elementor-column-gap-default\">\n\t\t\t\t\t\t\t<div class=\"elementor-row\">\n\t\t\t\t\t<div class=\"elementor-column elementor-col-66 elementor-top-column elementor-element elementor-element-815094b\" data-id=\"815094b\" data-element_type=\"column\">\n\t\t\t<div class=\"elementor-column-wrap elementor-element-populated\">\n\t\t\t\t\t\t\t<div class=\"elementor-widget-wrap\">\n\t\t\t\t\t\t<div class=\"elementor-element elementor-element-d5e9be0 elementor-widget elementor-widget-text-editor\" data-id=\"d5e9be0\" data-element_type=\"widget\" data-widget_type=\"text-editor.default\">\n\t\t\t\t<div class=\"elementor-widget-container\">\n\t\t\t\t\t<div class=\"elementor-text-editor elementor-clearfix\"><p>Al comenzar a estudiar en la universidad, <strong>puede parecerte que el tiempo que le dedic\u00e1s a leer es poco productivo<\/strong>, que por m\u00e1s que pases muchas horas, no logr\u00e1s avanzar como te gustar\u00eda. Leer y releer un texto sin llegar a entenderlo puede ser frustrante. Es importante que no te desanimes, posiblemente la manera en la que est\u00e1s leyendo no sea la adecuada para vos. <strong>La forma de estudiar var\u00eda seg\u00fan la persona y cada uno tiene que encontrar cu\u00e1l es la mejor<\/strong>. Algunos estudiantes pueden dedicar todo el d\u00eda a leer sobre una sola materia y otros prefieren leer tandas de diferentes materias a la misma vez. Algunos lectores funcionan mejor reci\u00e9n levantados, otros en la tranquilidad de la noche. Te recomendamos que pienses cu\u00e1l es la forma en la que m\u00e1s te rinde estudiar, para empezar a organizar tus lecturas. Esa autoevaluaci\u00f3n te permitir\u00e1 gestionar mejor el tiempo que le dedic\u00e1s al estudio.\u00a0<\/p><p>A veces no es f\u00e1cil contar con el tiempo o el espacio adecuado para estudiar. En la Udelar, la mayor\u00eda de los estudiantes son tambi\u00e9n trabajadores y\/o est\u00e1n a cargo de cuidados. En estos casos, hechizar el tiempo es un verdadero desaf\u00edo. Una de las mejores estrategias es <strong><a href=\"https:\/\/www.cse.udelar.edu.uy\/progresa\/tamagotchi\/\">armar un plan<\/a><\/strong> para hacer rendir los espacios de estudio. Record\u00e1 que siempre va a ser mejor que le dediques un tiempo corto y concentrado a leer, que no leer nada en absoluto.<\/p><p>Los buenos lectores <strong>conocen cu\u00e1l es la forma de leer para estudiar que les funciona mejor y saben ajustar el estilo de lectura y el tiempo que dedican seg\u00fan la dificultad que presenta cada texto<\/strong>. De esta manera, planifican correctamente y llevan a cabo jornadas de lectura con concentraci\u00f3n y sin distracciones, balanceando el tiempo de lectura con pausas planificadas de antemano. Las pausas son necesarias ya sea para tomar un descanso como para evaluar qu\u00e9 es lo que est\u00e1n comprendiendo de lo que leen y pensar formas alternativas para entender lo que no les est\u00e1 quedando claro. <strong><a href=\"https:\/\/www.cse.udelar.edu.uy\/progresa\/pen-drive\/\">Aqu\u00ed<\/a><\/strong>, <a href=\"https:\/\/www.cse.udelar.edu.uy\/progresa\/tamagotchi\/\"><strong>aqu\u00ed<\/strong><\/a> y <strong><a href=\"https:\/\/www.cse.udelar.edu.uy\/progresa\/lego\/\">aqu\u00ed<\/a><\/strong> te dejamos algunas ideas para mejorar la comprensi\u00f3n.<\/p><p>Una vez que hayas decidido c\u00f3mo vas a leer, es necesario que alejes de tu lugar de estudio todas aquellas cosas que pueden ser una distracci\u00f3n. Eso implica, por ejemplo, que <strong>si est\u00e1s leyendo en el celular o en una laptop, los pongas en \u201cmodo avi\u00f3n\u201d<\/strong> para evitar que te lleguen mensajes y notificaciones. Tambi\u00e9n pod\u00e9s empezar poni\u00e9ndote peque\u00f1os desaf\u00edos, como dejar el tel\u00e9fono en otra habitaci\u00f3n durante el tiempo que le vas a dedicar al estudio. No te olvides de que los momentos de recreo son necesarios y que cuando volv\u00e9s de una pausa, rend\u00eds mejor.\u00a0<\/p><\/div>\n\t\t\t\t<\/div>\n\t\t\t\t<\/div>\n\t\t\t\t\t\t<\/div>\n\t\t\t\t\t<\/div>\n\t\t<\/div>\n\t\t\t\t<div class=\"elementor-column elementor-col-33 elementor-top-column elementor-element elementor-element-3597387\" data-id=\"3597387\" data-element_type=\"column\">\n\t\t\t<div class=\"elementor-column-wrap\">\n\t\t\t\t\t\t\t<div class=\"elementor-widget-wrap\">\n\t\t\t\t\t\t\t\t<\/div>\n\t\t\t\t\t<\/div>\n\t\t<\/div>\n\t\t\t\t\t\t\t\t<\/div>\n\t\t\t\t\t<\/div>\n\t\t<\/section>\n\t\t\t\t\t\t<\/div>\n\t\t\t\t\t\t<\/div>\n\t\t\t\t\t<\/div>\n\t\t","protected":false},"excerpt":{"rendered":"<p>Anterior Siguiente \u00bfEn qu\u00e9 consiste la pr\u00e1ctica?Gesti\u00f3n del tiempo de estudio y lectura \u00bfCu\u00e1ndo?Durante la lectura Tipo de estrategiaPlanificaci\u00f3n de la lectura Al comenzar a estudiar en la universidad, puede parecerte que el tiempo que le dedic\u00e1s a leer es poco productivo, que por m\u00e1s que pases muchas horas, no &hellip;<\/p>\n","protected":false},"author":5,"featured_media":0,"parent":0,"menu_order":0,"comment_status":"closed","ping_status":"closed","template":"","meta":[],"_links":{"self":[{"href":"https:\/\/www.cse.udelar.edu.uy\/progresa\/wp-json\/wp\/v2\/pages\/2006"}],"collection":[{"href":"https:\/\/www.cse.udelar.edu.uy\/progresa\/wp-json\/wp\/v2\/pages"}],"about":[{"href":"https:\/\/www.cse.udelar.edu.uy\/progresa\/wp-json\/wp\/v2\/types\/page"}],"author":[{"embeddable":true,"href":"https:\/\/www.cse.udelar.edu.uy\/progresa\/wp-json\/wp\/v2\/users\/5"}],"replies":[{"embeddable":true,"href":"https:\/\/www.cse.udelar.edu.uy\/progresa\/wp-json\/wp\/v2\/comments?post=2006"}],"version-history":[{"count":10,"href":"https:\/\/www.cse.udelar.edu.uy\/progresa\/wp-json\/wp\/v2\/pages\/2006\/revisions"}],"predecessor-version":[{"id":2223,"href":"https:\/\/www.cse.udelar.edu.uy\/progresa\/wp-json\/wp\/v2\/pages\/2006\/revisions\/2223"}],"wp:attachment":[{"href":"https:\/\/www.cse.udelar.edu.uy\/progresa\/wp-json\/wp\/v2\/media?parent=2006"}],"curies":[{"name":"wp","href":"https:\/\/api.w.org\/{rel}","templated":true}]}}