{"id":2010,"date":"2021-03-23T12:29:39","date_gmt":"2021-03-23T15:29:39","guid":{"rendered":"https:\/\/www.cse.udelar.edu.uy\/progresa\/?page_id=2010"},"modified":"2024-03-15T17:11:23","modified_gmt":"2024-03-15T20:11:23","slug":"xo","status":"publish","type":"page","link":"https:\/\/www.cse.udelar.edu.uy\/progresa\/xo\/","title":{"rendered":"XO"},"content":{"rendered":"\t\t<div data-elementor-type=\"wp-page\" data-elementor-id=\"2010\" class=\"elementor elementor-2010\" data-elementor-settings=\"[]\">\n\t\t\t\t\t\t<div class=\"elementor-inner\">\n\t\t\t\t\t\t\t<div class=\"elementor-section-wrap\">\n\t\t\t\t\t\t\t<section class=\"elementor-section elementor-top-section elementor-element elementor-element-280a8d5 elementor-section-boxed elementor-section-height-default elementor-section-height-default\" data-id=\"280a8d5\" data-element_type=\"section\">\n\t\t\t\t\t\t<div class=\"elementor-container elementor-column-gap-default\">\n\t\t\t\t\t\t\t<div class=\"elementor-row\">\n\t\t\t\t\t<div class=\"elementor-column elementor-col-33 elementor-top-column elementor-element elementor-element-09a731c\" data-id=\"09a731c\" data-element_type=\"column\">\n\t\t\t<div class=\"elementor-column-wrap elementor-element-populated\">\n\t\t\t\t\t\t\t<div class=\"elementor-widget-wrap\">\n\t\t\t\t\t\t<div class=\"elementor-element elementor-element-eb824db elementor-pagination-position-inside elementor-arrows-position-inside elementor-widget elementor-widget-image-carousel\" data-id=\"eb824db\" data-element_type=\"widget\" data-settings=\"{&quot;slides_to_show&quot;:&quot;1&quot;,&quot;navigation&quot;:&quot;both&quot;,&quot;autoplay&quot;:&quot;yes&quot;,&quot;pause_on_hover&quot;:&quot;yes&quot;,&quot;pause_on_interaction&quot;:&quot;yes&quot;,&quot;autoplay_speed&quot;:5000,&quot;infinite&quot;:&quot;yes&quot;,&quot;effect&quot;:&quot;slide&quot;,&quot;speed&quot;:500}\" data-widget_type=\"image-carousel.default\">\n\t\t\t\t<div class=\"elementor-widget-container\">\n\t\t\t\t\t<div class=\"elementor-image-carousel-wrapper swiper-container\" dir=\"ltr\">\n\t\t\t<div class=\"elementor-image-carousel swiper-wrapper\">\n\t\t\t\t<div class=\"swiper-slide\"><figure class=\"swiper-slide-inner\"><img class=\"swiper-slide-image\" src=\"https:\/\/www.cse.udelar.edu.uy\/progresa\/wp-content\/uploads\/sites\/11\/2021\/03\/ObjetosPlacas_Mesa-de-trabajo-1-copia-8-300x300.png\" alt=\"ObjetosPlacas_Mesa de trabajo 1 copia 8\" \/><\/figure><\/div><div class=\"swiper-slide\"><figure class=\"swiper-slide-inner\"><img class=\"swiper-slide-image\" src=\"https:\/\/www.cse.udelar.edu.uy\/progresa\/wp-content\/uploads\/sites\/11\/2021\/03\/ObjetosPlacas_Mesa-de-trabajo-1-copia-17-300x300.png\" alt=\"ObjetosPlacas_Mesa de trabajo 1 copia 17\" \/><\/figure><\/div>\t\t\t<\/div>\n\t\t\t\t\t\t\t\t\t\t\t\t<div class=\"swiper-pagination\"><\/div>\n\t\t\t\t\t\t\t\t\t\t\t\t\t<div class=\"elementor-swiper-button elementor-swiper-button-prev\">\n\t\t\t\t\t\t<i class=\"eicon-chevron-left\" aria-hidden=\"true\"><\/i>\n\t\t\t\t\t\t<span class=\"elementor-screen-only\">Anterior<\/span>\n\t\t\t\t\t<\/div>\n\t\t\t\t\t<div class=\"elementor-swiper-button elementor-swiper-button-next\">\n\t\t\t\t\t\t<i class=\"eicon-chevron-right\" aria-hidden=\"true\"><\/i>\n\t\t\t\t\t\t<span class=\"elementor-screen-only\">Siguiente<\/span>\n\t\t\t\t\t<\/div>\n\t\t\t\t\t\t\t\t\t<\/div>\n\t\t\t\t<\/div>\n\t\t\t\t<\/div>\n\t\t\t\t\t\t<\/div>\n\t\t\t\t\t<\/div>\n\t\t<\/div>\n\t\t\t\t<div class=\"elementor-column elementor-col-66 elementor-top-column elementor-element elementor-element-c5033d0\" data-id=\"c5033d0\" data-element_type=\"column\">\n\t\t\t<div class=\"elementor-column-wrap elementor-element-populated\">\n\t\t\t\t\t\t\t<div class=\"elementor-widget-wrap\">\n\t\t\t\t\t\t<div class=\"elementor-element elementor-element-297b3ed elementor-view-default elementor-widget elementor-widget-icon\" data-id=\"297b3ed\" data-element_type=\"widget\" data-widget_type=\"icon.default\">\n\t\t\t\t<div class=\"elementor-widget-container\">\n\t\t\t\t\t<div class=\"elementor-icon-wrapper\">\n\t\t\t<div class=\"elementor-icon\">\n\t\t\t<i aria-hidden=\"true\" class=\"fas fa-laptop\"><\/i>\t\t\t<\/div>\n\t\t<\/div>\n\t\t\t\t<\/div>\n\t\t\t\t<\/div>\n\t\t\t\t<div class=\"elementor-element elementor-element-4f7eed0 elementor-widget elementor-widget-text-editor\" data-id=\"4f7eed0\" data-element_type=\"widget\" data-widget_type=\"text-editor.default\">\n\t\t\t\t<div class=\"elementor-widget-container\">\n\t\t\t\t\t<div class=\"elementor-text-editor elementor-clearfix\"><p style=\"font-style: normal;font-weight: 400;font-size: 15.2px;font-family: Roboto;text-indent: 0px;color: #54595f\"><strong>\u00bfEn qu\u00e9 consiste la pr\u00e1ctica?<\/strong><br \/>Tomar notas, hacer res\u00famenes y s\u00edntesis<\/p><p style=\"font-style: normal;font-weight: 400;font-size: 15.2px;font-family: Roboto;text-indent: 0px;color: #54595f\"><strong>\u00bfCu\u00e1ndo?<\/strong><br \/>Durante o despu\u00e9s de la lectura<\/p><p style=\"font-style: normal;font-weight: 400;font-size: 15.2px;font-family: Roboto;text-indent: 0px;color: #54595f\"><strong>Tipo de estrategia\u00a0<\/strong><br \/>S\u00edntesis<\/p><\/div>\n\t\t\t\t<\/div>\n\t\t\t\t<\/div>\n\t\t\t\t\t\t<\/div>\n\t\t\t\t\t<\/div>\n\t\t<\/div>\n\t\t\t\t\t\t\t\t<\/div>\n\t\t\t\t\t<\/div>\n\t\t<\/section>\n\t\t\t\t<section class=\"elementor-section elementor-top-section elementor-element elementor-element-f2a4ad5 elementor-section-boxed elementor-section-height-default elementor-section-height-default\" data-id=\"f2a4ad5\" data-element_type=\"section\">\n\t\t\t\t\t\t<div class=\"elementor-container elementor-column-gap-default\">\n\t\t\t\t\t\t\t<div class=\"elementor-row\">\n\t\t\t\t\t<div class=\"elementor-column elementor-col-66 elementor-top-column elementor-element elementor-element-9a12f20\" data-id=\"9a12f20\" data-element_type=\"column\">\n\t\t\t<div class=\"elementor-column-wrap elementor-element-populated\">\n\t\t\t\t\t\t\t<div class=\"elementor-widget-wrap\">\n\t\t\t\t\t\t<div class=\"elementor-element elementor-element-8e5deed elementor-widget elementor-widget-text-editor\" data-id=\"8e5deed\" data-element_type=\"widget\" data-widget_type=\"text-editor.default\">\n\t\t\t\t<div class=\"elementor-widget-container\">\n\t\t\t\t\t<div class=\"elementor-text-editor elementor-clearfix\"><p>Enfrentar un texto de estudio de una disciplina nueva relacionada con tu futuro profesional <strong>puede ser un gran desaf\u00edo<\/strong>. Primero, porque estos textos pertenecen a campos del conocimiento con los que quiz\u00e1s nunca hayas estado en contacto. Despu\u00e9s, porque el material para el estudio de un mismo tema es mayor en cantidad que en los ciclos anteriores. Finalmente, porque si durante los estudios previos tuviste la suerte de estudiar de textos resumidos sin leer los textos originales, esto no te servir\u00e1 m\u00e1s en la universidad. Lo que s\u00ed te va a ser \u00fatil es <strong>generar tus propias s\u00edntesis, res\u00famenes y fichas.<\/strong> Las s\u00edntesis retoman las ideas principales de un texto, al igual que los res\u00famenes, aunque estos son m\u00e1s extensos y detallados. Las fichas incluyen una organizaci\u00f3n esquem\u00e1tica de la informaci\u00f3n m\u00e1s pertinente.\u00a0<\/p><p>Escribir es una de las estrategias m\u00e1s poderosas de estudio. Implica que el lector vaya <strong>seleccionando y tomando nota de aquellas ideas principales que configuran las partes m\u00e1s importantes del texto<\/strong> en relaci\u00f3n a su\/s objetivo\/s de estudio. Armar un texto propio tiene muchos beneficios, por ejemplo, al hacerlo uno presta m\u00e1s atenci\u00f3n y eso ayuda a retener la informaci\u00f3n. Para sintetizar es necesaria una planificaci\u00f3n previa, es decir, haber establecido <strong>por qu\u00e9, para qu\u00e9 y en qu\u00e9 contexto se lee ese texto en particular<\/strong>. Esas preguntas ser\u00e1n las gu\u00edas para poder definir qu\u00e9 aspectos son los m\u00e1s relevantes en funci\u00f3n de cu\u00e1l es la informaci\u00f3n que se debe obtener del texto. Para saber esto es clave ir a las clases y atender a qu\u00e9 aspectos resaltan los docentes de cada texto.<\/p><p>Las anotaciones que se realizan durante o despu\u00e9s de la lectura pueden contener frases textuales de lo que est\u00e1s leyendo. Esto es algo que a veces hacemos naturalmente cuando leemos en pantalla, <strong>copiando y pegando en otro documento<\/strong> lo que nos parece importante. Sin embargo, esta <strong>pr\u00e1ctica<\/strong> es <strong>peligrosa<\/strong>, ya que copiar frases literalmente sin especificar que en su origen son de otra persona <strong>puede ser considerado plagio <\/strong>y esto es un delito. <strong>El plagio se produce, con intenci\u00f3n o sin intenci\u00f3n<\/strong>, cuando reproducimos textualmente ideas que son ajenas como si fueran nuestras. Por lo tanto, cuando hagas res\u00famenes <strong>pon\u00e9 especial atenci\u00f3n en citar<\/strong>, es decir, escrib\u00ed qui\u00e9n es el autor, cu\u00e1l es el a\u00f1o de publicaci\u00f3n y el nombre del texto, as\u00ed como el n\u00famero de p\u00e1gina, para que quede claro cu\u00e1l es el texto fuente. Incluso cuando est\u00e9s escribiendo con tus palabras lo que dice el texto (parafraseo) \u00a1no te olvides de citar! Sintetizar y citar son actividades muy importantes en la comunidad acad\u00e9mica y es bueno que las vayas conociendo desde el inicio de tu carrera.<\/p><\/div>\n\t\t\t\t<\/div>\n\t\t\t\t<\/div>\n\t\t\t\t\t\t<\/div>\n\t\t\t\t\t<\/div>\n\t\t<\/div>\n\t\t\t\t<div class=\"elementor-column elementor-col-33 elementor-top-column elementor-element elementor-element-1614323\" data-id=\"1614323\" data-element_type=\"column\">\n\t\t\t<div class=\"elementor-column-wrap\">\n\t\t\t\t\t\t\t<div class=\"elementor-widget-wrap\">\n\t\t\t\t\t\t\t\t<\/div>\n\t\t\t\t\t<\/div>\n\t\t<\/div>\n\t\t\t\t\t\t\t\t<\/div>\n\t\t\t\t\t<\/div>\n\t\t<\/section>\n\t\t\t\t\t\t<\/div>\n\t\t\t\t\t\t<\/div>\n\t\t\t\t\t<\/div>\n\t\t","protected":false},"excerpt":{"rendered":"<p>Anterior Siguiente \u00bfEn qu\u00e9 consiste la pr\u00e1ctica? Tomar notas, hacer res\u00famenes y s\u00edntesis \u00bfCu\u00e1ndo? Durante o despu\u00e9s de la lectura Tipo de estrategia\u00a0 S\u00edntesis Enfrentar un texto de estudio de una disciplina nueva relacionada con tu futuro profesional puede ser un gran desaf\u00edo. Primero, porque estos textos pertenecen a campos &hellip;<\/p>\n","protected":false},"author":5,"featured_media":0,"parent":0,"menu_order":0,"comment_status":"closed","ping_status":"closed","template":"","meta":[],"_links":{"self":[{"href":"https:\/\/www.cse.udelar.edu.uy\/progresa\/wp-json\/wp\/v2\/pages\/2010"}],"collection":[{"href":"https:\/\/www.cse.udelar.edu.uy\/progresa\/wp-json\/wp\/v2\/pages"}],"about":[{"href":"https:\/\/www.cse.udelar.edu.uy\/progresa\/wp-json\/wp\/v2\/types\/page"}],"author":[{"embeddable":true,"href":"https:\/\/www.cse.udelar.edu.uy\/progresa\/wp-json\/wp\/v2\/users\/5"}],"replies":[{"embeddable":true,"href":"https:\/\/www.cse.udelar.edu.uy\/progresa\/wp-json\/wp\/v2\/comments?post=2010"}],"version-history":[{"count":8,"href":"https:\/\/www.cse.udelar.edu.uy\/progresa\/wp-json\/wp\/v2\/pages\/2010\/revisions"}],"predecessor-version":[{"id":2229,"href":"https:\/\/www.cse.udelar.edu.uy\/progresa\/wp-json\/wp\/v2\/pages\/2010\/revisions\/2229"}],"wp:attachment":[{"href":"https:\/\/www.cse.udelar.edu.uy\/progresa\/wp-json\/wp\/v2\/media?parent=2010"}],"curies":[{"name":"wp","href":"https:\/\/api.w.org\/{rel}","templated":true}]}}