{"id":483,"date":"2019-08-27T17:09:21","date_gmt":"2019-08-27T20:09:21","guid":{"rendered":"https:\/\/www.cse.udelar.edu.uy\/progresa\/?page_id=483"},"modified":"2020-07-20T23:25:10","modified_gmt":"2020-07-21T02:25:10","slug":"consulta-y-orientacion","status":"publish","type":"page","link":"https:\/\/www.cse.udelar.edu.uy\/progresa\/consulta-y-orientacion\/","title":{"rendered":"Orientaci\u00f3n"},"content":{"rendered":"<p>El Programa de Respaldo al Aprendizaje (PROGRESA) de la Universidad de la Rep\u00fablica ha consolidado una l\u00ednea de apoyo y respaldo a las trayectorias educativas, abordando desde la etapa del preingreso hasta el egreso de los estudiantes de la Educaci\u00f3n Superior (ES). Se trata de un conjunto de acciones de acompa\u00f1amiento y orientaci\u00f3n que procuran aportar a la democratizaci\u00f3n del acceso a la Universidsad y a la integraci\u00f3n y permanencia de los estudiantes en la instituci\u00f3n educativa. Esto incluye el desarrollo de Espacios de Consulta y Orientaci\u00f3n (ECO) para potenciales ingresantes y estudiantes universitarios, espacios grupales de orientaci\u00f3n vocacional y el desarrollo de talleres tem\u00e1ticos que resultan de inter\u00e9s para los estudiantes que se acercan a participar de las diversas propuestas que el Programa ofrece.<\/p>\n<div class=\"video-shortcode\"><iframe title=\"Tu proyecto, tu universidad\" width=\"1505\" height=\"847\" src=\"https:\/\/www.youtube.com\/embed\/1t95O8cWb4U?feature=oembed\" frameborder=\"0\" allow=\"accelerometer; autoplay; encrypted-media; gyroscope; picture-in-picture\" allowfullscreen><\/iframe><\/div>\n<p>&nbsp;<\/p>\n","protected":false},"excerpt":{"rendered":"<p>El Programa de Respaldo al Aprendizaje (PROGRESA) de la Universidad de la Rep\u00fablica ha consolidado una l\u00ednea de apoyo y respaldo a las trayectorias educativas, abordando desde la etapa del preingreso hasta el egreso de los estudiantes de la Educaci\u00f3n Superior (ES). Se trata de un conjunto de acciones de &hellip;<\/p>\n","protected":false},"author":5,"featured_media":0,"parent":0,"menu_order":0,"comment_status":"closed","ping_status":"closed","template":"","meta":[],"_links":{"self":[{"href":"https:\/\/www.cse.udelar.edu.uy\/progresa\/wp-json\/wp\/v2\/pages\/483"}],"collection":[{"href":"https:\/\/www.cse.udelar.edu.uy\/progresa\/wp-json\/wp\/v2\/pages"}],"about":[{"href":"https:\/\/www.cse.udelar.edu.uy\/progresa\/wp-json\/wp\/v2\/types\/page"}],"author":[{"embeddable":true,"href":"https:\/\/www.cse.udelar.edu.uy\/progresa\/wp-json\/wp\/v2\/users\/5"}],"replies":[{"embeddable":true,"href":"https:\/\/www.cse.udelar.edu.uy\/progresa\/wp-json\/wp\/v2\/comments?post=483"}],"version-history":[{"count":8,"href":"https:\/\/www.cse.udelar.edu.uy\/progresa\/wp-json\/wp\/v2\/pages\/483\/revisions"}],"predecessor-version":[{"id":1242,"href":"https:\/\/www.cse.udelar.edu.uy\/progresa\/wp-json\/wp\/v2\/pages\/483\/revisions\/1242"}],"wp:attachment":[{"href":"https:\/\/www.cse.udelar.edu.uy\/progresa\/wp-json\/wp\/v2\/media?parent=483"}],"curies":[{"name":"wp","href":"https:\/\/api.w.org\/{rel}","templated":true}]}}