{"id":491,"date":"2019-08-29T11:44:12","date_gmt":"2019-08-29T14:44:12","guid":{"rendered":"https:\/\/www.cse.udelar.edu.uy\/progresa\/?page_id=491"},"modified":"2020-12-22T23:38:02","modified_gmt":"2020-12-23T02:38:02","slug":"expo-educa","status":"publish","type":"page","link":"https:\/\/www.cse.udelar.edu.uy\/progresa\/expo-educa\/","title":{"rendered":"Expo Educa 2019"},"content":{"rendered":"<p><img loading=\"lazy\" class=\"alignnone size-full wp-image-497\" src=\"https:\/\/www.cse.udelar.edu.uy\/progresa\/wp-content\/uploads\/sites\/11\/2019\/08\/expo-educa-banner.png\" alt=\"\" width=\"1058\" height=\"163\" srcset=\"https:\/\/www.cse.udelar.edu.uy\/progresa\/wp-content\/uploads\/sites\/11\/2019\/08\/expo-educa-banner-300x46.png 300w, https:\/\/www.cse.udelar.edu.uy\/progresa\/wp-content\/uploads\/sites\/11\/2019\/08\/expo-educa-banner-768x118.png 768w, https:\/\/www.cse.udelar.edu.uy\/progresa\/wp-content\/uploads\/sites\/11\/2019\/08\/expo-educa-banner-941x145.png 941w, https:\/\/www.cse.udelar.edu.uy\/progresa\/wp-content\/uploads\/sites\/11\/2019\/08\/expo-educa-banner-1024x158.png 1024w, https:\/\/www.cse.udelar.edu.uy\/progresa\/wp-content\/uploads\/sites\/11\/2019\/08\/expo-educa-banner.png 1058w\" sizes=\"(max-width: 1058px) 100vw, 1058px\" \/><\/p>\n<p><strong>Expo Educa<\/strong> constituye el mayor evento de oferta educativa del pa\u00eds a nivel p\u00fablico y privado, de educaci\u00f3n formal y no formal. Mediante un dispositivo que apela al car\u00e1cter interactivo de las propuestas presentadas, promueve que los\/as j\u00f3venes sean sujetos activos y puedan aprehender y conocer la informaci\u00f3n sobre las diversas propuestas formativas, as\u00ed como acercarlos\/as a las instituciones, y crear redes. La misma se ha desarrollado en diversos departamentos del pa\u00eds, involucrando un n\u00famero importante de estudiantes, docentes, profesionales y t\u00e9cnicos que presentan y recorren la oferta educativa, de paneles con expositores, talleres de orientaci\u00f3n vocacional ocupacional, oferta de becas, charlas, diversas propuestas art\u00edsticas, entre otras propuestas metodol\u00f3gicas de interacci\u00f3n. La realizaci\u00f3n de la <strong>Expo Educa<\/strong> coloca a las\/os estudiantes en el centro mismo de la acci\u00f3n, acerc\u00e1ndoles la oferta educativa existente e invitando a la posibilidad de vivir y participar del acercamiento a la informaci\u00f3n.<\/p>\n<p>Esto implica pensar este dispositivo de acceso a la informaci\u00f3n como proceso, que trasciende la actividad de muestra propiamente dicha y procura instalar la tem\u00e1tica en territorio para ser trabajada en forma previa y posterior a la misma. As\u00ed, <strong>Expo Educa<\/strong> apunta a constituirse como una pol\u00edtica p\u00fablica, de orientaci\u00f3n y acompa\u00f1amiento a las y los\/as estudiantes, convocada a favorecer la continuidad educativa de las personas, en particular los y las j\u00f3venes en todos los tramos de su formaci\u00f3n. Las <strong>Expo Educa<\/strong> a ser realizadas en departamentos del interior del pa\u00eds son co-organizadas con comisiones locales integradas por diversas instituciones y organizaciones de cada territorio y en coordinaci\u00f3n con la comisi\u00f3n nacional.<\/p>\n<p><a href=\"http:\/\/expoeduca.edu.uy\/\"><strong>Expo Educa 2019: Conectate con tu derecho a elegir<\/strong><\/a><\/p>\n<p>En su edici\u00f3n 2019, se propuso pensar la oferta educativa desde un enfoque de derechos humanos que transversalice cuatro tem\u00e1ticas: G\u00e9nero, Discapacidad, Migrantes y Cuidados. \u00bfQu\u00e9 queremos decir con \u201cenfoque de derechos humanos\u201d? Significa que el Estado, en este caso las instituciones parte de Expo Educa, tenemos la obligaci\u00f3n de promover programas &#8211; acciones que act\u00faen como instrumentos de avance en derechos. Como tales, \u00e9stos son universales y orientados por principios como el de la igualdad entre las personas y el de no discriminaci\u00f3n. En ese marco, se apunt\u00f3 a planificar acciones que reviertan y transformen pr\u00e1cticas educativas que expresan situaciones de injusticia social por razones de orientaci\u00f3n sexual, de g\u00e9nero, de raza, entre otras.<\/p>\n","protected":false},"excerpt":{"rendered":"<p>Expo Educa constituye el mayor evento de oferta educativa del pa\u00eds a nivel p\u00fablico y privado, de educaci\u00f3n formal y no formal. Mediante un dispositivo que apela al car\u00e1cter interactivo de las propuestas presentadas, promueve que los\/as j\u00f3venes sean sujetos activos y puedan aprehender y conocer la informaci\u00f3n sobre las &hellip;<\/p>\n","protected":false},"author":5,"featured_media":0,"parent":0,"menu_order":0,"comment_status":"closed","ping_status":"closed","template":"","meta":[],"_links":{"self":[{"href":"https:\/\/www.cse.udelar.edu.uy\/progresa\/wp-json\/wp\/v2\/pages\/491"}],"collection":[{"href":"https:\/\/www.cse.udelar.edu.uy\/progresa\/wp-json\/wp\/v2\/pages"}],"about":[{"href":"https:\/\/www.cse.udelar.edu.uy\/progresa\/wp-json\/wp\/v2\/types\/page"}],"author":[{"embeddable":true,"href":"https:\/\/www.cse.udelar.edu.uy\/progresa\/wp-json\/wp\/v2\/users\/5"}],"replies":[{"embeddable":true,"href":"https:\/\/www.cse.udelar.edu.uy\/progresa\/wp-json\/wp\/v2\/comments?post=491"}],"version-history":[{"count":10,"href":"https:\/\/www.cse.udelar.edu.uy\/progresa\/wp-json\/wp\/v2\/pages\/491\/revisions"}],"predecessor-version":[{"id":1665,"href":"https:\/\/www.cse.udelar.edu.uy\/progresa\/wp-json\/wp\/v2\/pages\/491\/revisions\/1665"}],"wp:attachment":[{"href":"https:\/\/www.cse.udelar.edu.uy\/progresa\/wp-json\/wp\/v2\/media?parent=491"}],"curies":[{"name":"wp","href":"https:\/\/api.w.org\/{rel}","templated":true}]}}