{"id":528,"date":"2022-09-02T12:57:23","date_gmt":"2022-09-02T15:57:23","guid":{"rendered":"https:\/\/www.cse.udelar.edu.uy\/progresa\/?page_id=528"},"modified":"2026-03-02T14:54:27","modified_gmt":"2026-03-02T17:54:27","slug":"espacios-de-consulta-y-orientacion","status":"publish","type":"page","link":"https:\/\/www.cse.udelar.edu.uy\/progresa\/espacios-de-consulta-y-orientacion\/","title":{"rendered":"Espacio de Consulta y Orientaci\u00f3n"},"content":{"rendered":"<p style=\"font-style: normal;font-weight: 400;font-size: 15.2px;font-family: Roboto, sans-serif;text-indent: 0px\">Estudiantes de todo el pa\u00eds tienen acceso gratuito a espacios de atenci\u00f3n personalizada en la sede del Programa de Respaldo al Aprendizaje (Progresa). Los\u00a0<strong>Espacios de Consulta y Orientaci\u00f3n (ECO)<\/strong>\u00a0se enmarcan en una l\u00ednea de apoyo y respaldo a las trayectorias educativas, abordando desde la etapa del preingreso hasta el egreso de los estudiantes de la Educaci\u00f3n Superior (ES).<\/p>\n<p style=\"font-style: normal;font-weight: 400;font-size: 15.2px;font-family: Roboto, sans-serif;text-indent: 0px\">Estos espacios -que se encuentran disponibles todo el a\u00f1o- buscan aportar a la democratizaci\u00f3n del acceso a la educaci\u00f3n superior y a la integraci\u00f3n y permanencia de los estudiantes en la instituci\u00f3n educativa. Las intervenciones pueden ser puntuales o pueden generarse procesos de trabajo que habilitan a intervenciones procesuales que se desarrollan en un m\u00e1ximo de cuatro encuentros por consultante, seg\u00fan el caso.<\/p>\n<p style=\"font-style: normal;font-weight: 400;font-size: 15.2px;font-family: Roboto, sans-serif;text-indent: 0px\"><b>Inscripciones a trav\u00e9s del siguiente <a href=\"https:\/\/encuestas.cse.udelar.edu.uy\/index.php\/953693?lang=es\">formulario.<\/a><\/b><\/p>\n<p><img loading=\"lazy\" src=\"https:\/\/www.cse.udelar.edu.uy\/progresa\/wp-content\/uploads\/sites\/11\/2020\/07\/\u00cdconos.png\" alt=\"\" width=\"830\" height=\"446\" \/><\/p>\n","protected":false},"excerpt":{"rendered":"<p>Estudiantes de todo el pa\u00eds tienen acceso gratuito a espacios de atenci\u00f3n personalizada en la sede del Programa de Respaldo al Aprendizaje (Progresa). Los\u00a0Espacios de Consulta y Orientaci\u00f3n (ECO)\u00a0se enmarcan en una l\u00ednea de apoyo y respaldo a las trayectorias educativas, abordando desde la etapa del preingreso hasta el egreso &hellip;<\/p>\n","protected":false},"author":5,"featured_media":0,"parent":0,"menu_order":0,"comment_status":"closed","ping_status":"closed","template":"","meta":[],"_links":{"self":[{"href":"https:\/\/www.cse.udelar.edu.uy\/progresa\/wp-json\/wp\/v2\/pages\/528"}],"collection":[{"href":"https:\/\/www.cse.udelar.edu.uy\/progresa\/wp-json\/wp\/v2\/pages"}],"about":[{"href":"https:\/\/www.cse.udelar.edu.uy\/progresa\/wp-json\/wp\/v2\/types\/page"}],"author":[{"embeddable":true,"href":"https:\/\/www.cse.udelar.edu.uy\/progresa\/wp-json\/wp\/v2\/users\/5"}],"replies":[{"embeddable":true,"href":"https:\/\/www.cse.udelar.edu.uy\/progresa\/wp-json\/wp\/v2\/comments?post=528"}],"version-history":[{"count":18,"href":"https:\/\/www.cse.udelar.edu.uy\/progresa\/wp-json\/wp\/v2\/pages\/528\/revisions"}],"predecessor-version":[{"id":3694,"href":"https:\/\/www.cse.udelar.edu.uy\/progresa\/wp-json\/wp\/v2\/pages\/528\/revisions\/3694"}],"wp:attachment":[{"href":"https:\/\/www.cse.udelar.edu.uy\/progresa\/wp-json\/wp\/v2\/media?parent=528"}],"curies":[{"name":"wp","href":"https:\/\/api.w.org\/{rel}","templated":true}]}}