{"id":533,"date":"2019-09-02T15:01:53","date_gmt":"2019-09-02T18:01:53","guid":{"rendered":"https:\/\/www.cse.udelar.edu.uy\/progresa\/?page_id=533"},"modified":"2022-11-16T08:50:02","modified_gmt":"2022-11-16T11:50:02","slug":"previa","status":"publish","type":"page","link":"https:\/\/www.cse.udelar.edu.uy\/progresa\/previa\/","title":{"rendered":"La Previa"},"content":{"rendered":"\t\t<div data-elementor-type=\"wp-page\" data-elementor-id=\"533\" class=\"elementor elementor-533\" data-elementor-settings=\"[]\">\n\t\t\t\t\t\t<div class=\"elementor-inner\">\n\t\t\t\t\t\t\t<div class=\"elementor-section-wrap\">\n\t\t\t\t\t\t\t<section class=\"elementor-section elementor-top-section elementor-element elementor-element-0e75a3e elementor-section-boxed elementor-section-height-default elementor-section-height-default\" data-id=\"0e75a3e\" data-element_type=\"section\">\n\t\t\t\t\t\t<div class=\"elementor-container elementor-column-gap-default\">\n\t\t\t\t\t\t\t<div class=\"elementor-row\">\n\t\t\t\t\t<div class=\"elementor-column elementor-col-66 elementor-top-column elementor-element elementor-element-a4a19bc\" data-id=\"a4a19bc\" data-element_type=\"column\">\n\t\t\t<div class=\"elementor-column-wrap elementor-element-populated\">\n\t\t\t\t\t\t\t<div class=\"elementor-widget-wrap\">\n\t\t\t\t\t\t<div class=\"elementor-element elementor-element-8c6ef1a elementor-widget elementor-widget-text-editor\" data-id=\"8c6ef1a\" data-element_type=\"widget\" data-widget_type=\"text-editor.default\">\n\t\t\t\t<div class=\"elementor-widget-container\">\n\t\t\t\t\t<div class=\"elementor-text-editor elementor-clearfix\"><p>La<strong> Previa<\/strong> es un dispositivo de tutor\u00eda que combina actividades de ense\u00f1anza y extensi\u00f3n, a trav\u00e9s de la cual estudiantes de la Universidad de la Rep\u00fablica concurren a instituciones p\u00fablicas de educaci\u00f3n media en general -y a aquella de la que egresaron en particular- para compartir su experiencia en la Universidad. Esta acci\u00f3n conjuga las fuentes vivas de informaci\u00f3n, la construcci\u00f3n de redes sociales y la participaci\u00f3n de los estudiantes.<\/p>\n<p>Cientos de estudiantes tutores realizaron la pr\u00e1ctica La Previa como parte de sus pr\u00e1cticas en el marco de la Tutor\u00edas Entre Pares (TEP), contando a otras y a otros estudiantes sus piques, sus experiencias, sus testimonios sobre su paso por la Universidad de la Rep\u00fablica. Esta experiencia es enteramente gratuita y abierta a las y los estudiantes.<\/p>\n<h4>Como parte de las actividades 2022, estaremos realizando los siguientes talleres en modalidad virtual y presencial:<\/h4>\n<p><strong>\u00c1rea de Teconolog\u00edas y Ciencias de la Naturaleza y el H\u00e1bitat<\/strong><\/p>\n<p>Martes 22 de noviembre | 17 a 19&nbsp; h | Presencial | Facultad de Qu\u00edmica (Sal\u00f3n 502 &#8211; 5\u00b0piso del anexo de Facultad de Qu\u00edmica)<b><br><\/b><\/p>\n<p>Martes 08 de noviembre | 10 a 12&nbsp; h |&nbsp; Virtual<\/p>\n<p><strong>\u00c1rea de Ciencias de la Salud<\/strong><\/p>\n<p>Jueves 17 de noviembre | 14 a 16 h | Presencial | Facultad de Psicolog\u00eda (Aula Magna)<\/p>\n<p>Martes 08 de noviembre | 14 a 16 h |&nbsp; Virtual<\/p>\n<p><strong>\u00c1rea Social y Art\u00edstica<\/strong><\/p>\n<p>Viernes 18 de noviembre | 14 a 16 h | Presencial | Facultad de Humanidades (Sal\u00f3n Ib\u00e1\u00f1ez)<\/p>\n<p>Lunes 07 de noviembre | 14 a 16&nbsp; h |&nbsp; Virtual<\/p>\n<p><strong>Las instancias de ZOOM ser\u00e1n a trav\u00e9s del siguiente link:<\/strong><\/p>\n<p><a href=\"https:\/\/salavirtual-udelar.zoom.us\/j\/86068719052\">https:\/\/salavirtual-udelar.zoom.us\/j\/86068719052<\/a><\/p>\n<h4>Inscripciones<\/h4>\n<p><strong>Los talleres son gratuitos y abiertos a todas las personas que quieran participar, pero <\/strong><strong><a href=\"https:\/\/encuestas.cse.udelar.edu.uy\/index.php\/889379?lang=es\">previamente deb\u00e9s inscribirte completando el formulario disponible aqu\u00ed.<\/a><br><\/strong><\/p>\n<p>Viernes<\/p><\/div>\n\t\t\t\t<\/div>\n\t\t\t\t<\/div>\n\t\t\t\t\t\t<\/div>\n\t\t\t\t\t<\/div>\n\t\t<\/div>\n\t\t\t\t<div class=\"elementor-column elementor-col-33 elementor-top-column elementor-element elementor-element-c2e8bd5\" data-id=\"c2e8bd5\" data-element_type=\"column\">\n\t\t\t<div class=\"elementor-column-wrap elementor-element-populated\">\n\t\t\t\t\t\t\t<div class=\"elementor-widget-wrap\">\n\t\t\t\t\t\t<div class=\"elementor-element elementor-element-c01c47c elementor-widget elementor-widget-image\" data-id=\"c01c47c\" data-element_type=\"widget\" data-widget_type=\"image.default\">\n\t\t\t\t<div class=\"elementor-widget-container\">\n\t\t\t\t\t<div class=\"elementor-image\">\n\t\t\t\t\t\t\t\t\t\t<img width=\"576\" height=\"1024\" src=\"https:\/\/www.cse.udelar.edu.uy\/progresa\/wp-content\/uploads\/sites\/11\/2022\/09\/FLYER-La-Previa-1-576x1024.jpg\" class=\"attachment-large size-large\" alt=\"\" loading=\"lazy\" srcset=\"https:\/\/www.cse.udelar.edu.uy\/progresa\/wp-content\/uploads\/sites\/11\/2022\/09\/FLYER-La-Previa-1-113x200.jpg 113w, https:\/\/www.cse.udelar.edu.uy\/progresa\/wp-content\/uploads\/sites\/11\/2022\/09\/FLYER-La-Previa-1-169x300.jpg 169w, https:\/\/www.cse.udelar.edu.uy\/progresa\/wp-content\/uploads\/sites\/11\/2022\/09\/FLYER-La-Previa-1-576x1024.jpg 576w, https:\/\/www.cse.udelar.edu.uy\/progresa\/wp-content\/uploads\/sites\/11\/2022\/09\/FLYER-La-Previa-1-768x1365.jpg 768w, https:\/\/www.cse.udelar.edu.uy\/progresa\/wp-content\/uploads\/sites\/11\/2022\/09\/FLYER-La-Previa-1-864x1536.jpg 864w, https:\/\/www.cse.udelar.edu.uy\/progresa\/wp-content\/uploads\/sites\/11\/2022\/09\/FLYER-La-Previa-1.jpg 1080w\" sizes=\"(max-width: 576px) 100vw, 576px\" \/>\t\t\t\t\t\t\t\t\t\t\t<\/div>\n\t\t\t\t<\/div>\n\t\t\t\t<\/div>\n\t\t\t\t\t\t<\/div>\n\t\t\t\t\t<\/div>\n\t\t<\/div>\n\t\t\t\t\t\t\t\t<\/div>\n\t\t\t\t\t<\/div>\n\t\t<\/section>\n\t\t\t\t\t\t<\/div>\n\t\t\t\t\t\t<\/div>\n\t\t\t\t\t<\/div>\n\t\t","protected":false},"excerpt":{"rendered":"<p>La Previa es un dispositivo de tutor\u00eda que combina actividades de ense\u00f1anza y extensi\u00f3n, a trav\u00e9s de la cual estudiantes de la Universidad de la Rep\u00fablica concurren a instituciones p\u00fablicas de educaci\u00f3n media en general -y a aquella de la que egresaron en particular- para compartir su experiencia en la &hellip;<\/p>\n","protected":false},"author":5,"featured_media":0,"parent":0,"menu_order":0,"comment_status":"closed","ping_status":"closed","template":"","meta":[],"_links":{"self":[{"href":"https:\/\/www.cse.udelar.edu.uy\/progresa\/wp-json\/wp\/v2\/pages\/533"}],"collection":[{"href":"https:\/\/www.cse.udelar.edu.uy\/progresa\/wp-json\/wp\/v2\/pages"}],"about":[{"href":"https:\/\/www.cse.udelar.edu.uy\/progresa\/wp-json\/wp\/v2\/types\/page"}],"author":[{"embeddable":true,"href":"https:\/\/www.cse.udelar.edu.uy\/progresa\/wp-json\/wp\/v2\/users\/5"}],"replies":[{"embeddable":true,"href":"https:\/\/www.cse.udelar.edu.uy\/progresa\/wp-json\/wp\/v2\/comments?post=533"}],"version-history":[{"count":27,"href":"https:\/\/www.cse.udelar.edu.uy\/progresa\/wp-json\/wp\/v2\/pages\/533\/revisions"}],"predecessor-version":[{"id":2966,"href":"https:\/\/www.cse.udelar.edu.uy\/progresa\/wp-json\/wp\/v2\/pages\/533\/revisions\/2966"}],"wp:attachment":[{"href":"https:\/\/www.cse.udelar.edu.uy\/progresa\/wp-json\/wp\/v2\/media?parent=533"}],"curies":[{"name":"wp","href":"https:\/\/api.w.org\/{rel}","templated":true}]}}