{"id":887,"date":"2020-04-21T18:55:43","date_gmt":"2020-04-21T21:55:43","guid":{"rendered":"https:\/\/www.cse.udelar.edu.uy\/progresa\/?page_id=887"},"modified":"2020-07-31T02:47:52","modified_gmt":"2020-07-31T05:47:52","slug":"algunas-consejos-para-sentirse-animicamente-bien-en-esta-cuarentena","status":"publish","type":"page","link":"https:\/\/www.cse.udelar.edu.uy\/progresa\/algunas-consejos-para-sentirse-animicamente-bien-en-esta-cuarentena\/","title":{"rendered":"Algunos consejos para sentirse an\u00edmicamente bien durante la cuarentena"},"content":{"rendered":"\t\t<div data-elementor-type=\"wp-page\" data-elementor-id=\"887\" class=\"elementor elementor-887\" data-elementor-settings=\"[]\">\n\t\t\t\t\t\t<div class=\"elementor-inner\">\n\t\t\t\t\t\t\t<div class=\"elementor-section-wrap\">\n\t\t\t\t\t\t\t<section class=\"elementor-section elementor-top-section elementor-element elementor-element-d051fdb elementor-section-boxed elementor-section-height-default elementor-section-height-default\" data-id=\"d051fdb\" data-element_type=\"section\">\n\t\t\t\t\t\t<div class=\"elementor-container elementor-column-gap-default\">\n\t\t\t\t\t\t\t<div class=\"elementor-row\">\n\t\t\t\t\t<div class=\"elementor-column elementor-col-66 elementor-top-column elementor-element elementor-element-3285740\" data-id=\"3285740\" data-element_type=\"column\">\n\t\t\t<div class=\"elementor-column-wrap elementor-element-populated\">\n\t\t\t\t\t\t\t<div class=\"elementor-widget-wrap\">\n\t\t\t\t\t\t<div class=\"elementor-element elementor-element-c8a27bc elementor-widget elementor-widget-text-editor\" data-id=\"c8a27bc\" data-element_type=\"widget\" data-widget_type=\"text-editor.default\">\n\t\t\t\t<div class=\"elementor-widget-container\">\n\t\t\t\t\t<div class=\"elementor-text-editor elementor-clearfix\"><p style=\"font-style: normal;font-weight: 300;font-size: 16px;font-family: Lato;text-indent: 0px;color: #555555\"><strong>La cuarentena es temporal. Todo esto va a pasar.<\/strong>\u00a0Por eso, te recomendamos que durante el confinamiento establezcas una rutina en la medida de lo posible. Defin\u00ed un horario para levantarte, estudiar, hacer ejercicio, as\u00ed como para actividades de autocuidado. Socializ\u00e1. La cuarentena puede convertirse tambi\u00e9n en una invitaci\u00f3n a reinventar formas de estar f\u00edsicamente aislado, sin que esto implique alejarse emocionalmente. Intent\u00e1 ponerte en contacto en forma virtual todos los d\u00edas con las personas que apreci\u00e1s, a trav\u00e9s del medio que te quede m\u00e1s c\u00f3modo. Alimentate en forma saludable. Hidratate bien. Esto le dar\u00e1 energ\u00eda y fortaleza al cuerpo para enfrentar esta situaci\u00f3n at\u00edpica.<\/p><p style=\"font-style: normal;font-weight: 300;font-size: 16px;font-family: Lato;text-indent: 0px;color: #555555\">Hacete un espacio que sea tuyo y solo tuyo. Hac\u00e9 peque\u00f1as cosas que te hagan bien y que involucren todos los sentidos, especialmente, el gusto, el tacto y el olfato. Disminu\u00ed la autoexigencia y practic\u00e1 la autoaceptaci\u00f3n. Ninguno de nosotros podr\u00e1 realizar actividades exactamente de la misma manera que antes. Por lo tanto, acept\u00e1 que este per\u00edodo requerir\u00e1 adaptaci\u00f3n y que es un proceso. Limit\u00e1 el per\u00edodo que dedic\u00e1s a leer noticias sobre el tema de la pandemia y, principalmente, intent\u00e1 ser cr\u00edtico frente a estas lecturas.\u00a0<strong>Busc\u00e1 fuentes seguras y actualizadas de informaci\u00f3n que te sean \u00fatiles cuando quieras informarte. Aprovech\u00e1 a ver pel\u00edculas, series o leer libros que ten\u00edas pendientes.<\/strong><\/p><p style=\"font-style: normal;font-weight: 300;font-size: 16px;font-family: Lato;text-indent: 0px;color: #555555\">La cultura es fundamental en estos tiempos como forma de sobrellevar esta situaci\u00f3n. Particip\u00e1 en acciones de colaboraci\u00f3n y ayuda en tu comunidad. Si no te encontr\u00e1s dentro de la poblaci\u00f3n de riesgo, quiz\u00e1s puedas ofrecer a alg\u00fan vecino adulto mayor, alg\u00fan familiar o conocido que s\u00ed lo est\u00e9, para ir a hacer sus compras o facilitarle alguna gesti\u00f3n que implique exponerse al salir. Encontr\u00e1 peque\u00f1as formas de organizar las actividades de tu vida cotidiana.\u00a0<strong>Para muchas personas es importante vencer la sensaci\u00f3n de falta de control u organizaci\u00f3n<\/strong>. Entonces, en tiempos de incertidumbre como este, practicar el control sobre cosas peque\u00f1as puede ayudar: puede ser organizar los estantes de tu armario o cualquier otra actividad de ese estilo.<\/p><p style=\"font-style: normal;font-weight: 300;font-size: 16px;font-family: Lato;text-indent: 0px;color: #555555\">Pens\u00e1 que esta puede ser una oportunidad para avanzar en cosas que ten\u00edas pendientes en tu casa por falta de tiempo. Pon\u00e9 humor en tu vida diaria, para contrarrestar la incertidumbre e inestabilidad de la situaci\u00f3n actual. Busc\u00e1 ayuda cuando sientas que no pod\u00e9s lidiar solo\/a con la situaci\u00f3n actual. Y busc\u00e1 ayuda profesional si lo entend\u00e9s necesario.\u00a0<strong>Acordate que no est\u00e1s solo\/a.\u00a0<\/strong><strong>Viv\u00ed un d\u00eda a la vez y celebr\u00e1 las peque\u00f1as cosas que ha hecho o logrado cada d\u00eda.<\/strong>\u00a0Divid\u00ed tus objetivos en posibles pasos a corto plazo, y recompensate cuando los alcanz\u00e1s. Intent\u00e1 aprender de esta crisis, tanto desde un punto de vista personal como colectivo. Esa es quiz\u00e1s la mejor manera de empoderarse en este momento.<\/p><h6 class=\"fusion-responsive-typography-calculated\" style=\"font-style: normal;color: #555555\" data-fontsize=\"23.52\" data-lineheight=\"30.576px\">LA UNIVERSIDAD TE OFRECE CONTENCI\u00d3N<\/h6><p style=\"font-style: normal;font-weight: 300;font-size: 16px;font-family: Lato;text-indent: 0px;color: #555555\"><a href=\"https:\/\/www.cse.udelar.edu.uy\/progresa\/?p=825\">Si necesit\u00e1s contenci\u00f3n, Progresa ofrece un servicio gratuito. Reserv\u00e1 d\u00eda y hora con nuestro equipo de docentes especializados en orientaci\u00f3n educativa aqu\u00ed.<\/a><\/p><\/div>\n\t\t\t\t<\/div>\n\t\t\t\t<\/div>\n\t\t\t\t\t\t<\/div>\n\t\t\t\t\t<\/div>\n\t\t<\/div>\n\t\t\t\t<div class=\"elementor-column elementor-col-33 elementor-top-column elementor-element elementor-element-1d451df\" data-id=\"1d451df\" data-element_type=\"column\">\n\t\t\t<div class=\"elementor-column-wrap elementor-element-populated\">\n\t\t\t\t\t\t\t<div class=\"elementor-widget-wrap\">\n\t\t\t\t\t\t<div class=\"elementor-element elementor-element-63ad5f6 elementor-widget elementor-widget-image\" data-id=\"63ad5f6\" data-element_type=\"widget\" data-widget_type=\"image.default\">\n\t\t\t\t<div class=\"elementor-widget-container\">\n\t\t\t\t\t<div class=\"elementor-image\">\n\t\t\t\t\t\t\t\t\t\t<img width=\"726\" height=\"1024\" src=\"https:\/\/www.cse.udelar.edu.uy\/progresa\/wp-content\/uploads\/sites\/11\/2020\/04\/web-progresaMesa-de-trabajo-7-copia-3-726x1024.jpg\" class=\"attachment-large size-large\" alt=\"\" loading=\"lazy\" srcset=\"https:\/\/www.cse.udelar.edu.uy\/progresa\/wp-content\/uploads\/sites\/11\/2020\/04\/web-progresaMesa-de-trabajo-7-copia-3-142x200.jpg 142w, https:\/\/www.cse.udelar.edu.uy\/progresa\/wp-content\/uploads\/sites\/11\/2020\/04\/web-progresaMesa-de-trabajo-7-copia-3-213x300.jpg 213w, https:\/\/www.cse.udelar.edu.uy\/progresa\/wp-content\/uploads\/sites\/11\/2020\/04\/web-progresaMesa-de-trabajo-7-copia-3-726x1024.jpg 726w, https:\/\/www.cse.udelar.edu.uy\/progresa\/wp-content\/uploads\/sites\/11\/2020\/04\/web-progresaMesa-de-trabajo-7-copia-3-768x1083.jpg 768w, https:\/\/www.cse.udelar.edu.uy\/progresa\/wp-content\/uploads\/sites\/11\/2020\/04\/web-progresaMesa-de-trabajo-7-copia-3-1090x1536.jpg 1090w, https:\/\/www.cse.udelar.edu.uy\/progresa\/wp-content\/uploads\/sites\/11\/2020\/04\/web-progresaMesa-de-trabajo-7-copia-3-1453x2048.jpg 1453w, https:\/\/www.cse.udelar.edu.uy\/progresa\/wp-content\/uploads\/sites\/11\/2020\/04\/web-progresaMesa-de-trabajo-7-copia-3.jpg 1816w\" sizes=\"(max-width: 726px) 100vw, 726px\" \/>\t\t\t\t\t\t\t\t\t\t\t<\/div>\n\t\t\t\t<\/div>\n\t\t\t\t<\/div>\n\t\t\t\t\t\t<\/div>\n\t\t\t\t\t<\/div>\n\t\t<\/div>\n\t\t\t\t\t\t\t\t<\/div>\n\t\t\t\t\t<\/div>\n\t\t<\/section>\n\t\t\t\t\t\t<\/div>\n\t\t\t\t\t\t<\/div>\n\t\t\t\t\t<\/div>\n\t\t","protected":false},"excerpt":{"rendered":"","protected":false},"author":5,"featured_media":0,"parent":0,"menu_order":0,"comment_status":"closed","ping_status":"closed","template":"","meta":[],"_links":{"self":[{"href":"https:\/\/www.cse.udelar.edu.uy\/progresa\/wp-json\/wp\/v2\/pages\/887"}],"collection":[{"href":"https:\/\/www.cse.udelar.edu.uy\/progresa\/wp-json\/wp\/v2\/pages"}],"about":[{"href":"https:\/\/www.cse.udelar.edu.uy\/progresa\/wp-json\/wp\/v2\/types\/page"}],"author":[{"embeddable":true,"href":"https:\/\/www.cse.udelar.edu.uy\/progresa\/wp-json\/wp\/v2\/users\/5"}],"replies":[{"embeddable":true,"href":"https:\/\/www.cse.udelar.edu.uy\/progresa\/wp-json\/wp\/v2\/comments?post=887"}],"version-history":[{"count":13,"href":"https:\/\/www.cse.udelar.edu.uy\/progresa\/wp-json\/wp\/v2\/pages\/887\/revisions"}],"predecessor-version":[{"id":1303,"href":"https:\/\/www.cse.udelar.edu.uy\/progresa\/wp-json\/wp\/v2\/pages\/887\/revisions\/1303"}],"wp:attachment":[{"href":"https:\/\/www.cse.udelar.edu.uy\/progresa\/wp-json\/wp\/v2\/media?parent=887"}],"curies":[{"name":"wp","href":"https:\/\/api.w.org\/{rel}","templated":true}]}}