{"id":899,"date":"2020-04-21T19:19:32","date_gmt":"2020-04-21T22:19:32","guid":{"rendered":"https:\/\/www.cse.udelar.edu.uy\/progresa\/?page_id=899"},"modified":"2021-03-22T11:40:52","modified_gmt":"2021-03-22T14:40:52","slug":"algunos-consejos-para-sentarse-a-estudiar-durante-la-cuarentena","status":"publish","type":"page","link":"https:\/\/www.cse.udelar.edu.uy\/progresa\/algunos-consejos-para-sentarse-a-estudiar-durante-la-cuarentena\/","title":{"rendered":"Sentarte a estudiar"},"content":{"rendered":"\t\t<div data-elementor-type=\"wp-page\" data-elementor-id=\"899\" class=\"elementor elementor-899\" data-elementor-settings=\"[]\">\n\t\t\t\t\t\t<div class=\"elementor-inner\">\n\t\t\t\t\t\t\t<div class=\"elementor-section-wrap\">\n\t\t\t\t\t\t\t<section class=\"elementor-section elementor-top-section elementor-element elementor-element-e60ee56 elementor-section-boxed elementor-section-height-default elementor-section-height-default\" data-id=\"e60ee56\" data-element_type=\"section\">\n\t\t\t\t\t\t<div class=\"elementor-container elementor-column-gap-default\">\n\t\t\t\t\t\t\t<div class=\"elementor-row\">\n\t\t\t\t\t<div class=\"elementor-column elementor-col-66 elementor-top-column elementor-element elementor-element-5fd1d1f\" data-id=\"5fd1d1f\" data-element_type=\"column\">\n\t\t\t<div class=\"elementor-column-wrap elementor-element-populated\">\n\t\t\t\t\t\t\t<div class=\"elementor-widget-wrap\">\n\t\t\t\t\t\t<div class=\"elementor-element elementor-element-604ca1a elementor-widget elementor-widget-text-editor\" data-id=\"604ca1a\" data-element_type=\"widget\" data-widget_type=\"text-editor.default\">\n\t\t\t\t<div class=\"elementor-widget-container\">\n\t\t\t\t\t<div class=\"elementor-text-editor elementor-clearfix\"><p style=\"font-style: normal;font-weight: 300;font-size: 16px;font-family: Lato;text-indent: 0px;color: #555555\"><span style=\"color: #333333\"><strong>Estudiar es una de esas actividades que requieren disciplina<\/strong>\u00a0y, en ese sentido, podemos acercarte algunas ideas de qu\u00e9 cosas son esenciales cuando decid\u00eds ponerte a entender y aprender de los textos en el marco de los estudios universitarios, para que el tiempo que le dediques te rinda de la mejor manera.\u00a0<\/span><span style=\"color: #333333\">Lo primero es saber que en la Universidad se estudia de una forma diferente a la que estabas acostumbrado en el liceo. De esto te ir\u00e1s dando cuenta con el tiempo, pero aqu\u00ed ya te daremos algunas ideas que para ir preparando tus parciales o ex\u00e1menes.<\/span><\/p><h4 style=\"font-style: normal\" data-fontsize=\"36.48\" data-lineheight=\"47.424px\"><span>Motivaci\u00f3n<\/span><\/h4><p style=\"font-style: normal;font-weight: 300;font-size: 16px;font-family: Lato;text-indent: 0px;color: #555555\"><span style=\"color: #333333\">Las ganas de sacar adelante la carrera es lo que te impulsar\u00e1 a\u00fan en los momentos m\u00e1s duros y frente a las materias m\u00e1s dif\u00edciles. Tener claro que se estudian diferentes conocimientos, a veces fragmentados, pero que todos son esenciales para la construcci\u00f3n de aprendizajes significativos es algo que te va a ayudar a ponerle m\u00e1s ganas a esa materia que puede estar dando dificultades.<\/span><\/p><p style=\"font-style: normal;font-weight: 300;font-size: 16px;font-family: Lato;text-indent: 0px;color: #555555\"><span style=\"color: #333333\">En estos tiempos, es necesario<strong>\u00a0tener claro que se lee para poder ser parte de la Universidad<\/strong>\u00a0y porque esto nos ayudar\u00e1 en el futuro a convertirnos en profesionales. Si no quer\u00e9s estar solo en esta actividad, intent\u00e1 ponerte en contacto con otros estudiantes en tu misma situaci\u00f3n y trabajen juntos para organizar foros virtuales (en grupos de\u00a0<strong>Whatsapp<\/strong>, reuniones en\u00a0<strong>Zoom<\/strong>\u00a0o\u00a0<strong>Meet<\/strong>, compartiendo comentarios en documentos de\u00a0<strong>Google Drive<\/strong>, por ejemplo) para estudiar e intercambiar informaci\u00f3n y dudas.<\/span><\/p><h4 style=\"font-style: normal\" data-fontsize=\"36.48\" data-lineheight=\"47.424px\"><span>Manejo del tiempo\u00a0<\/span><\/h4><p style=\"font-style: normal;font-weight: 300;font-size: 16px;font-family: Lato;text-indent: 0px;color: #555555\"><span style=\"color: #333333\">Uno de los grandes cambios con respecto al liceo es que el tiempo de estudio que hay que dedicarle a cada materia es mayor, no solamente en cantidad de horas, sino que como las evaluaciones suelen ser m\u00e1s espaciadas, hay que mantener un estudio sostenido en per\u00edodos m\u00e1s largos. Dejar el estudio para \u00faltimo momento no va a dar buenos resultados. Si bien puede parecer que las materias no son muchas m\u00e1s que las que ten\u00edamos en el bachillerato, lo que s\u00ed cambia radicalmente es la cantidad de material que debemos estudiar y la calidad de los textos. Saber que debemos dedicar bastante tiempo de estudio a cada materia nos ayudar\u00e1 a planificar el estudio con anticipaci\u00f3n para no sentirnos frustrados cuando todas las evaluaciones se nos vengan encima.<\/span><\/p><p style=\"font-style: normal;font-weight: 300;font-size: 16px;font-family: Lato;text-indent: 0px;color: #555555\"><span style=\"color: #333333\">Para muchos dedicar todo el d\u00eda a estudiar una sola materia puede resultar pesado y para otros no. Es importante decidir si durante el tiempo de estudio del que dispon\u00e9s vas a estudiar una o varias materias a la vez. Eso depende de c\u00f3mo te rinda mejor el tiempo. Debemos conocer nuestras formas de estudio y nuestra capacidad de organizar el tiempo antes de planificar una rutina.\u00a0<strong>Lo bueno de la cuarentena es que al no tener (o tener menos) actividades fuera de la casa, pod\u00e9s ir midiendo qu\u00e9 estrategias te sirven m\u00e1s y conocer cu\u00e1l es tu ritmo.<\/strong><\/span><\/p><p style=\"font-style: normal;font-weight: 300;font-size: 16px;font-family: Lato;text-indent: 0px;color: #555555\"><span style=\"color: #333333\">En estos tiempos, una buena idea es mantener los horarios de las clases (ya que son momentos del d\u00eda que ya estaban destinados a eso) para estudiar las materias correspondientes. En varias facultades muchas materias mantienen una clase virtual o un espacio de consulta en los d\u00edas y horarios asignados, \u00a1aprovechalo!\u00a0<\/span><\/p><h4 style=\"font-style: normal\" data-fontsize=\"36.48\" data-lineheight=\"47.424px\"><span>Planificaci\u00f3n<\/span><\/h4><p style=\"font-style: normal;font-weight: 300;font-size: 16px;font-family: Lato;text-indent: 0px;color: #555555\"><span style=\"color: #333333\">Tener una rutina o armarse un plan de trabajo es tan importante como organizar el tiempo. La cantidad de materias exige que nos fijemos metas y objetivos teniendo en cuenta todo lo que tenemos que estudiar.\u00a0<strong>Es necesario planificar en funci\u00f3n del tiempo real que se tiene<\/strong>\u00a0para dedicarle al estudio pero tambi\u00e9n hay que definir las prioridades.<\/span><\/p><p style=\"font-style: normal;font-weight: 300;font-size: 16px;font-family: Lato;text-indent: 0px;color: #555555\"><span style=\"color: #333333\">Para planificar es fundamental conocer y revisar la cantidad de lecturas que debemos hacer para cada evaluaci\u00f3n (no s\u00f3lo fiarse de las lecturas que se hacen durante las clases). Para esto hay que conocer la bibliograf\u00eda obligatoria del curso, y saber d\u00f3nde se pueden encontrar todos los textos. En general esa informaci\u00f3n se encuentra en la plataforma EVA y los docentes la van actualizando a medida que avanza el curso. Adem\u00e1s, el portal Timb\u00f3 puso a disposici\u00f3n una serie de libros\u00a0<a style=\"color: #333333\" href=\"https:\/\/biblo.timbo.org.uy\/opac\/?fbclid=IwAR1lKQ0A5lAS3-zfnel_vm9JcWMyQyY_8_-31uHeTCAXGTJCSxZjpLlcIbI#\">de estudio para descargar<\/a>\u00a0organizado por facultades, que pueden serte \u00fatiles. Si est\u00e1s perdido, consult\u00e1 los foros de dudas o hac\u00e9 una pregunta por ese medio; es posible que otros estudiantes te respondan. Despu\u00e9s de haber probado por ese lado, tambi\u00e9n pod\u00e9s escribir un correo a la c\u00e1tedra. Es tu derecho y tu deber como estudiante estar informado sobre las exigencias del curso para poder estudiar con responsabilidad.<\/span><\/p><p style=\"font-style: normal;font-weight: 300;font-size: 16px;font-family: Lato;text-indent: 0px;color: #555555\"><span style=\"color: #333333\">En estos tiempos,\u00a0<strong>una buena idea es organizar todo el material<\/strong>\u00a0que puedas juntar y tenerlo separado por materias para que cuando sea el momento adecuado puedas contar con todo lo necesario para poder estudiar. Este es un consejo que te servir\u00e1 tambi\u00e9n para cuando salgamos de la emergencia.<\/span><\/p><h4 style=\"font-style: normal\" data-fontsize=\"36.48\" data-lineheight=\"47.424px\"><span>Contexto<\/span><\/h4><p style=\"font-style: normal;font-weight: 300;font-size: 16px;font-family: Lato;text-indent: 0px;color: #555555\"><span style=\"color: #333333\">Elegir un lugar adecuado para el estudio es muy importante. Este lugar debe tener buena luz, una mesa para desplegar tus materiales o computadora y de ser posible que sea un lugar alejado de las distracciones e interrupciones. Evitar distractores como el tel\u00e9fono celular y hacer breves pausas para caminar y estirar har\u00e1 que el tiempo dedicado al estudio rinda mejor.\u00a0\u00a0<\/span><span style=\"color: #333333\">En estos tiempos donde probablemente no haya espacios ideales para que puedas estudiar, prob\u00e1 alternativas como levantarte m\u00e1s temprano que tu familia o estudiar por la noche. Escuchar m\u00fasica instrumental con auriculares tambi\u00e9n es una forma de cortar con el ruido ambiente.<\/span><\/p><p style=\"font-style: normal;font-weight: 300;font-size: 16px;font-family: Lato;text-indent: 0px;color: #555555\"><span style=\"color: #333333\">Tambi\u00e9n es importante que, a la hora de organizar tus rutinas, tengas en cuenta las necesidades de las personas con las que est\u00e1s conviviendo adem\u00e1s de las tuyas, para que se puedan repartir los espacios de trabajo y tambi\u00e9n las tareas de mantenimiento del hogar y organizaci\u00f3n de la vida cotidiana. Esta etapa nos exige organizar nuestras formas de estudio, pero tambi\u00e9n nuestras formas de alimentaci\u00f3n, de mantenimiento del espacio y de esparcimiento, en muchos casos de forma colectiva. Si hacemos una rutina donde no tenemos en cuenta a los otros puede que estas no funcionen adecuadamente, por lo que la comunicaci\u00f3n con aquellas personas con las que estamos conviviendo es fundamental, y la planificaci\u00f3n conjunta tambi\u00e9n. No tenemos que hacer todas las cosas juntos, pero s\u00ed buscar formas de organizaci\u00f3n del tiempo que nos permitan articular necesidades personales y colectivas, para que todos podamos tener espacios para nuestras tareas.<\/span><\/p><h4 style=\"font-style: normal\" data-fontsize=\"36.48\" data-lineheight=\"47.424px\"><span>Distracci\u00f3n<\/span><\/h4><p style=\"font-style: normal;font-weight: 300;font-size: 16px;font-family: Lato;text-indent: 0px;color: #555555\"><span style=\"color: #333333\">La planificaci\u00f3n y la organizaci\u00f3n del tiempo siempre debe estar acompa\u00f1ada de momentos de recreo y cuando termines la tarea \u00a1date un gusto! El que m\u00e1s te haga feliz.<\/span><\/p><\/div>\n\t\t\t\t<\/div>\n\t\t\t\t<\/div>\n\t\t\t\t\t\t<\/div>\n\t\t\t\t\t<\/div>\n\t\t<\/div>\n\t\t\t\t<div class=\"elementor-column elementor-col-33 elementor-top-column elementor-element elementor-element-ef65d0a\" data-id=\"ef65d0a\" data-element_type=\"column\">\n\t\t\t<div class=\"elementor-column-wrap elementor-element-populated\">\n\t\t\t\t\t\t\t<div class=\"elementor-widget-wrap\">\n\t\t\t\t\t\t<div class=\"elementor-element elementor-element-fc30c2e elementor-widget elementor-widget-image\" data-id=\"fc30c2e\" data-element_type=\"widget\" data-widget_type=\"image.default\">\n\t\t\t\t<div class=\"elementor-widget-container\">\n\t\t\t\t\t<div class=\"elementor-image\">\n\t\t\t\t\t\t\t\t\t\t<img width=\"726\" height=\"1024\" src=\"https:\/\/www.cse.udelar.edu.uy\/progresa\/wp-content\/uploads\/sites\/11\/2020\/04\/web-progresaMesa-de-trabajo-7-copia-5-726x1024.jpg\" class=\"attachment-large size-large\" alt=\"\" loading=\"lazy\" srcset=\"https:\/\/www.cse.udelar.edu.uy\/progresa\/wp-content\/uploads\/sites\/11\/2020\/04\/web-progresaMesa-de-trabajo-7-copia-5-142x200.jpg 142w, https:\/\/www.cse.udelar.edu.uy\/progresa\/wp-content\/uploads\/sites\/11\/2020\/04\/web-progresaMesa-de-trabajo-7-copia-5-213x300.jpg 213w, https:\/\/www.cse.udelar.edu.uy\/progresa\/wp-content\/uploads\/sites\/11\/2020\/04\/web-progresaMesa-de-trabajo-7-copia-5-726x1024.jpg 726w, https:\/\/www.cse.udelar.edu.uy\/progresa\/wp-content\/uploads\/sites\/11\/2020\/04\/web-progresaMesa-de-trabajo-7-copia-5-768x1083.jpg 768w, https:\/\/www.cse.udelar.edu.uy\/progresa\/wp-content\/uploads\/sites\/11\/2020\/04\/web-progresaMesa-de-trabajo-7-copia-5-1090x1536.jpg 1090w, https:\/\/www.cse.udelar.edu.uy\/progresa\/wp-content\/uploads\/sites\/11\/2020\/04\/web-progresaMesa-de-trabajo-7-copia-5-1453x2048.jpg 1453w, https:\/\/www.cse.udelar.edu.uy\/progresa\/wp-content\/uploads\/sites\/11\/2020\/04\/web-progresaMesa-de-trabajo-7-copia-5.jpg 1816w\" sizes=\"(max-width: 726px) 100vw, 726px\" \/>\t\t\t\t\t\t\t\t\t\t\t<\/div>\n\t\t\t\t<\/div>\n\t\t\t\t<\/div>\n\t\t\t\t\t\t<\/div>\n\t\t\t\t\t<\/div>\n\t\t<\/div>\n\t\t\t\t\t\t\t\t<\/div>\n\t\t\t\t\t<\/div>\n\t\t<\/section>\n\t\t\t\t\t\t<\/div>\n\t\t\t\t\t\t<\/div>\n\t\t\t\t\t<\/div>\n\t\t","protected":false},"excerpt":{"rendered":"<p>Estudiar es una de esas actividades que requieren disciplina\u00a0y, en ese sentido, podemos acercarte algunas ideas de qu\u00e9 cosas son esenciales cuando decid\u00eds ponerte a entender y aprender de los textos en el marco de los estudios universitarios, para que el tiempo que le dediques te rinda de la mejor &hellip;<\/p>\n","protected":false},"author":5,"featured_media":0,"parent":0,"menu_order":0,"comment_status":"closed","ping_status":"closed","template":"","meta":[],"_links":{"self":[{"href":"https:\/\/www.cse.udelar.edu.uy\/progresa\/wp-json\/wp\/v2\/pages\/899"}],"collection":[{"href":"https:\/\/www.cse.udelar.edu.uy\/progresa\/wp-json\/wp\/v2\/pages"}],"about":[{"href":"https:\/\/www.cse.udelar.edu.uy\/progresa\/wp-json\/wp\/v2\/types\/page"}],"author":[{"embeddable":true,"href":"https:\/\/www.cse.udelar.edu.uy\/progresa\/wp-json\/wp\/v2\/users\/5"}],"replies":[{"embeddable":true,"href":"https:\/\/www.cse.udelar.edu.uy\/progresa\/wp-json\/wp\/v2\/comments?post=899"}],"version-history":[{"count":9,"href":"https:\/\/www.cse.udelar.edu.uy\/progresa\/wp-json\/wp\/v2\/pages\/899\/revisions"}],"predecessor-version":[{"id":1938,"href":"https:\/\/www.cse.udelar.edu.uy\/progresa\/wp-json\/wp\/v2\/pages\/899\/revisions\/1938"}],"wp:attachment":[{"href":"https:\/\/www.cse.udelar.edu.uy\/progresa\/wp-json\/wp\/v2\/media?parent=899"}],"curies":[{"name":"wp","href":"https:\/\/api.w.org\/{rel}","templated":true}]}}