{"id":925,"date":"2020-04-21T21:55:33","date_gmt":"2020-04-22T00:55:33","guid":{"rendered":"https:\/\/www.cse.udelar.edu.uy\/progresa\/?page_id=925"},"modified":"2020-07-31T02:51:25","modified_gmt":"2020-07-31T05:51:25","slug":"925-2","status":"publish","type":"page","link":"https:\/\/www.cse.udelar.edu.uy\/progresa\/925-2\/","title":{"rendered":"Lecturas de cuarentena"},"content":{"rendered":"\t\t<div data-elementor-type=\"wp-page\" data-elementor-id=\"925\" class=\"elementor elementor-925\" data-elementor-settings=\"[]\">\n\t\t\t\t\t\t<div class=\"elementor-inner\">\n\t\t\t\t\t\t\t<div class=\"elementor-section-wrap\">\n\t\t\t\t\t\t\t<section class=\"elementor-section elementor-top-section elementor-element elementor-element-e2fccae elementor-section-boxed elementor-section-height-default elementor-section-height-default\" data-id=\"e2fccae\" data-element_type=\"section\">\n\t\t\t\t\t\t<div class=\"elementor-container elementor-column-gap-default\">\n\t\t\t\t\t\t\t<div class=\"elementor-row\">\n\t\t\t\t\t<div class=\"elementor-column elementor-col-66 elementor-top-column elementor-element elementor-element-79c97cf\" data-id=\"79c97cf\" data-element_type=\"column\">\n\t\t\t<div class=\"elementor-column-wrap elementor-element-populated\">\n\t\t\t\t\t\t\t<div class=\"elementor-widget-wrap\">\n\t\t\t\t\t\t<div class=\"elementor-element elementor-element-77a68d0 elementor-widget elementor-widget-text-editor\" data-id=\"77a68d0\" data-element_type=\"widget\" data-widget_type=\"text-editor.default\">\n\t\t\t\t<div class=\"elementor-widget-container\">\n\t\t\t\t\t<div class=\"elementor-text-editor elementor-clearfix\"><p style=\"font-style: normal;font-weight: 300;font-size: 16px;font-family: Lato;text-indent: 0px;color: #555555\"><span style=\"color: #333333\"><strong>En estos d\u00edas de cuarentena y coronavirus estamos, sin duda, leyendo un mont\u00f3n<\/strong>: art\u00edculos de diario, informes de cient\u00edficos, mensajes de amigos y familia, posteos en las redes sociales\u2026 En medio de tanta lectura para estar informados y para estar en contacto con los dem\u00e1s, te proponemos\u00a0 realizar otro tipo de lecturas que permiten hacer frente a lo que est\u00e1 sucediendo de otra manera.<\/span><\/p><p style=\"font-style: normal;font-weight: 300;font-size: 16px;font-family: Lato;text-indent: 0px;color: #555555\"><span style=\"color: #333333\">Como todos sabemos las bibliotecas est\u00e1n cerradas. Las librer\u00edas, en cambio, siguen abiertas y algunas tienen servicio de env\u00edo a domicilio (recomendamos esta \u00faltima opci\u00f3n). Sin embargo, lo que ha cambiado es que ahora tenemos tiempo para revisar muchas opciones en l\u00ednea, que a veces ni sabemos que existen. Adem\u00e1s, algunas editoriales y repositorios en l\u00ednea (que generalmente suelen ser pagos), est\u00e1n permitiendo descargar o acceder a obras.\u00a0<strong>Esto no va a durar para siempre, \u00a1as\u00ed que te proponemos aprovecharlo!<\/strong><\/span><\/p><p style=\"font-style: normal;font-weight: 300;font-size: 16px;font-family: Lato;text-indent: 0px;color: #555555\"><span style=\"color: #333333\">Vamos de lo m\u00e1s general a lo m\u00e1s particular. En la biblioteca del\u00a0<span style=\"color: #333399\"><strong><a style=\"color: #333399\" href=\"http:\/\/www.gutenberg.org\/wiki\/Main_Page\">Proyecto Gutenberg<\/a><\/strong><\/span>\u00a0(fundada en 1971 para digitalizar libros existentes) hay m\u00e1s de 60 mil libros a disposici\u00f3n, sobre todo textos cl\u00e1sicos (son todos libros que est\u00e1n en dominio p\u00fablico), que se pueden descargar en formato pdf, mobi y e-pub (estos \u00faltimos sirven para los dispositivos de lectura electr\u00f3nicos), tambi\u00e9n se puede leer en l\u00ednea. Por ejemplo, ya que tenemos tiempo, ac\u00e1 est\u00e1 la historia del ingenioso hidalgo\u00a0<a style=\"color: #333333\" href=\"http:\/\/www.gutenberg.org\/ebooks\/2000\"><span style=\"color: #333399\"><strong>Don Quijote de la Mancha<\/strong><\/span><\/a>. Otro repositorio en l\u00ednea que fue creado especialmente para estos d\u00edas es la\u00a0<a style=\"color: #333333\" href=\"https:\/\/archive.org\/details\/nationalemergencylibrary\"><span style=\"color: #333399\"><strong>National Emergency Library\u00a0<\/strong><\/span><\/a>donde se puede buscar libros por idioma, fecha o palabra clave.<\/span><\/p><p style=\"font-style: normal;font-weight: 300;font-size: 16px;font-family: Lato;text-indent: 0px;color: #555555\"><span style=\"color: #333333\">En nuestro pa\u00eds est\u00e1 la\u00a0<span style=\"color: #333399\"><strong><a style=\"color: #333399\" href=\"https:\/\/bibliotecadigital.ceibal.edu.uy\/opac\/?locale=es#indice\">Biblioteca Pa\u00eds<\/a><\/strong><\/span>\u00a0del Plan Ceibal, que tambi\u00e9n tiene una app para descargar y leer en el tel\u00e9fono o en una\u00a0<em>tablet<\/em>. Hay que hacerse un usuario con la c\u00e9dula de identidad y a partir de ah\u00ed\u00a0<strong>se puede acceder a much\u00edsima literatura contempor\u00e1nea, de ac\u00e1 y de muchos lados<\/strong>. Pod\u00e9s leer, por ejemplo, un cl\u00e1sico de Mario Benedetti,\u00a0<i>Montevideanos,<\/i>\u00a0o una selecci\u00f3n de cuentos de Mario Levrero, adem\u00e1s de much\u00edsima narrativa de autores contempor\u00e1neos, libros para ni\u00f1os, libros en lengua de se\u00f1as\u2026 Tambi\u00e9n\u00a0<i>Sobre los huesos de los muertos<\/i>, novela de la \u00faltima premio Nobel, la polaca Olga Tokarczuk o\u00a0<i>Los detectives salvajes,<\/i>\u00a0del chileno Roberto Bola\u00f1o.<\/span><\/p><p style=\"font-style: normal;font-weight: 300;font-size: 16px;font-family: Lato;text-indent: 0px;color: #555555\"><span style=\"color: #333333\">Tenemos, adem\u00e1s, creaci\u00f3n de nuestra Universidad de la Rep\u00fablica, el portal\u00a0<span style=\"color: #333399\"><strong><a style=\"color: #333399\" href=\"http:\/\/anaforas.fic.edu.uy\/jspui\/\">An\u00e1foras<\/a><\/strong><\/span>\u00a0que pone a disposici\u00f3n una cantidad de materiales digitalizados, revistas y diarios de todas las \u00e9pocas, una serie de estudios, de obras y materiales de archivo (fotos, correspondencia) sobre autores uruguayos. Por ejemplo, un mont\u00f3n de informaci\u00f3n y documentos sobre\u00a0<span style=\"color: #333399\"><strong><a style=\"color: #333399\" href=\"http:\/\/www.autoresdeluruguay.uy\/biblioteca\/Francisco_Piria\/doku.php?id=presentacion\">Francisco Piria<\/a><\/strong><\/span>\u00a0o\u00a0<a style=\"color: #333333\" href=\"http:\/\/anaforas.fic.edu.uy\/jspui\/handle\/123456789\/38166\"><span style=\"color: #333399\"><strong>Armon\u00eda Somers<\/strong><\/span><\/a>. En el repositorio<span style=\"color: #333399\"><strong>\u00a0<a style=\"color: #333399\" href=\"https:\/\/www.colibri.udelar.edu.uy\/jspui\/\">Colibri<\/a><\/strong><\/span>, tambi\u00e9n de la Udelar, se encuentra gran parte de la producci\u00f3n de los investigadores de nuestra universidad: art\u00edculos, tesis, informes, de todas las disciplinas.<\/span><\/p><p style=\"font-style: normal;font-weight: 300;font-size: 16px;font-family: Lato;text-indent: 0px;color: #555555\"><span style=\"color: #333333\">Si te faltan ideas sobre qu\u00e9 leer, en\u00a0<span style=\"color: #333399\"><strong><a style=\"color: #333399\" href=\"https:\/\/elpais.com\/cultura\/2020\/03\/20\/babelia\/1584723621_059251.html\">este art\u00edculo de El Pa\u00eds<\/a><\/strong><\/span>\u00a0de Madrid, Espa\u00f1a, distintos autores nos cuentan qu\u00e9 libros est\u00e1n leyendo ahora. Si se te cansa la vista, la Universidad Nacional San Mart\u00edn tiene una serie de\u00a0<a style=\"color: #333333\" href=\"http:\/\/www.unsamedita.unsam.edu.ar\/audiolibros\/\"><span style=\"color: #333399\"><strong>audiolibros de literatura latinoamericana<\/strong><\/span><\/a>\u00a0le\u00eddos por actores. Y aqu\u00ed\u00a0<a style=\"color: #333333\" href=\"https:\/\/diariofemenino.com.ar\/escritos-por-mujeres-140-libros-para-descargar-gratis-en-pdf\/?fbclid=IwAR32wztz3LkX3Y8ElfZR73NBC6JwRoGPYLHOOIazGlh55P_6UH68SRAYmJI\"><span style=\"color: #333399\"><strong>140 libros escritos por mujeres<\/strong><\/span><\/a>\u00a0(es necesario solicitar el acceso, es un archivo de Google Drive).<\/span><\/p><p style=\"font-style: normal;font-weight: 300;font-size: 16px;font-family: Lato;text-indent: 0px;color: #555555\"><span style=\"color: #333333\">Como ven, hay much\u00edsimo para disfrutar de la lectura en estos d\u00edas.\u00a0<strong>Para despedirnos les dejamos una sugerencia propia de estos tiempos, un cuento de Marta Sanz especialmente escrito para la cuarentena que se llama\u00a0<a style=\"color: #333333\" href=\"https:\/\/www.anagrama-ed.es\/noticias\/general\/marta-sanz-nos-regala-un-relato-para-los-dias-de-cuarentena-449\"><span style=\"color: #333399\">Scherezade en el bunker<\/span><\/a><\/strong><span>.<\/span><\/span><\/p><p style=\"font-style: normal;font-weight: 300;font-size: 16px;font-family: Lato;text-indent: 0px;color: #555555\"><span style=\"color: #333333\"><span>\u00a1<\/span>No se lo pierdan!<\/span><\/p><\/div>\n\t\t\t\t<\/div>\n\t\t\t\t<\/div>\n\t\t\t\t\t\t<\/div>\n\t\t\t\t\t<\/div>\n\t\t<\/div>\n\t\t\t\t<div class=\"elementor-column elementor-col-33 elementor-top-column elementor-element elementor-element-8d56182\" data-id=\"8d56182\" data-element_type=\"column\">\n\t\t\t<div class=\"elementor-column-wrap elementor-element-populated\">\n\t\t\t\t\t\t\t<div class=\"elementor-widget-wrap\">\n\t\t\t\t\t\t<div class=\"elementor-element elementor-element-e8d3da2 elementor-widget elementor-widget-image\" data-id=\"e8d3da2\" data-element_type=\"widget\" data-widget_type=\"image.default\">\n\t\t\t\t<div class=\"elementor-widget-container\">\n\t\t\t\t\t<div class=\"elementor-image\">\n\t\t\t\t\t\t\t\t\t\t<img width=\"726\" height=\"1024\" src=\"https:\/\/www.cse.udelar.edu.uy\/progresa\/wp-content\/uploads\/sites\/11\/2020\/04\/web-progresaMesa-de-trabajo-7-copia-4-726x1024.jpg\" class=\"attachment-large size-large\" alt=\"\" loading=\"lazy\" srcset=\"https:\/\/www.cse.udelar.edu.uy\/progresa\/wp-content\/uploads\/sites\/11\/2020\/04\/web-progresaMesa-de-trabajo-7-copia-4-142x200.jpg 142w, https:\/\/www.cse.udelar.edu.uy\/progresa\/wp-content\/uploads\/sites\/11\/2020\/04\/web-progresaMesa-de-trabajo-7-copia-4-213x300.jpg 213w, https:\/\/www.cse.udelar.edu.uy\/progresa\/wp-content\/uploads\/sites\/11\/2020\/04\/web-progresaMesa-de-trabajo-7-copia-4-726x1024.jpg 726w, https:\/\/www.cse.udelar.edu.uy\/progresa\/wp-content\/uploads\/sites\/11\/2020\/04\/web-progresaMesa-de-trabajo-7-copia-4-768x1083.jpg 768w, https:\/\/www.cse.udelar.edu.uy\/progresa\/wp-content\/uploads\/sites\/11\/2020\/04\/web-progresaMesa-de-trabajo-7-copia-4-1090x1536.jpg 1090w, https:\/\/www.cse.udelar.edu.uy\/progresa\/wp-content\/uploads\/sites\/11\/2020\/04\/web-progresaMesa-de-trabajo-7-copia-4-1453x2048.jpg 1453w, https:\/\/www.cse.udelar.edu.uy\/progresa\/wp-content\/uploads\/sites\/11\/2020\/04\/web-progresaMesa-de-trabajo-7-copia-4.jpg 1816w\" sizes=\"(max-width: 726px) 100vw, 726px\" \/>\t\t\t\t\t\t\t\t\t\t\t<\/div>\n\t\t\t\t<\/div>\n\t\t\t\t<\/div>\n\t\t\t\t\t\t<\/div>\n\t\t\t\t\t<\/div>\n\t\t<\/div>\n\t\t\t\t\t\t\t\t<\/div>\n\t\t\t\t\t<\/div>\n\t\t<\/section>\n\t\t\t\t\t\t<\/div>\n\t\t\t\t\t\t<\/div>\n\t\t\t\t\t<\/div>\n\t\t","protected":false},"excerpt":{"rendered":"<p>En estos d\u00edas de cuarentena y coronavirus estamos, sin duda, leyendo un mont\u00f3n: art\u00edculos de diario, informes de cient\u00edficos, mensajes de amigos y familia, posteos en las redes sociales\u2026 En medio de tanta lectura para estar informados y para estar en contacto con los dem\u00e1s, te proponemos\u00a0 realizar otro tipo &hellip;<\/p>\n","protected":false},"author":5,"featured_media":0,"parent":0,"menu_order":0,"comment_status":"closed","ping_status":"closed","template":"","meta":[],"_links":{"self":[{"href":"https:\/\/www.cse.udelar.edu.uy\/progresa\/wp-json\/wp\/v2\/pages\/925"}],"collection":[{"href":"https:\/\/www.cse.udelar.edu.uy\/progresa\/wp-json\/wp\/v2\/pages"}],"about":[{"href":"https:\/\/www.cse.udelar.edu.uy\/progresa\/wp-json\/wp\/v2\/types\/page"}],"author":[{"embeddable":true,"href":"https:\/\/www.cse.udelar.edu.uy\/progresa\/wp-json\/wp\/v2\/users\/5"}],"replies":[{"embeddable":true,"href":"https:\/\/www.cse.udelar.edu.uy\/progresa\/wp-json\/wp\/v2\/comments?post=925"}],"version-history":[{"count":15,"href":"https:\/\/www.cse.udelar.edu.uy\/progresa\/wp-json\/wp\/v2\/pages\/925\/revisions"}],"predecessor-version":[{"id":1305,"href":"https:\/\/www.cse.udelar.edu.uy\/progresa\/wp-json\/wp\/v2\/pages\/925\/revisions\/1305"}],"wp:attachment":[{"href":"https:\/\/www.cse.udelar.edu.uy\/progresa\/wp-json\/wp\/v2\/media?parent=925"}],"curies":[{"name":"wp","href":"https:\/\/api.w.org\/{rel}","templated":true}]}}